{"id":12551,"date":"2024-12-05T15:53:32","date_gmt":"2024-12-05T13:53:32","guid":{"rendered":"https:\/\/www.2ha.gr\/?post_type=product&#038;p=12551"},"modified":"2024-12-05T15:54:36","modified_gmt":"2024-12-05T13:54:36","slug":"khaki-canvas-trousers-hardwear","status":"publish","type":"product","link":"https:\/\/www.2ha.gr\/de\/product\/khaki-canvas-trousers-hardwear\/","title":{"rendered":"Khaki Canvas Trousers &#8222;Hardwear&#8220;"},"content":{"rendered":"<p>Die strapazierf\u00e4hige, bequeme und stilvolle &#8222;Hardwear&#8220;-Hose besteht zu 100 % aus hochwertigem Segeltuch und ist die ideale Wahl f\u00fcr Profis in der Gastronomie und dar\u00fcber hinaus. Ihr minimalistisches Design kombiniert Funktionalit\u00e4t und Stil.<\/p>\n<p>Sie verf\u00fcgt \u00fcber zwei ger\u00e4umige Taschen f\u00fcr maximale Praktikabilit\u00e4t und einen elastischen &#8222;G\u00fcrtel&#8220; f\u00fcr einen bequemen Sitz w\u00e4hrend des ganzen Tages. Der khakifarbene Farbton verleiht ihr einen zeitlosen und professionellen Charakter und macht sie ideal f\u00fcr den t\u00e4glichen Gebrauch und die Arbeitsumgebung.<\/p>\n<p>Kombinieren Sie ihn mit dem khakifarbenen Kimono aus der gleichen Serie, um einen professionellen Look zu erzielen.<\/p>\n<ul>\n<li><strong>Material:<\/strong> 100% Baumwoll-Canvas<\/li>\n<li><strong>Merkmale:<\/strong> Elastischer Bund, Taschen<\/li>\n<li><strong>Pflegehinweise:<\/strong> Maschinenwaschbar bei niedriger Temperatur<\/li>\n<\/ul>\n<p><\/p>","protected":false},"excerpt":{"rendered":"<p>Die strapazierf\u00e4hige, bequeme und stilvolle &#8222;Hardwear&#8220;-Hose besteht zu 100 % aus hochwertigem Segeltuch und ist die ideale Wahl f\u00fcr Profis in der Gastronomie und dar\u00fcber hinaus. Ihr minimalistisches Design kombiniert Funktionalit\u00e4t und Stil.<\/p>\n<p>Sie verf\u00fcgt \u00fcber zwei ger\u00e4umige Taschen f\u00fcr maximale Praktikabilit\u00e4t und einen elastischen &#8222;G\u00fcrtel&#8220; f\u00fcr einen bequemen Sitz w\u00e4hrend des ganzen Tages. Der khakifarbene Farbton verleiht ihr einen zeitlosen und professionellen Charakter und macht sie ideal f\u00fcr den t\u00e4glichen Gebrauch und die Arbeitsumgebung.<\/p>\n<p>Kombinieren Sie ihn mit dem khakifarbenen Kimono aus der gleichen Serie, um einen professionellen Look zu erzielen.<\/p>\n<ul>\n<li><strong>Material:<\/strong> 100% Baumwoll-Canvas<\/li>\n<li><strong>Merkmale:<\/strong> Elastischer Bund, Taschen<\/li>\n<li><strong>Pflegehinweise:<\/strong> Maschinenwaschbar bei niedriger Temperatur<\/li>\n<\/ul>\n","protected":false},"featured_media":12514,"comment_status":"closed","ping_status":"closed","template":"","meta":[],"product_cat":[25],"product_tag":[],"class_list":{"0":"post-12551","1":"product","2":"type-product","3":"status-publish","4":"has-post-thumbnail","6":"product_cat-little-2ha","8":"first","9":"instock","10":"taxable","11":"shipping-taxable","12":"purchasable","13":"product-type-variable"},"_links":{"self":[{"href":"https:\/\/www.2ha.gr\/de\/wp-json\/wp\/v2\/product\/12551","targetHints":{"allow":["GET"]}}],"collection":[{"href":"https:\/\/www.2ha.gr\/de\/wp-json\/wp\/v2\/product"}],"about":[{"href":"https:\/\/www.2ha.gr\/de\/wp-json\/wp\/v2\/types\/product"}],"replies":[{"embeddable":true,"href":"https:\/\/www.2ha.gr\/de\/wp-json\/wp\/v2\/comments?post=12551"}],"wp:featuredmedia":[{"embeddable":true,"href":"https:\/\/www.2ha.gr\/de\/wp-json\/wp\/v2\/media\/12514"}],"wp:attachment":[{"href":"https:\/\/www.2ha.gr\/de\/wp-json\/wp\/v2\/media?parent=12551"}],"wp:term":[{"taxonomy":"product_cat","embeddable":true,"href":"https:\/\/www.2ha.gr\/de\/wp-json\/wp\/v2\/product_cat?post=12551"},{"taxonomy":"product_tag","embeddable":true,"href":"https:\/\/www.2ha.gr\/de\/wp-json\/wp\/v2\/product_tag?post=12551"}],"curies":[{"name":"wp","href":"https:\/\/api.w.org\/{rel}","templated":true}]}}