{"id":12581,"date":"2024-12-10T15:27:56","date_gmt":"2024-12-10T13:27:56","guid":{"rendered":"https:\/\/www.2ha.gr\/?post_type=product&#038;p=12581"},"modified":"2024-12-10T15:29:07","modified_gmt":"2024-12-10T13:29:07","slug":"ebony-elegance-shirt","status":"publish","type":"product","link":"https:\/\/www.2ha.gr\/de\/product\/ebony-elegance-shirt\/","title":{"rendered":"Ebony Elegance Shirt"},"content":{"rendered":"<p>Entdecken Sie das ultimative schwarze Hemd, das Eleganz mit modernem Design verbindet. Das <strong>Ebony Elegance Hemd<\/strong> verf\u00fcgt \u00fcber hochwertige Metallkn\u00f6pfe und einzigartige Details mit dekorativen Motiven in Wei\u00df. Perfekt f\u00fcr Business-Looks oder l\u00e4ssige Chic-Optionen, bietet dieses Hemd Komfort und Stil f\u00fcr jede Gelegenheit.<\/p>\n<p><strong>Merkmale:<\/strong><\/p>\n<ul>\n<li>Hochwertiger Stoff, der nicht leicht knittert.<\/li>\n<li>Hochwertiger Stoff, der nicht leicht verrutscht und leicht zu tragen ist.<\/li>\n<li>Besondere Details am Kragen und an den N\u00e4hten.<\/li>\n<li>Handgefertigte Konstruktion von <strong>Little 2HA<\/strong>.<\/li>\n<\/ul>\n<p><\/p>","protected":false},"excerpt":{"rendered":"<p>Entdecken Sie das ultimative schwarze Hemd, das Eleganz mit modernem Design verbindet. Das <strong>Ebony Elegance Hemd<\/strong> verf\u00fcgt \u00fcber hochwertige Metallkn\u00f6pfe und einzigartige Details mit dekorativen Motiven in Wei\u00df. Perfekt f\u00fcr Business-Looks oder l\u00e4ssige Chic-Optionen, bietet dieses Hemd Komfort und Stil f\u00fcr jede Gelegenheit.<\/p>\n<p><strong>Merkmale:<\/strong><\/p>\n<ul>\n<li>Hochwertiger Stoff, der nicht leicht knittert.<\/li>\n<li>Hochwertiger Stoff, der nicht leicht verrutscht und leicht zu tragen ist.<\/li>\n<li>Besondere Details am Kragen und an den N\u00e4hten.<\/li>\n<li>Handgefertigte Konstruktion von <strong>Little 2HA<\/strong>.<\/li>\n<\/ul>\n","protected":false},"featured_media":12578,"comment_status":"closed","ping_status":"closed","template":"","meta":[],"product_cat":[25],"product_tag":[],"class_list":{"0":"post-12581","1":"product","2":"type-product","3":"status-publish","4":"has-post-thumbnail","6":"product_cat-little-2ha","8":"first","9":"instock","10":"taxable","11":"shipping-taxable","12":"purchasable","13":"product-type-variable"},"_links":{"self":[{"href":"https:\/\/www.2ha.gr\/de\/wp-json\/wp\/v2\/product\/12581","targetHints":{"allow":["GET"]}}],"collection":[{"href":"https:\/\/www.2ha.gr\/de\/wp-json\/wp\/v2\/product"}],"about":[{"href":"https:\/\/www.2ha.gr\/de\/wp-json\/wp\/v2\/types\/product"}],"replies":[{"embeddable":true,"href":"https:\/\/www.2ha.gr\/de\/wp-json\/wp\/v2\/comments?post=12581"}],"wp:featuredmedia":[{"embeddable":true,"href":"https:\/\/www.2ha.gr\/de\/wp-json\/wp\/v2\/media\/12578"}],"wp:attachment":[{"href":"https:\/\/www.2ha.gr\/de\/wp-json\/wp\/v2\/media?parent=12581"}],"wp:term":[{"taxonomy":"product_cat","embeddable":true,"href":"https:\/\/www.2ha.gr\/de\/wp-json\/wp\/v2\/product_cat?post=12581"},{"taxonomy":"product_tag","embeddable":true,"href":"https:\/\/www.2ha.gr\/de\/wp-json\/wp\/v2\/product_tag?post=12581"}],"curies":[{"name":"wp","href":"https:\/\/api.w.org\/{rel}","templated":true}]}}