{"id":12587,"date":"2024-12-10T15:30:44","date_gmt":"2024-12-10T13:30:44","guid":{"rendered":"https:\/\/www.2ha.gr\/?post_type=product&#038;p=12587"},"modified":"2024-12-10T15:30:47","modified_gmt":"2024-12-10T13:30:47","slug":"forest-harmony-shirt","status":"publish","type":"product","link":"https:\/\/www.2ha.gr\/de\/product\/forest-harmony-shirt\/","title":{"rendered":"Forest Harmony Shirt"},"content":{"rendered":"<p>Das <strong>Forest Harmony Shirt<\/strong> bringt Nat\u00fcrlichkeit in eine neue Dimension. Die leuchtend gr\u00fcne Farbe ist von der Natur inspiriert und wird mit farbenfrohen geometrischen Details an der Berga, dem Kragen und den \u00c4rmeln kombiniert. Perfekt f\u00fcr alle, die mit dezentem Luxus und einzigartigem Stil auffallen wollen.<\/p>\n<p><strong>Merkmale:<\/strong><\/p>\n<ul>\n<li>Hergestellt aus hochwertigem Baumwollgewebe.<\/li>\n<li>Einzigartige bunte Details.<\/li>\n<li>Geeignet f\u00fcr Business- und Freizeitgebrauch.<\/li>\n<li>Entworfen und hergestellt in der Werkstatt von <strong>Little 2HA<\/strong>.<\/li>\n<\/ul>\n<p><\/p>","protected":false},"excerpt":{"rendered":"<p>Das <strong>Forest Harmony Shirt<\/strong> bringt Nat\u00fcrlichkeit in eine neue Dimension. Die leuchtend gr\u00fcne Farbe ist von der Natur inspiriert und wird mit farbenfrohen geometrischen Details an der Berga, dem Kragen und den \u00c4rmeln kombiniert. Perfekt f\u00fcr alle, die mit dezentem Luxus und einzigartigem Stil auffallen wollen.<\/p>\n<p><strong>Merkmale:<\/strong><\/p>\n<ul>\n<li>Hergestellt aus hochwertigem Baumwollgewebe.<\/li>\n<li>Einzigartige bunte Details.<\/li>\n<li>Geeignet f\u00fcr Business- und Freizeitgebrauch.<\/li>\n<li>Entworfen und hergestellt in der Werkstatt von <strong>Little 2HA<\/strong>.<\/li>\n<\/ul>\n","protected":false},"featured_media":12559,"comment_status":"closed","ping_status":"closed","template":"","meta":[],"product_cat":[25],"product_tag":[],"class_list":{"0":"post-12587","1":"product","2":"type-product","3":"status-publish","4":"has-post-thumbnail","6":"product_cat-little-2ha","8":"first","9":"instock","10":"taxable","11":"shipping-taxable","12":"purchasable","13":"product-type-variable"},"_links":{"self":[{"href":"https:\/\/www.2ha.gr\/de\/wp-json\/wp\/v2\/product\/12587","targetHints":{"allow":["GET"]}}],"collection":[{"href":"https:\/\/www.2ha.gr\/de\/wp-json\/wp\/v2\/product"}],"about":[{"href":"https:\/\/www.2ha.gr\/de\/wp-json\/wp\/v2\/types\/product"}],"replies":[{"embeddable":true,"href":"https:\/\/www.2ha.gr\/de\/wp-json\/wp\/v2\/comments?post=12587"}],"wp:featuredmedia":[{"embeddable":true,"href":"https:\/\/www.2ha.gr\/de\/wp-json\/wp\/v2\/media\/12559"}],"wp:attachment":[{"href":"https:\/\/www.2ha.gr\/de\/wp-json\/wp\/v2\/media?parent=12587"}],"wp:term":[{"taxonomy":"product_cat","embeddable":true,"href":"https:\/\/www.2ha.gr\/de\/wp-json\/wp\/v2\/product_cat?post=12587"},{"taxonomy":"product_tag","embeddable":true,"href":"https:\/\/www.2ha.gr\/de\/wp-json\/wp\/v2\/product_tag?post=12587"}],"curies":[{"name":"wp","href":"https:\/\/api.w.org\/{rel}","templated":true}]}}