{"id":12599,"date":"2024-12-10T15:38:30","date_gmt":"2024-12-10T13:38:30","guid":{"rendered":"https:\/\/www.2ha.gr\/?post_type=product&#038;p=12599"},"modified":"2024-12-10T15:38:32","modified_gmt":"2024-12-10T13:38:32","slug":"monochrome-heritage-shirt","status":"publish","type":"product","link":"https:\/\/www.2ha.gr\/de\/product\/monochrome-heritage-shirt\/","title":{"rendered":"Monochrome Heritage Shirt"},"content":{"rendered":"<p>Das <strong>Monochrome Heritage Shirt<\/strong> ist ein Hemd, das die Tradition durch einen modernen Designansatz hervorhebt. Mit seinen schwarz-wei\u00dfen Mustern, die von architektonischen Designs inspiriert sind, ist es die richtige Wahl f\u00fcr besondere Anl\u00e4sse, die Eleganz und Stil erfordern.<\/p>\n<p><strong>Eigenschaften:<\/strong><\/p>\n<ul>\n<li>Schwarze und wei\u00dfe traditionelle Motive.<\/li>\n<li>Hochwertiges Material f\u00fcr Langlebigkeit und Komfort.<\/li>\n<li>Hochwertiges, strapazierf\u00e4higes und hochwertiges Material f\u00fcr Langlebigkeit und Haltbarkeit.<\/li>\n<li>Handgefertigte Konstruktion mit Liebe zum Detail.<\/li>\n<\/ul>\n<p><\/p>","protected":false},"excerpt":{"rendered":"<p>Das <strong>Monochrome Heritage Shirt<\/strong> ist ein Hemd, das die Tradition durch einen modernen Designansatz hervorhebt. Mit seinen schwarz-wei\u00dfen Mustern, die von architektonischen Designs inspiriert sind, ist es die richtige Wahl f\u00fcr besondere Anl\u00e4sse, die Eleganz und Stil erfordern.<\/p>\n<p><strong>Eigenschaften:<\/strong><\/p>\n<ul>\n<li>Schwarze und wei\u00dfe traditionelle Motive.<\/li>\n<li>Hochwertiges Material f\u00fcr Langlebigkeit und Komfort.<\/li>\n<li>Hochwertiges, strapazierf\u00e4higes und hochwertiges Material f\u00fcr Langlebigkeit und Haltbarkeit.<\/li>\n<li>Handgefertigte Konstruktion mit Liebe zum Detail.<\/li>\n<\/ul>\n","protected":false},"featured_media":12560,"comment_status":"closed","ping_status":"closed","template":"","meta":[],"product_cat":[25],"product_tag":[],"class_list":{"0":"post-12599","1":"product","2":"type-product","3":"status-publish","4":"has-post-thumbnail","6":"product_cat-little-2ha","8":"first","9":"instock","10":"taxable","11":"shipping-taxable","12":"purchasable","13":"product-type-variable"},"_links":{"self":[{"href":"https:\/\/www.2ha.gr\/de\/wp-json\/wp\/v2\/product\/12599","targetHints":{"allow":["GET"]}}],"collection":[{"href":"https:\/\/www.2ha.gr\/de\/wp-json\/wp\/v2\/product"}],"about":[{"href":"https:\/\/www.2ha.gr\/de\/wp-json\/wp\/v2\/types\/product"}],"replies":[{"embeddable":true,"href":"https:\/\/www.2ha.gr\/de\/wp-json\/wp\/v2\/comments?post=12599"}],"wp:featuredmedia":[{"embeddable":true,"href":"https:\/\/www.2ha.gr\/de\/wp-json\/wp\/v2\/media\/12560"}],"wp:attachment":[{"href":"https:\/\/www.2ha.gr\/de\/wp-json\/wp\/v2\/media?parent=12599"}],"wp:term":[{"taxonomy":"product_cat","embeddable":true,"href":"https:\/\/www.2ha.gr\/de\/wp-json\/wp\/v2\/product_cat?post=12599"},{"taxonomy":"product_tag","embeddable":true,"href":"https:\/\/www.2ha.gr\/de\/wp-json\/wp\/v2\/product_tag?post=12599"}],"curies":[{"name":"wp","href":"https:\/\/api.w.org\/{rel}","templated":true}]}}