{"id":12605,"date":"2024-12-10T15:54:41","date_gmt":"2024-12-10T13:54:41","guid":{"rendered":"https:\/\/www.2ha.gr\/?post_type=product&#038;p=12605"},"modified":"2024-12-10T15:54:44","modified_gmt":"2024-12-10T13:54:44","slug":"black-elegance-set","status":"publish","type":"product","link":"https:\/\/www.2ha.gr\/de\/product\/black-elegance-set\/","title":{"rendered":"Black Elegance Set"},"content":{"rendered":"<p>Das <strong>Black Elegance Set<\/strong> ist die ultimative Wahl f\u00fcr den Essbereich und nicht nur dort. Es verbindet professionelle \u00c4sthetik mit diskreter Eleganz. Das Set umfasst:<\/p>\n<ul>\n<li><strong>Kurz\u00e4rmeliges Hemd:<\/strong> Aus hochwertigem Stoff, mit modernem Kragen und dezenten schwarzen Kn\u00f6pfen. Perfekt f\u00fcr jede Jahreszeit.<\/li>\n<li><strong>Hose:<\/strong> Aus weichem, aber strapazierf\u00e4higem Stoff mit bequemer Passform und elastischem Bund f\u00fcr perfekten Sitz und Bewegungsfreiheit.<\/li>\n<\/ul>\n<p>Dieses Set ist zu 100 % handgefertigt und mit der Signatur von <strong>Little 2ha<\/strong> gen\u00e4ht, um die Qualit\u00e4t und Einzigartigkeit zu gew\u00e4hrleisten, die Sie suchen. Perfekt f\u00fcr Berufst\u00e4tige, die sich von der Masse abheben und gleichzeitig Komfort und Stil bieten wollen.<\/p>\n<p><strong>Erh\u00e4ltlich in allen Gr\u00f6\u00dfen.<\/strong><br \/>\n<strong>Produkt-Code.<\/strong><br \/>\n<strong>Zusammensetzung:<\/strong> 100% Baumwolle<\/p>","protected":false},"excerpt":{"rendered":"<p>Das <strong>Black Elegance Set<\/strong> ist die ultimative Wahl f\u00fcr den Essbereich und nicht nur dort. Es verbindet professionelle \u00c4sthetik mit diskreter Eleganz. Das Set umfasst:<\/p>\n<ul>\n<li><strong>Kurz\u00e4rmeliges Hemd:<\/strong> Aus hochwertigem Stoff, mit modernem Kragen und dezenten schwarzen Kn\u00f6pfen. Perfekt f\u00fcr jede Jahreszeit.<\/li>\n<li><strong>Hose:<\/strong> Aus weichem, aber strapazierf\u00e4higem Stoff mit bequemer Passform und elastischem Bund f\u00fcr perfekten Sitz und Bewegungsfreiheit.<\/li>\n<\/ul>\n<p>Dieses Set ist zu 100 % handgefertigt und mit der Signatur von <strong>Little 2ha<\/strong> gen\u00e4ht, um die Qualit\u00e4t und Einzigartigkeit zu gew\u00e4hrleisten, die Sie suchen. Perfekt f\u00fcr Berufst\u00e4tige, die sich von der Masse abheben und gleichzeitig Komfort und Stil bieten wollen.<\/p>\n<p><strong>Erh\u00e4ltlich in allen Gr\u00f6\u00dfen.<\/strong><br \/>\n<strong>Produkt-Code.<\/strong><br \/>\n<strong>Zusammensetzung:<\/strong> 100% Baumwolle<\/p>\n","protected":false},"featured_media":12562,"comment_status":"closed","ping_status":"closed","template":"","meta":[],"product_cat":[25],"product_tag":[],"class_list":{"0":"post-12605","1":"product","2":"type-product","3":"status-publish","4":"has-post-thumbnail","6":"product_cat-little-2ha","8":"first","9":"instock","10":"taxable","11":"shipping-taxable","12":"purchasable","13":"product-type-variable"},"_links":{"self":[{"href":"https:\/\/www.2ha.gr\/de\/wp-json\/wp\/v2\/product\/12605","targetHints":{"allow":["GET"]}}],"collection":[{"href":"https:\/\/www.2ha.gr\/de\/wp-json\/wp\/v2\/product"}],"about":[{"href":"https:\/\/www.2ha.gr\/de\/wp-json\/wp\/v2\/types\/product"}],"replies":[{"embeddable":true,"href":"https:\/\/www.2ha.gr\/de\/wp-json\/wp\/v2\/comments?post=12605"}],"wp:featuredmedia":[{"embeddable":true,"href":"https:\/\/www.2ha.gr\/de\/wp-json\/wp\/v2\/media\/12562"}],"wp:attachment":[{"href":"https:\/\/www.2ha.gr\/de\/wp-json\/wp\/v2\/media?parent=12605"}],"wp:term":[{"taxonomy":"product_cat","embeddable":true,"href":"https:\/\/www.2ha.gr\/de\/wp-json\/wp\/v2\/product_cat?post=12605"},{"taxonomy":"product_tag","embeddable":true,"href":"https:\/\/www.2ha.gr\/de\/wp-json\/wp\/v2\/product_tag?post=12605"}],"curies":[{"name":"wp","href":"https:\/\/api.w.org\/{rel}","templated":true}]}}