{"id":12868,"date":"2024-12-23T16:16:24","date_gmt":"2024-12-23T14:16:24","guid":{"rendered":"https:\/\/www.2ha.gr\/?post_type=product&#038;p=12868"},"modified":"2025-04-21T10:26:07","modified_gmt":"2025-04-21T07:26:07","slug":"artistic-flair-apron","status":"publish","type":"product","link":"https:\/\/www.2ha.gr\/de\/product\/artistic-flair-apron\/","title":{"rendered":"Artistic Flair Apron"},"content":{"rendered":"<p><strong><em>Die Sch\u00fcrze &#8222;Artistic Flair Apron&#8220; ist eine einzigartige Erg\u00e4nzung f\u00fcr Ihre Sammlung. Mit ihrem lebhaften Muster und den kr\u00e4ftigen Farbkontrasten bringt diese Sch\u00fcrze die Kreativit\u00e4t in jedem professionellen Bereich zum Vorschein. Sie ist aus strapazierf\u00e4higem Baumwollgewebe gefertigt und verf\u00fcgt \u00fcber bequeme Tr\u00e4ger und eine ger\u00e4umige Tasche f\u00fcr maximale Funktionalit\u00e4t.<\/em><\/strong><\/p>\n<p><strong><em>Kreuzgurte halten den Nacken frei von Belastung und passen perfekt zu jedem K\u00f6rpertyp<\/em><\/strong><\/p>\n<p><strong><em>Baumwolle \/ Cool Lining auf der R\u00fcckseite f\u00fcr das beste Gef\u00fchl bei jeder Temperatur<\/em><\/strong><\/p>","protected":false},"excerpt":{"rendered":"<p><strong><em>Die Sch\u00fcrze &#8222;Artistic Flair Apron&#8220; ist eine einzigartige Erg\u00e4nzung f\u00fcr Ihre Sammlung. Mit ihrem lebhaften Muster und den kr\u00e4ftigen Farbkontrasten bringt diese Sch\u00fcrze die Kreativit\u00e4t in jedem professionellen Bereich zum Vorschein. Sie ist aus strapazierf\u00e4higem Baumwollgewebe gefertigt und verf\u00fcgt \u00fcber bequeme Tr\u00e4ger und eine ger\u00e4umige Tasche f\u00fcr maximale Funktionalit\u00e4t.<\/em><\/strong><\/p>\n<p><strong><em>Kreuzgurte halten den Nacken frei von Belastung und passen perfekt zu jedem K\u00f6rpertyp<\/em><\/strong><\/p>\n<p><strong><em>Baumwolle \/ Cool Lining auf der R\u00fcckseite f\u00fcr das beste Gef\u00fchl bei jeder Temperatur<\/em><\/strong><\/p>\n","protected":false},"featured_media":12848,"comment_status":"closed","ping_status":"closed","template":"","meta":[],"product_cat":[57,8,11,12,73,23,7,13,21],"product_tag":[],"class_list":{"0":"post-12868","1":"product","2":"type-product","3":"status-publish","4":"has-post-thumbnail","6":"product_cat-2024-2025","7":"product_cat-artists","8":"product_cat-barista","9":"product_cat-bartender","10":"product_cat-stock-aprons-one-of-a-kind","11":"product_cat-in-stock","12":"product_cat-hospitality","13":"product_cat-service","14":"product_cat-chef","16":"first","17":"outofstock","18":"sale","19":"taxable","20":"shipping-taxable","21":"purchasable","22":"product-type-simple"},"_links":{"self":[{"href":"https:\/\/www.2ha.gr\/de\/wp-json\/wp\/v2\/product\/12868","targetHints":{"allow":["GET"]}}],"collection":[{"href":"https:\/\/www.2ha.gr\/de\/wp-json\/wp\/v2\/product"}],"about":[{"href":"https:\/\/www.2ha.gr\/de\/wp-json\/wp\/v2\/types\/product"}],"replies":[{"embeddable":true,"href":"https:\/\/www.2ha.gr\/de\/wp-json\/wp\/v2\/comments?post=12868"}],"wp:featuredmedia":[{"embeddable":true,"href":"https:\/\/www.2ha.gr\/de\/wp-json\/wp\/v2\/media\/12848"}],"wp:attachment":[{"href":"https:\/\/www.2ha.gr\/de\/wp-json\/wp\/v2\/media?parent=12868"}],"wp:term":[{"taxonomy":"product_cat","embeddable":true,"href":"https:\/\/www.2ha.gr\/de\/wp-json\/wp\/v2\/product_cat?post=12868"},{"taxonomy":"product_tag","embeddable":true,"href":"https:\/\/www.2ha.gr\/de\/wp-json\/wp\/v2\/product_tag?post=12868"}],"curies":[{"name":"wp","href":"https:\/\/api.w.org\/{rel}","templated":true}]}}