{"id":12870,"date":"2024-12-23T16:21:52","date_gmt":"2024-12-23T14:21:52","guid":{"rendered":"https:\/\/www.2ha.gr\/?post_type=product&#038;p=12870"},"modified":"2026-03-20T17:17:40","modified_gmt":"2026-03-20T15:17:40","slug":"fiesta-spirit-apron","status":"publish","type":"product","link":"https:\/\/www.2ha.gr\/de\/product\/fiesta-spirit-apron\/","title":{"rendered":"Fiesta Spirit Apron"},"content":{"rendered":"<p><em>Die &#8222;Fiesta Spirit Apron&#8220; ist die ideale Wahl f\u00fcr alle, die auffallen wollen. Mit ihrem auff\u00e4lligen &#8222;Sugar Skulls&#8220;-Muster und dem schwarzen Baumwollstoff vereint diese Sch\u00fcrze Einzigartigkeit und Qualit\u00e4t. Perfekt f\u00fcr Barkeeper, K\u00f6che und Baristas, die exzentrisches Design sch\u00e4tzen.<\/em><\/p>\n<ul>\n<li><em><strong>Kreuzgurte zur Vermeidung von Nackenbeschwerden und f\u00fcr eine perfekte Passform f\u00fcr jeden K\u00f6rpertyp<\/strong><\/em><\/li>\n<li><em><strong>Baumwolle \/ Cool Lining auf der R\u00fcckseite f\u00fcr das beste Gef\u00fchl bei jeder Temperatur<\/strong><\/em><\/li>\n<\/ul>\n<p><\/p>","protected":false},"excerpt":{"rendered":"<p><em>Die &#8222;Fiesta Spirit Apron&#8220; ist die ideale Wahl f\u00fcr alle, die auffallen wollen. Mit ihrem auff\u00e4lligen &#8222;Sugar Skulls&#8220;-Muster und dem schwarzen Baumwollstoff vereint diese Sch\u00fcrze Einzigartigkeit und Qualit\u00e4t. Perfekt f\u00fcr Barkeeper, K\u00f6che und Baristas, die exzentrisches Design sch\u00e4tzen.<\/em><\/p>\n<ul>\n<li><em><strong>Kreuzgurte zur Vermeidung von Nackenbeschwerden und f\u00fcr eine perfekte Passform f\u00fcr jeden K\u00f6rpertyp<\/strong><\/em><\/li>\n<li><em><strong>Baumwolle \/ Cool Lining auf der R\u00fcckseite f\u00fcr das beste Gef\u00fchl bei jeder Temperatur<\/strong><\/em><\/li>\n<\/ul>\n","protected":false},"featured_media":12849,"comment_status":"closed","ping_status":"closed","template":"","meta":[],"product_cat":[57,11,12,42,73,23,40,7,13,21,24],"product_tag":[],"class_list":{"0":"post-12870","1":"product","2":"type-product","3":"status-publish","4":"has-post-thumbnail","6":"product_cat-2024-2025","7":"product_cat-barista","8":"product_cat-bartender","9":"product_cat-coffee-lovers","10":"product_cat-stock-aprons-one-of-a-kind","11":"product_cat-in-stock","12":"product_cat-40","13":"product_cat-hospitality","14":"product_cat-service","15":"product_cat-chef","16":"product_cat-aprons","18":"first","19":"outofstock","20":"sale","21":"taxable","22":"shipping-taxable","23":"purchasable","24":"product-type-simple"},"_links":{"self":[{"href":"https:\/\/www.2ha.gr\/de\/wp-json\/wp\/v2\/product\/12870","targetHints":{"allow":["GET"]}}],"collection":[{"href":"https:\/\/www.2ha.gr\/de\/wp-json\/wp\/v2\/product"}],"about":[{"href":"https:\/\/www.2ha.gr\/de\/wp-json\/wp\/v2\/types\/product"}],"replies":[{"embeddable":true,"href":"https:\/\/www.2ha.gr\/de\/wp-json\/wp\/v2\/comments?post=12870"}],"wp:featuredmedia":[{"embeddable":true,"href":"https:\/\/www.2ha.gr\/de\/wp-json\/wp\/v2\/media\/12849"}],"wp:attachment":[{"href":"https:\/\/www.2ha.gr\/de\/wp-json\/wp\/v2\/media?parent=12870"}],"wp:term":[{"taxonomy":"product_cat","embeddable":true,"href":"https:\/\/www.2ha.gr\/de\/wp-json\/wp\/v2\/product_cat?post=12870"},{"taxonomy":"product_tag","embeddable":true,"href":"https:\/\/www.2ha.gr\/de\/wp-json\/wp\/v2\/product_tag?post=12870"}],"curies":[{"name":"wp","href":"https:\/\/api.w.org\/{rel}","templated":true}]}}