{"id":12873,"date":"2024-12-26T14:58:30","date_gmt":"2024-12-26T12:58:30","guid":{"rendered":"https:\/\/www.2ha.gr\/?post_type=product&#038;p=12873"},"modified":"2024-12-26T15:08:59","modified_gmt":"2024-12-26T13:08:59","slug":"%ce%ba%ce%b1%ce%bb%ce%bf%ce%ba%ce%b1%ce%b9%cf%81%ce%b9%ce%bd%cf%8c-%cf%83%ce%b5%cf%84-%ce%b5%ce%bc%cf%80%cf%81%ce%b9%ce%bc%ce%ad-%cf%84%ce%b6%ce%b9%ce%bd","status":"publish","type":"product","link":"https:\/\/www.2ha.gr\/de\/product\/%ce%ba%ce%b1%ce%bb%ce%bf%ce%ba%ce%b1%ce%b9%cf%81%ce%b9%ce%bd%cf%8c-%cf%83%ce%b5%cf%84-%ce%b5%ce%bc%cf%80%cf%81%ce%b9%ce%bc%ce%ad-%cf%84%ce%b6%ce%b9%ce%bd\/","title":{"rendered":"\u039a\u03b1\u03bb\u03bf\u03ba\u03b1\u03b9\u03c1\u03b9\u03bd\u03cc \u03a3\u03b5\u03c4 \u0395\u03bc\u03c0\u03c1\u03b9\u03bc\u03ad &amp; \u03a4\u03b6\u03b9\u03bd"},"content":{"rendered":"<p><em><strong>Peppen Sie den Stil Ihrer Mitarbeiter mit diesem einzigartigen Sommerset auf! Das kurz\u00e4rmelige Hemd und die Jeans-Shorts sind aus einer Kombination aus unserem exklusiven bedruckten Stoff und hochwertigem Denim gefertigt. Jedes Design kann auf Ihre Bed\u00fcrfnisse zugeschnitten werden, da wir verschiedene Materialien und Farben anbieten. Nutzen Sie unser Projekt zum Bedrucken von Stoffen nach Ma\u00df und kreieren Sie ein Set, das sich abhebt.<\/strong><\/em><br \/>\n<em><strong>Perfekt f\u00fcr Hotels, Strandbars, Restaurants und Caf\u00e9s, die beeindrucken wollen!<\/strong><\/em><\/p>\n<ul>\n<li><em><strong>Der Preis ist ein Endpreis mit Mehrwertsteuer (72,6 Euro vor Steuern) und beinhaltet eine Shorts und ein Hemd. <\/strong><\/em><\/li>\n<li><em><strong>Z\u00f6gern Sie nicht, uns f\u00fcr verschiedene Kombinationen und f\u00fcr Angebote bei Gro\u00dfbestellungen zu kontaktieren. <\/strong><\/em><\/li>\n<li><em><strong>Telefon : 2431302841 &amp; e -mail : info@2ha.gr<\/strong><\/em><\/li>\n<\/ul>\n<p><\/p>","protected":false},"excerpt":{"rendered":"<p><em><strong>Peppen Sie den Stil Ihrer Mitarbeiter mit diesem einzigartigen Sommerset auf! Das kurz\u00e4rmelige Hemd und die Jeans-Shorts sind aus einer Kombination aus unserem exklusiven bedruckten Stoff und hochwertigem Denim gefertigt. Jedes Design kann auf Ihre Bed\u00fcrfnisse zugeschnitten werden, da wir verschiedene Materialien und Farben anbieten. Nutzen Sie unser Projekt zum Bedrucken von Stoffen nach Ma\u00df und kreieren Sie ein Set, das sich abhebt.<\/strong><\/em><br \/>\n<em><strong>Perfekt f\u00fcr Hotels, Strandbars, Restaurants und Caf\u00e9s, die beeindrucken wollen!<\/strong><\/em><\/p>\n<ul>\n<li><em><strong>Der Preis ist ein Endpreis mit Mehrwertsteuer (72,6 Euro vor Steuern) und beinhaltet eine Shorts und ein Shirt. <\/strong><\/em><\/li>\n<li><em><strong>Z\u00f6gern Sie nicht, uns f\u00fcr verschiedene Kombinationen und f\u00fcr Angebote bei Gro\u00dfbestellungen zu kontaktieren. <\/strong><\/em><\/li>\n<li><em><strong>Telefon : 2431302841 &amp; e -mail : info@2ha.gr<\/strong><\/em><\/li>\n<\/ul>\n<p><em>Telefon : 2431302841 &amp; e -mail : info@2ha.gr<\/em><\/p>\n","protected":false},"featured_media":12891,"comment_status":"closed","ping_status":"closed","template":"","meta":[],"product_cat":[25,23],"product_tag":[],"class_list":{"0":"post-12873","1":"product","2":"type-product","3":"status-publish","4":"has-post-thumbnail","6":"product_cat-little-2ha","7":"product_cat-in-stock","9":"first","10":"instock","11":"taxable","12":"shipping-taxable","13":"purchasable","14":"product-type-variable"},"_links":{"self":[{"href":"https:\/\/www.2ha.gr\/de\/wp-json\/wp\/v2\/product\/12873","targetHints":{"allow":["GET"]}}],"collection":[{"href":"https:\/\/www.2ha.gr\/de\/wp-json\/wp\/v2\/product"}],"about":[{"href":"https:\/\/www.2ha.gr\/de\/wp-json\/wp\/v2\/types\/product"}],"replies":[{"embeddable":true,"href":"https:\/\/www.2ha.gr\/de\/wp-json\/wp\/v2\/comments?post=12873"}],"wp:featuredmedia":[{"embeddable":true,"href":"https:\/\/www.2ha.gr\/de\/wp-json\/wp\/v2\/media\/12891"}],"wp:attachment":[{"href":"https:\/\/www.2ha.gr\/de\/wp-json\/wp\/v2\/media?parent=12873"}],"wp:term":[{"taxonomy":"product_cat","embeddable":true,"href":"https:\/\/www.2ha.gr\/de\/wp-json\/wp\/v2\/product_cat?post=12873"},{"taxonomy":"product_tag","embeddable":true,"href":"https:\/\/www.2ha.gr\/de\/wp-json\/wp\/v2\/product_tag?post=12873"}],"curies":[{"name":"wp","href":"https:\/\/api.w.org\/{rel}","templated":true}]}}