{"id":12889,"date":"2024-12-26T15:06:48","date_gmt":"2024-12-26T13:06:48","guid":{"rendered":"https:\/\/www.2ha.gr\/?post_type=product&#038;p=12889"},"modified":"2024-12-26T15:08:37","modified_gmt":"2024-12-26T13:08:37","slug":"12889","status":"publish","type":"product","link":"https:\/\/www.2ha.gr\/de\/product\/12889\/","title":{"rendered":"Breeze Linen Set &#8211; Customizable Comfort"},"content":{"rendered":"<p><em><strong> Investieren Sie in Coolness und Komfort mit unserem Leinen-Set! Mit zwei atmungsaktiven Leinenstoffen k\u00f6nnen das kurz\u00e4rmelige Hemd und die Leinenhose oder -shorts auf Ihre Bed\u00fcrfnisse zugeschnitten werden. W\u00e4hlen Sie aus verschiedenen Farben und Materialien oder kombinieren Sie es mit unserem individuellen Stoffdruckprojekt, um einzigartige Designs f\u00fcr Ihr Gesch\u00e4ft zu schaffen.<\/strong><\/em><br \/>\n<em><strong>Perfekt f\u00fcr Restaurants, Hotels, Strandbars und Caf\u00e9s, die sich durch Stil und Qualit\u00e4t abheben wollen.<\/strong><\/em><\/p>\n<ul>\n<li><em><strong>Der Preis ist endg\u00fcltig mit Mehrwertsteuer (70 Euro vor Steuern) und umfasst eine kurze Hose und ein Hemd. <\/strong><\/em><\/li>\n<li><em><strong>Z\u00f6gern Sie nicht, uns f\u00fcr verschiedene Kombinationen und f\u00fcr Angebote im Falle von Gro\u00dfbestellungen zu kontaktieren. <\/strong><\/em><\/li>\n<li><em><strong>Telefon : 2431302841 &amp; e -mail : info@2ha.gr<\/strong><\/em><\/li>\n<\/ul>\n<p><\/p>","protected":false},"excerpt":{"rendered":"<p><em><strong>Investieren Sie in Coolness und Komfort mit unserem Leinen-Set! Mit zwei atmungsaktiven Leinenstoffen k\u00f6nnen das kurz\u00e4rmelige Hemd und die Leinenhose oder -shorts auf Ihre Bed\u00fcrfnisse zugeschnitten werden. W\u00e4hlen Sie aus verschiedenen Farben und Materialien oder kombinieren Sie es mit unserem individuellen Stoffdruckprojekt, um einzigartige Designs f\u00fcr Ihr Gesch\u00e4ft zu schaffen.<\/strong><\/em><br \/>\n<em><strong>Perfekt f\u00fcr Restaurants, Hotels, Strandbars und Caf\u00e9s, die sich durch Stil und Qualit\u00e4t abheben wollen.<\/strong><\/em><\/p>\n<ul>\n<li><em><strong>Der Preis ist endg\u00fcltig mit Mehrwertsteuer (70 Euro vor Steuern) und umfasst eine kurze Hose und ein Hemd. <\/strong><\/em><\/li>\n<li><em><strong>Z\u00f6gern Sie nicht, uns f\u00fcr verschiedene Kombinationen und f\u00fcr Angebote im Falle von Gro\u00dfbestellungen zu kontaktieren. <\/strong><\/em><\/li>\n<li><em><strong>Telefon : 2431302841 &amp; e -mail : info@2ha.gr<\/strong><\/em><\/li>\n<\/ul>\n","protected":false},"featured_media":12853,"comment_status":"closed","ping_status":"closed","template":"","meta":[],"product_cat":[35,25],"product_tag":[],"class_list":{"0":"post-12889","1":"product","2":"type-product","3":"status-publish","4":"has-post-thumbnail","6":"product_cat-35","7":"product_cat-little-2ha","9":"first","10":"instock","11":"taxable","12":"shipping-taxable","13":"purchasable","14":"product-type-variable"},"_links":{"self":[{"href":"https:\/\/www.2ha.gr\/de\/wp-json\/wp\/v2\/product\/12889","targetHints":{"allow":["GET"]}}],"collection":[{"href":"https:\/\/www.2ha.gr\/de\/wp-json\/wp\/v2\/product"}],"about":[{"href":"https:\/\/www.2ha.gr\/de\/wp-json\/wp\/v2\/types\/product"}],"replies":[{"embeddable":true,"href":"https:\/\/www.2ha.gr\/de\/wp-json\/wp\/v2\/comments?post=12889"}],"wp:featuredmedia":[{"embeddable":true,"href":"https:\/\/www.2ha.gr\/de\/wp-json\/wp\/v2\/media\/12853"}],"wp:attachment":[{"href":"https:\/\/www.2ha.gr\/de\/wp-json\/wp\/v2\/media?parent=12889"}],"wp:term":[{"taxonomy":"product_cat","embeddable":true,"href":"https:\/\/www.2ha.gr\/de\/wp-json\/wp\/v2\/product_cat?post=12889"},{"taxonomy":"product_tag","embeddable":true,"href":"https:\/\/www.2ha.gr\/de\/wp-json\/wp\/v2\/product_tag?post=12889"}],"curies":[{"name":"wp","href":"https:\/\/api.w.org\/{rel}","templated":true}]}}