{"id":12897,"date":"2024-12-26T15:48:52","date_gmt":"2024-12-26T13:48:52","guid":{"rendered":"https:\/\/www.2ha.gr\/?post_type=product&#038;p=12897"},"modified":"2025-05-14T12:15:04","modified_gmt":"2025-05-14T09:15:04","slug":"forest-harmony","status":"publish","type":"product","link":"https:\/\/www.2ha.gr\/de\/product\/forest-harmony\/","title":{"rendered":"Forest Harmony"},"content":{"rendered":"<p>&#8220;Forest Harmony&#8220; ist eine Sch\u00fcrze, die Stil und Funktionalit\u00e4t vereint. Die Sch\u00fcrze ist aus hochwertigem Baumwoll-Canvas und Kunstlederdetails gefertigt und h\u00e4lt auch anspruchsvollen Arbeitsbedingungen stand. Der k\u00fchle Stoff mit R\u00fcckenpolsterung macht sie den ganzen Tag \u00fcber angenehm zu tragen. Perfekt f\u00fcr Baristas, K\u00f6che und Profis, die Eleganz und Langlebigkeit sch\u00e4tzen.<\/p>\n<ul>\n<li><em><strong>Zwei Au\u00dfentaschen <\/strong><\/em><\/li>\n<li><em><strong>Kreuzgurte zur Vermeidung von Nackenbeschwerden und f\u00fcr eine perfekte Passform f\u00fcr jeden K\u00f6rpertyp<\/strong><\/em><\/li>\n<li><em><strong>Baumwoll-\/K\u00fchlfutter auf dem R\u00fccken f\u00fcr das beste Gef\u00fchl bei jeder Temperatur<\/strong><\/em><\/li>\n<\/ul>\n<p><\/p>","protected":false},"excerpt":{"rendered":"<p>&#8222;Forest Harmony&#8220; ist eine Sch\u00fcrze, die Stil und Funktionalit\u00e4t vereint. Die Sch\u00fcrze ist aus hochwertigem Baumwoll-Canvas und Kunstlederdetails gefertigt und h\u00e4lt auch anspruchsvollen Arbeitsbedingungen stand. Der k\u00fchle Stoff mit R\u00fcckenpolsterung macht sie den ganzen Tag \u00fcber angenehm zu tragen. Perfekt f\u00fcr Baristas, K\u00f6che und Profis, die Eleganz und Langlebigkeit sch\u00e4tzen.<\/p>\n<ul>\n<li><em><strong>Zwei Au\u00dfentaschen <\/strong><\/em><\/li>\n<li><em><strong>Kreuzgurte zur Vermeidung von Nackenbeschwerden und f\u00fcr eine perfekte Passform f\u00fcr jeden K\u00f6rpertyp<\/strong><\/em><\/li>\n<li><em><strong>Baumwoll-\/K\u00fchlfutter auf dem R\u00fccken f\u00fcr das beste Gef\u00fchl bei jeder Temperatur<\/strong><\/em><\/li>\n<\/ul>\n","protected":false},"featured_media":12866,"comment_status":"closed","ping_status":"closed","template":"","meta":[],"product_cat":[57,8,11,12,42,73,23,7,58,13,21],"product_tag":[],"class_list":{"0":"post-12897","1":"product","2":"type-product","3":"status-publish","4":"has-post-thumbnail","6":"product_cat-2024-2025","7":"product_cat-artists","8":"product_cat-barista","9":"product_cat-bartender","10":"product_cat-coffee-lovers","11":"product_cat-stock-aprons-one-of-a-kind","12":"product_cat-in-stock","13":"product_cat-hospitality","14":"product_cat-58","15":"product_cat-service","16":"product_cat-chef","18":"first","19":"instock","20":"taxable","21":"shipping-taxable","22":"purchasable","23":"product-type-simple"},"_links":{"self":[{"href":"https:\/\/www.2ha.gr\/de\/wp-json\/wp\/v2\/product\/12897","targetHints":{"allow":["GET"]}}],"collection":[{"href":"https:\/\/www.2ha.gr\/de\/wp-json\/wp\/v2\/product"}],"about":[{"href":"https:\/\/www.2ha.gr\/de\/wp-json\/wp\/v2\/types\/product"}],"replies":[{"embeddable":true,"href":"https:\/\/www.2ha.gr\/de\/wp-json\/wp\/v2\/comments?post=12897"}],"wp:featuredmedia":[{"embeddable":true,"href":"https:\/\/www.2ha.gr\/de\/wp-json\/wp\/v2\/media\/12866"}],"wp:attachment":[{"href":"https:\/\/www.2ha.gr\/de\/wp-json\/wp\/v2\/media?parent=12897"}],"wp:term":[{"taxonomy":"product_cat","embeddable":true,"href":"https:\/\/www.2ha.gr\/de\/wp-json\/wp\/v2\/product_cat?post=12897"},{"taxonomy":"product_tag","embeddable":true,"href":"https:\/\/www.2ha.gr\/de\/wp-json\/wp\/v2\/product_tag?post=12897"}],"curies":[{"name":"wp","href":"https:\/\/api.w.org\/{rel}","templated":true}]}}