{"id":12898,"date":"2024-12-26T15:54:20","date_gmt":"2024-12-26T13:54:20","guid":{"rendered":"https:\/\/www.2ha.gr\/?post_type=product&#038;p=12898"},"modified":"2024-12-26T16:00:00","modified_gmt":"2024-12-26T14:00:00","slug":"%cf%80%ce%bf%ce%b4%ce%b9%ce%ac-%ce%bc%ce%ad%cf%83%ce%b7%cf%82-urban-explorer","status":"publish","type":"product","link":"https:\/\/www.2ha.gr\/de\/product\/%cf%80%ce%bf%ce%b4%ce%b9%ce%ac-%ce%bc%ce%ad%cf%83%ce%b7%cf%82-urban-explorer\/","title":{"rendered":"\u03a0\u03bf\u03b4\u03b9\u03ac \u039c\u03ad\u03c3\u03b7\u03c2 &#8222;Urban Explorer&#8220;"},"content":{"rendered":"<p><em>Die &#8222;Urban Explorer&#8220; ist eine praktische H\u00fcftsch\u00fcrze f\u00fcr gesch\u00e4ftige Tage. Mit gro\u00dfen Taschen aus Kunstleder und strapazierf\u00e4higem Canvas bietet sie Platz f\u00fcr alles, was Sie brauchen. Das moderne Design und die robusten Materialien machen sie zur idealen Wahl f\u00fcr Gastronomen, Baristas und K\u00f6che, die Wert auf Funktionalit\u00e4t und \u00c4sthetik legen.<\/em><\/p>\n<ul>\n<li><em><strong>Zwei Au\u00dfentaschen <\/strong><\/em><\/li>\n<li><em><strong>Baumwoll-\/K\u00fchlfutter auf der R\u00fcckseite f\u00fcr das beste Gef\u00fchl bei jeder Temperatur.<\/strong><\/em><\/li>\n<li><em><strong>Bindung mit Metallschlie\u00dfe f\u00fcr eine perfekte Passform f\u00fcr jeden K\u00f6rpertyp<\/strong><\/em><\/li>\n<\/ul>\n<p><\/p>","protected":false},"excerpt":{"rendered":"<p><em>Die &#8222;Urban Explorer&#8220; ist eine praktische H\u00fcftsch\u00fcrze f\u00fcr gesch\u00e4ftige Tage. Mit gro\u00dfen Taschen aus Kunstleder und strapazierf\u00e4higem Canvas bietet sie Platz f\u00fcr alles, was Sie brauchen. Das moderne Design und die robusten Materialien machen sie zur idealen Wahl f\u00fcr Gastronomen, Baristas und K\u00f6che, die Wert auf Funktionalit\u00e4t und \u00c4sthetik legen.<\/em><\/p>\n<ul>\n<li><em><strong>Zwei Au\u00dfentaschen <\/strong><\/em><\/li>\n<li><em><strong>Baumwoll-\/K\u00fchlfutter auf der R\u00fcckseite f\u00fcr das beste Gef\u00fchl bei jeder Temperatur.<\/strong><\/em><\/li>\n<li><em><strong>Bindung mit Metallschlie\u00dfe f\u00fcr eine perfekte Passform f\u00fcr jeden K\u00f6rpertyp<\/strong><\/em><\/li>\n<\/ul>\n","protected":false},"featured_media":12865,"comment_status":"closed","ping_status":"closed","template":"","meta":[],"product_cat":[57,73,23,40,7,13],"product_tag":[],"class_list":{"0":"post-12898","1":"product","2":"type-product","3":"status-publish","4":"has-post-thumbnail","6":"product_cat-2024-2025","7":"product_cat-stock-aprons-one-of-a-kind","8":"product_cat-in-stock","9":"product_cat-40","10":"product_cat-hospitality","11":"product_cat-service","13":"first","14":"instock","15":"taxable","16":"shipping-taxable","17":"purchasable","18":"product-type-simple"},"_links":{"self":[{"href":"https:\/\/www.2ha.gr\/de\/wp-json\/wp\/v2\/product\/12898","targetHints":{"allow":["GET"]}}],"collection":[{"href":"https:\/\/www.2ha.gr\/de\/wp-json\/wp\/v2\/product"}],"about":[{"href":"https:\/\/www.2ha.gr\/de\/wp-json\/wp\/v2\/types\/product"}],"replies":[{"embeddable":true,"href":"https:\/\/www.2ha.gr\/de\/wp-json\/wp\/v2\/comments?post=12898"}],"wp:featuredmedia":[{"embeddable":true,"href":"https:\/\/www.2ha.gr\/de\/wp-json\/wp\/v2\/media\/12865"}],"wp:attachment":[{"href":"https:\/\/www.2ha.gr\/de\/wp-json\/wp\/v2\/media?parent=12898"}],"wp:term":[{"taxonomy":"product_cat","embeddable":true,"href":"https:\/\/www.2ha.gr\/de\/wp-json\/wp\/v2\/product_cat?post=12898"},{"taxonomy":"product_tag","embeddable":true,"href":"https:\/\/www.2ha.gr\/de\/wp-json\/wp\/v2\/product_tag?post=12898"}],"curies":[{"name":"wp","href":"https:\/\/api.w.org\/{rel}","templated":true}]}}