{"id":12964,"date":"2025-01-14T22:01:59","date_gmt":"2025-01-14T20:01:59","guid":{"rendered":"https:\/\/www.2ha.gr\/?post_type=product&#038;p=12964"},"modified":"2025-01-14T22:02:14","modified_gmt":"2025-01-14T20:02:14","slug":"urban-leather-duo-apron","status":"publish","type":"product","link":"https:\/\/www.2ha.gr\/de\/product\/urban-leather-duo-apron\/","title":{"rendered":"Urban Leather Duo Apron"},"content":{"rendered":"<p>Die <strong>Urban Leather Duo Sch\u00fcrze<\/strong> kombiniert die Eleganz von Leder mit der Funktionalit\u00e4t eines minimalistischen Designs. Mit ihrer zweifarbigen Gestaltung in Erdt\u00f6nen und den gro\u00dfen Taschen f\u00fcr die Aufbewahrung ist diese Sch\u00fcrze perfekt f\u00fcr Berufst\u00e4tige, die Haltbarkeit und einzigartigen Stil suchen.<\/p>\n<ul>\n<li><em><strong>Zwei Au\u00dfentaschen <\/strong><\/em><\/li>\n<li><em><strong>Kreuzgurte zur Entlastung des Halses und perfekte Passform f\u00fcr jeden K\u00f6rpertyp<\/strong><\/em><\/li>\n<li><em><strong>Baumwoll-\/K\u00fchlfutter auf der R\u00fcckseite f\u00fcr ein optimales Tragegef\u00fchl bei jeder Temperatur<\/strong><\/em><\/li>\n<\/ul>\n<p><\/p>","protected":false},"excerpt":{"rendered":"<p>Die <strong>Urban Leather Duo Sch\u00fcrze<\/strong> kombiniert die Eleganz von Leder mit der Funktionalit\u00e4t eines minimalistischen Designs. Mit ihrer zweifarbigen Gestaltung in Erdt\u00f6nen und den gro\u00dfen Taschen f\u00fcr die Aufbewahrung ist diese Sch\u00fcrze perfekt f\u00fcr Berufst\u00e4tige, die Haltbarkeit und einzigartigen Stil suchen.<\/p>\n<ul>\n<li><em><strong>Zwei Au\u00dfentaschen <\/strong><\/em><\/li>\n<li><em><strong>Kreuzgurte zur Entlastung des Halses und perfekte Passform f\u00fcr jeden K\u00f6rpertyp<\/strong><\/em><\/li>\n<li><em><strong>Baumwoll-\/K\u00fchlfutter auf der R\u00fcckseite f\u00fcr ein optimales Tragegef\u00fchl bei jeder Temperatur<\/strong><\/em><\/li>\n<\/ul>\n","protected":false},"featured_media":12958,"comment_status":"closed","ping_status":"closed","template":"","meta":[],"product_cat":[57,8,11,12,42,73,23,40,7,58,13,21,14,24],"product_tag":[],"class_list":{"0":"post-12964","1":"product","2":"type-product","3":"status-publish","4":"has-post-thumbnail","6":"product_cat-2024-2025","7":"product_cat-artists","8":"product_cat-barista","9":"product_cat-bartender","10":"product_cat-coffee-lovers","11":"product_cat-stock-aprons-one-of-a-kind","12":"product_cat-in-stock","13":"product_cat-40","14":"product_cat-hospitality","15":"product_cat-58","16":"product_cat-service","17":"product_cat-chef","18":"product_cat-somelie","19":"product_cat-aprons","21":"first","22":"instock","23":"taxable","24":"shipping-taxable","25":"purchasable","26":"product-type-simple"},"_links":{"self":[{"href":"https:\/\/www.2ha.gr\/de\/wp-json\/wp\/v2\/product\/12964","targetHints":{"allow":["GET"]}}],"collection":[{"href":"https:\/\/www.2ha.gr\/de\/wp-json\/wp\/v2\/product"}],"about":[{"href":"https:\/\/www.2ha.gr\/de\/wp-json\/wp\/v2\/types\/product"}],"replies":[{"embeddable":true,"href":"https:\/\/www.2ha.gr\/de\/wp-json\/wp\/v2\/comments?post=12964"}],"wp:featuredmedia":[{"embeddable":true,"href":"https:\/\/www.2ha.gr\/de\/wp-json\/wp\/v2\/media\/12958"}],"wp:attachment":[{"href":"https:\/\/www.2ha.gr\/de\/wp-json\/wp\/v2\/media?parent=12964"}],"wp:term":[{"taxonomy":"product_cat","embeddable":true,"href":"https:\/\/www.2ha.gr\/de\/wp-json\/wp\/v2\/product_cat?post=12964"},{"taxonomy":"product_tag","embeddable":true,"href":"https:\/\/www.2ha.gr\/de\/wp-json\/wp\/v2\/product_tag?post=12964"}],"curies":[{"name":"wp","href":"https:\/\/api.w.org\/{rel}","templated":true}]}}