{"id":12966,"date":"2025-01-14T22:49:04","date_gmt":"2025-01-14T20:49:04","guid":{"rendered":"https:\/\/www.2ha.gr\/?post_type=product&#038;p=12966"},"modified":"2025-01-28T14:48:16","modified_gmt":"2025-01-28T12:48:16","slug":"ethnic-elegance-apron","status":"publish","type":"product","link":"https:\/\/www.2ha.gr\/de\/product\/ethnic-elegance-apron\/","title":{"rendered":"Ethnic Elegance Apron"},"content":{"rendered":"<p><em><strong>Die Sch\u00fcrze Ethnic Elegance ist eine Hymne an Tradition und kulturellen Ausdruck. Mit leuchtenden Farben und einzigartigen ethnischen Designs, die von der Kaffeeernte inspiriert sind, verleiht sie Ihrem professionellen Erscheinungsbild Pers\u00f6nlichkeit und W\u00e4rme. Sie ist aus langlebigen Materialien gefertigt und ideal f\u00fcr Caf\u00e9s und Restaurants.<\/strong><\/em><\/p>\n<ul>\n<li><em><strong>Zwei Au\u00dfentaschen <\/strong><\/em><\/li>\n<li><em><strong>Kreuzgurte, die den Nacken entlasten und eine perfekte Passform f\u00fcr jeden K\u00f6rpertyp bieten<\/strong><\/em><\/li>\n<li><em><strong>Baumwoll-\/K\u00fchlfutter auf dem R\u00fccken f\u00fcr das beste Gef\u00fchl bei jeder Temperatur<\/strong><\/em><\/li>\n<\/ul>\n<p><\/p>","protected":false},"excerpt":{"rendered":"<p><em><strong>Die Sch\u00fcrze Ethnic Elegance ist eine Hymne an Tradition und kulturellen Ausdruck. Mit leuchtenden Farben und einzigartigen ethnischen Designs, die von der Kaffeeernte inspiriert sind, verleiht sie Ihrem professionellen Erscheinungsbild Pers\u00f6nlichkeit und W\u00e4rme. Sie ist aus langlebigen Materialien gefertigt und ideal f\u00fcr Caf\u00e9s und Restaurants.<\/strong><\/em><\/p>\n<ul>\n<li><em><strong>Zwei Au\u00dfentaschen <\/strong><\/em><\/li>\n<li><em><strong>Kreuzgurte, die den Nacken entlasten und eine perfekte Passform f\u00fcr jeden K\u00f6rpertyp bieten<\/strong><\/em><\/li>\n<li><em><strong>Baumwoll-\/K\u00fchlfutter auf der R\u00fcckseite f\u00fcr das beste Gef\u00fchl bei jeder Temperatur<\/strong><\/em><\/li>\n<\/ul>\n","protected":false},"featured_media":13225,"comment_status":"closed","ping_status":"closed","template":"","meta":[],"product_cat":[57,11,42,73,23,7,13,24],"product_tag":[],"class_list":{"0":"post-12966","1":"product","2":"type-product","3":"status-publish","4":"has-post-thumbnail","6":"product_cat-2024-2025","7":"product_cat-barista","8":"product_cat-coffee-lovers","9":"product_cat-stock-aprons-one-of-a-kind","10":"product_cat-in-stock","11":"product_cat-hospitality","12":"product_cat-service","13":"product_cat-aprons","15":"first","16":"instock","17":"taxable","18":"shipping-taxable","19":"purchasable","20":"product-type-simple"},"_links":{"self":[{"href":"https:\/\/www.2ha.gr\/de\/wp-json\/wp\/v2\/product\/12966","targetHints":{"allow":["GET"]}}],"collection":[{"href":"https:\/\/www.2ha.gr\/de\/wp-json\/wp\/v2\/product"}],"about":[{"href":"https:\/\/www.2ha.gr\/de\/wp-json\/wp\/v2\/types\/product"}],"replies":[{"embeddable":true,"href":"https:\/\/www.2ha.gr\/de\/wp-json\/wp\/v2\/comments?post=12966"}],"wp:featuredmedia":[{"embeddable":true,"href":"https:\/\/www.2ha.gr\/de\/wp-json\/wp\/v2\/media\/13225"}],"wp:attachment":[{"href":"https:\/\/www.2ha.gr\/de\/wp-json\/wp\/v2\/media?parent=12966"}],"wp:term":[{"taxonomy":"product_cat","embeddable":true,"href":"https:\/\/www.2ha.gr\/de\/wp-json\/wp\/v2\/product_cat?post=12966"},{"taxonomy":"product_tag","embeddable":true,"href":"https:\/\/www.2ha.gr\/de\/wp-json\/wp\/v2\/product_tag?post=12966"}],"curies":[{"name":"wp","href":"https:\/\/api.w.org\/{rel}","templated":true}]}}