{"id":12968,"date":"2025-01-14T22:59:29","date_gmt":"2025-01-14T20:59:29","guid":{"rendered":"https:\/\/www.2ha.gr\/?post_type=product&#038;p=12968"},"modified":"2025-01-28T14:47:39","modified_gmt":"2025-01-28T12:47:39","slug":"fiesta-skull-waist-apron","status":"publish","type":"product","link":"https:\/\/www.2ha.gr\/de\/product\/fiesta-skull-waist-apron\/","title":{"rendered":"Fiesta Skull Waist Apron"},"content":{"rendered":"<p><em><strong>Die Fiesta Skull Waist Apron bringt Spa\u00df und Farbe an Ihren Arbeitsplatz. Mit ihrem einzigartigen, vom D\u00eda de los Muertos inspirierten Design und einer praktischen Tasche aus Olivenleder sowie einer Innentasche ist sie perfekt f\u00fcr Caf\u00e9s, Bars und alle kreativen Berufst\u00e4tigen.<\/strong><\/em><\/p>\n<ul>\n<li><em><strong>Sch\u00fcrze \/ G\u00fcrtel \/ Tasche <\/strong><\/em><\/li>\n<li><em><strong>Ideal f\u00fcr Kellner, die bei hohen Temperaturen arbeiten<\/strong><\/em><\/li>\n<li><em><strong>Eine Innen- und eine Au\u00dfentasche<\/strong><\/em><\/li>\n<li><em><strong>Ein Metallverschluss sorgt f\u00fcr eine perfekte Passform f\u00fcr jeden K\u00f6rpertyp<\/strong><\/em><\/li>\n<li><em><strong>Baumwolle \/ Cool Lining auf der R\u00fcckseite f\u00fcr das beste Gef\u00fchl bei jeder Temperatur. <\/strong><\/em><\/li>\n<\/ul>\n<p><em><strong>Kontaktieren Sie uns, um alle m\u00f6glichen Farbkombinationen zu sehen <\/strong><\/em><\/p>","protected":false},"excerpt":{"rendered":"<p><em><strong>Die Fiesta Skull Waist Apron bringt Spa\u00df und Farbe an Ihren Arbeitsplatz. Mit ihrem einzigartigen, vom D\u00eda de los Muertos inspirierten Design und einer praktischen Tasche aus Olivenleder sowie einer Innentasche ist sie perfekt f\u00fcr Caf\u00e9s, Bars und alle kreativen Berufst\u00e4tigen.<\/strong><\/em><\/p>\n<ul>\n<li><em><strong>Sch\u00fcrze \/ G\u00fcrtel \/ Tasche <\/strong><\/em><\/li>\n<li><em><strong>Ideal f\u00fcr Kellner, die bei hohen Temperaturen arbeiten<\/strong><\/em><\/li>\n<li><em><strong>Eine Innen- und eine Au\u00dfentasche<\/strong><\/em><\/li>\n<li><em><strong>Ein Metallverschluss sorgt f\u00fcr eine perfekte Passform f\u00fcr jeden K\u00f6rpertyp<\/strong><\/em><\/li>\n<li><em><strong>Baumwolle \/ Cool Lining auf der R\u00fcckseite f\u00fcr das beste Gef\u00fchl bei jeder Temperatur. <\/strong><\/em><\/li>\n<\/ul>\n<p><em><strong>Kontaktieren Sie uns, um alle m\u00f6glichen Farbkombinationen zu sehen <\/strong><\/em><\/p>\n","protected":false},"featured_media":13229,"comment_status":"closed","ping_status":"closed","template":"","meta":[],"product_cat":[57,15,13,14,24],"product_tag":[],"class_list":{"0":"post-12968","1":"product","2":"type-product","3":"status-publish","4":"has-post-thumbnail","6":"product_cat-2024-2025","7":"product_cat-barber-hairdresser","8":"product_cat-service","9":"product_cat-somelie","10":"product_cat-aprons","12":"first","13":"instock","14":"taxable","15":"shipping-taxable","16":"purchasable","17":"product-type-simple"},"_links":{"self":[{"href":"https:\/\/www.2ha.gr\/de\/wp-json\/wp\/v2\/product\/12968","targetHints":{"allow":["GET"]}}],"collection":[{"href":"https:\/\/www.2ha.gr\/de\/wp-json\/wp\/v2\/product"}],"about":[{"href":"https:\/\/www.2ha.gr\/de\/wp-json\/wp\/v2\/types\/product"}],"replies":[{"embeddable":true,"href":"https:\/\/www.2ha.gr\/de\/wp-json\/wp\/v2\/comments?post=12968"}],"wp:featuredmedia":[{"embeddable":true,"href":"https:\/\/www.2ha.gr\/de\/wp-json\/wp\/v2\/media\/13229"}],"wp:attachment":[{"href":"https:\/\/www.2ha.gr\/de\/wp-json\/wp\/v2\/media?parent=12968"}],"wp:term":[{"taxonomy":"product_cat","embeddable":true,"href":"https:\/\/www.2ha.gr\/de\/wp-json\/wp\/v2\/product_cat?post=12968"},{"taxonomy":"product_tag","embeddable":true,"href":"https:\/\/www.2ha.gr\/de\/wp-json\/wp\/v2\/product_tag?post=12968"}],"curies":[{"name":"wp","href":"https:\/\/api.w.org\/{rel}","templated":true}]}}