{"id":12969,"date":"2025-01-14T23:05:32","date_gmt":"2025-01-14T21:05:32","guid":{"rendered":"https:\/\/www.2ha.gr\/?post_type=product&#038;p=12969"},"modified":"2025-06-10T12:21:02","modified_gmt":"2025-06-10T09:21:02","slug":"autumn-leaf-waist-apron","status":"publish","type":"product","link":"https:\/\/www.2ha.gr\/de\/product\/autumn-leaf-waist-apron\/","title":{"rendered":"Autumn Leaf Waist Apron"},"content":{"rendered":"<p><em><strong>Die Autumn Leaf Taillensch\u00fcrze verstr\u00f6mt herbstliche Eleganz mit einem zeitlosen Blumendruck und einer braunen Kunstledertasche sowie einer Innentasche. Perfekt f\u00fcr Berufst\u00e4tige, die Stil und Zweckm\u00e4\u00dfigkeit kombinieren m\u00f6chten.<\/strong><\/em><\/p>\n<ul>\n<li><em><strong>Sch\u00fcrze \/ G\u00fcrtel \/ Tasche <\/strong><\/em><\/li>\n<li><em><strong>Ideal f\u00fcr Kellner, die bei hohen Temperaturen arbeiten<\/strong><\/em><\/li>\n<li><em><strong>Eine Innen- und eine Au\u00dfentasche<\/strong><\/em><\/li>\n<li><em><strong>Metallischer Verschluss mit Metallschlie\u00dfe f\u00fcr eine perfekte Passform f\u00fcr jeden K\u00f6rpertyp<\/strong><\/em><\/li>\n<li><em><strong>Baumwolle \/ Cool Lining auf der R\u00fcckseite f\u00fcr das beste Gef\u00fchl bei jeder Temperatur. <\/strong><\/em><\/li>\n<\/ul>\n<p><em><strong>Kontaktieren Sie uns, um alle m\u00f6glichen Farbkombinationen zu sehen <\/strong><\/em><\/p>","protected":false},"excerpt":{"rendered":"<p><em><strong>Die Autumn Leaf Taillensch\u00fcrze verstr\u00f6mt herbstliche Eleganz mit einem zeitlosen Blumendruck und einer braunen Kunstledertasche sowie einer Innentasche. Perfekt f\u00fcr Berufst\u00e4tige, die Stil und Zweckm\u00e4\u00dfigkeit kombinieren m\u00f6chten.<\/strong><\/em><\/p>\n<ul>\n<li><em><strong>Sch\u00fcrze \/ G\u00fcrtel \/ Tasche <\/strong><\/em><\/li>\n<li><em><strong>Ideal f\u00fcr Kellner, die bei hohen Temperaturen arbeiten<\/strong><\/em><\/li>\n<li><em><strong>Eine Innen- und eine Au\u00dfentasche<\/strong><\/em><\/li>\n<li><em><strong>Metallischer Verschluss mit Metallschlie\u00dfe f\u00fcr eine perfekte Passform f\u00fcr jeden K\u00f6rpertyp<\/strong><\/em><\/li>\n<li><em><strong>Baumwolle \/ Cool Lining auf der R\u00fcckseite f\u00fcr das beste Gef\u00fchl bei jeder Temperatur. <\/strong><\/em><\/li>\n<\/ul>\n<p><em><strong>Kontaktieren Sie uns, um alle m\u00f6glichen Farbkombinationen zu sehen <\/strong><\/em><\/p>\n","protected":false},"featured_media":13211,"comment_status":"closed","ping_status":"closed","template":"","meta":[],"product_cat":[57,8,42,73,7,15,13,14],"product_tag":[],"class_list":{"0":"post-12969","1":"product","2":"type-product","3":"status-publish","4":"has-post-thumbnail","6":"product_cat-2024-2025","7":"product_cat-artists","8":"product_cat-coffee-lovers","9":"product_cat-stock-aprons-one-of-a-kind","10":"product_cat-hospitality","11":"product_cat-barber-hairdresser","12":"product_cat-service","13":"product_cat-somelie","15":"first","16":"instock","17":"taxable","18":"shipping-taxable","19":"purchasable","20":"product-type-simple"},"_links":{"self":[{"href":"https:\/\/www.2ha.gr\/de\/wp-json\/wp\/v2\/product\/12969","targetHints":{"allow":["GET"]}}],"collection":[{"href":"https:\/\/www.2ha.gr\/de\/wp-json\/wp\/v2\/product"}],"about":[{"href":"https:\/\/www.2ha.gr\/de\/wp-json\/wp\/v2\/types\/product"}],"replies":[{"embeddable":true,"href":"https:\/\/www.2ha.gr\/de\/wp-json\/wp\/v2\/comments?post=12969"}],"wp:featuredmedia":[{"embeddable":true,"href":"https:\/\/www.2ha.gr\/de\/wp-json\/wp\/v2\/media\/13211"}],"wp:attachment":[{"href":"https:\/\/www.2ha.gr\/de\/wp-json\/wp\/v2\/media?parent=12969"}],"wp:term":[{"taxonomy":"product_cat","embeddable":true,"href":"https:\/\/www.2ha.gr\/de\/wp-json\/wp\/v2\/product_cat?post=12969"},{"taxonomy":"product_tag","embeddable":true,"href":"https:\/\/www.2ha.gr\/de\/wp-json\/wp\/v2\/product_tag?post=12969"}],"curies":[{"name":"wp","href":"https:\/\/api.w.org\/{rel}","templated":true}]}}