{"id":12976,"date":"2025-01-17T11:46:58","date_gmt":"2025-01-17T09:46:58","guid":{"rendered":"https:\/\/www.2ha.gr\/?post_type=product&#038;p=12976"},"modified":"2025-07-16T12:30:22","modified_gmt":"2025-07-16T09:30:22","slug":"fiesta-spirit-shirt-%cf%87l","status":"publish","type":"product","link":"https:\/\/www.2ha.gr\/de\/product\/fiesta-spirit-shirt-%cf%87l\/","title":{"rendered":"Fiesta Spirit Shirt \u03a7L"},"content":{"rendered":"<p>Ein lebendiges und energiegeladenes Hemd, inspiriert vom <strong>D\u00eda de los Muertos<\/strong>. Mit seinem rosafarbenen Grundton und den auff\u00e4lligen Prints ist es das ultimative Statement-Piece f\u00fcr besondere Anl\u00e4sse. &#x1f480;&#x1f338;<br \/>\n<strong>Merkmale:<\/strong><\/p>\n<ul>\n<li>Gr\u00f6\u00dfe: XL<\/li>\n<li>Absolut einzigartig, nur zwei Shirts verf\u00fcgbar!<\/li>\n<li>Nur zwei Einzelst\u00fccke verf\u00fcgbar, nur zwei verf\u00fcgbar nur.<\/li>\n<\/ul>\n<p><\/p>","protected":false},"excerpt":{"rendered":"<p>Ein lebendiges und energiegeladenes Hemd, inspiriert vom D\u00eda de los Muertos. Mit seinem rosafarbenen Grundton und den auff\u00e4lligen Prints ist es das ultimative Statement-Piece f\u00fcr besondere Anl\u00e4sse. &#x1f480;&#x1f338; Merkmale: Gr\u00f6\u00dfe: XL Absolut einzigartig, nur zwei Shirts verf\u00fcgbar! Nur zwei Einzelst\u00fccke verf\u00fcgbar, nur zwei verf\u00fcgbar nur.<\/p>\n","protected":false},"featured_media":12978,"comment_status":"closed","ping_status":"closed","template":"","meta":[],"product_cat":[25,23],"product_tag":[],"class_list":{"0":"post-12976","1":"product","2":"type-product","3":"status-publish","4":"has-post-thumbnail","6":"product_cat-little-2ha","7":"product_cat-in-stock","9":"first","10":"outofstock","11":"taxable","12":"shipping-taxable","13":"purchasable","14":"product-type-simple"},"_links":{"self":[{"href":"https:\/\/www.2ha.gr\/de\/wp-json\/wp\/v2\/product\/12976","targetHints":{"allow":["GET"]}}],"collection":[{"href":"https:\/\/www.2ha.gr\/de\/wp-json\/wp\/v2\/product"}],"about":[{"href":"https:\/\/www.2ha.gr\/de\/wp-json\/wp\/v2\/types\/product"}],"replies":[{"embeddable":true,"href":"https:\/\/www.2ha.gr\/de\/wp-json\/wp\/v2\/comments?post=12976"}],"wp:featuredmedia":[{"embeddable":true,"href":"https:\/\/www.2ha.gr\/de\/wp-json\/wp\/v2\/media\/12978"}],"wp:attachment":[{"href":"https:\/\/www.2ha.gr\/de\/wp-json\/wp\/v2\/media?parent=12976"}],"wp:term":[{"taxonomy":"product_cat","embeddable":true,"href":"https:\/\/www.2ha.gr\/de\/wp-json\/wp\/v2\/product_cat?post=12976"},{"taxonomy":"product_tag","embeddable":true,"href":"https:\/\/www.2ha.gr\/de\/wp-json\/wp\/v2\/product_tag?post=12976"}],"curies":[{"name":"wp","href":"https:\/\/api.w.org\/{rel}","templated":true}]}}