{"id":12981,"date":"2025-01-17T12:09:18","date_gmt":"2025-01-17T10:09:18","guid":{"rendered":"https:\/\/www.2ha.gr\/?post_type=product&#038;p=12981"},"modified":"2025-01-28T14:42:21","modified_gmt":"2025-01-28T12:42:21","slug":"nautical-charm-shirt","status":"publish","type":"product","link":"https:\/\/www.2ha.gr\/de\/product\/nautical-charm-shirt\/","title":{"rendered":"Nautical Charm Shirt"},"content":{"rendered":"<p>Das <strong>Nautical Charm Shirt<\/strong> ist von der See und der Freiheit der Seeleute inspiriert. Die Vorderseite ist mit einem auff\u00e4lligen marineblauen Segelboot-Print bedruckt, w\u00e4hrend der dunkle Denim am Kragen, an den Taschen und auf der R\u00fcckseite f\u00fcr einen eleganten und l\u00e4ssigen Look sorgt. Perfekt f\u00fcr Sommerausfl\u00fcge oder Business Casual \u00c4sthetik.<\/p>","protected":false},"excerpt":{"rendered":"<p>Das <strong>Nautical Charm Shirt<\/strong> ist von der See und der Freiheit der Seeleute inspiriert. Die Vorderseite ist mit einem auff\u00e4lligen marineblauen Segelboot-Print bedruckt, w\u00e4hrend der dunkle Denim am Kragen, an den Taschen und auf der R\u00fcckseite f\u00fcr einen eleganten und l\u00e4ssigen Look sorgt. Perfekt f\u00fcr Sommerausfl\u00fcge oder Business Casual \u00c4sthetik.<\/p>\n","protected":false},"featured_media":13188,"comment_status":"closed","ping_status":"closed","template":"","meta":[],"product_cat":[25],"product_tag":[],"class_list":{"0":"post-12981","1":"product","2":"type-product","3":"status-publish","4":"has-post-thumbnail","6":"product_cat-little-2ha","8":"first","9":"instock","10":"taxable","11":"shipping-taxable","12":"purchasable","13":"product-type-variable"},"_links":{"self":[{"href":"https:\/\/www.2ha.gr\/de\/wp-json\/wp\/v2\/product\/12981","targetHints":{"allow":["GET"]}}],"collection":[{"href":"https:\/\/www.2ha.gr\/de\/wp-json\/wp\/v2\/product"}],"about":[{"href":"https:\/\/www.2ha.gr\/de\/wp-json\/wp\/v2\/types\/product"}],"replies":[{"embeddable":true,"href":"https:\/\/www.2ha.gr\/de\/wp-json\/wp\/v2\/comments?post=12981"}],"wp:featuredmedia":[{"embeddable":true,"href":"https:\/\/www.2ha.gr\/de\/wp-json\/wp\/v2\/media\/13188"}],"wp:attachment":[{"href":"https:\/\/www.2ha.gr\/de\/wp-json\/wp\/v2\/media?parent=12981"}],"wp:term":[{"taxonomy":"product_cat","embeddable":true,"href":"https:\/\/www.2ha.gr\/de\/wp-json\/wp\/v2\/product_cat?post=12981"},{"taxonomy":"product_tag","embeddable":true,"href":"https:\/\/www.2ha.gr\/de\/wp-json\/wp\/v2\/product_tag?post=12981"}],"curies":[{"name":"wp","href":"https:\/\/api.w.org\/{rel}","templated":true}]}}