{"id":13010,"date":"2025-01-21T23:54:57","date_gmt":"2025-01-21T21:54:57","guid":{"rendered":"https:\/\/www.2ha.gr\/?post_type=product&#038;p=13010"},"modified":"2025-01-28T14:41:21","modified_gmt":"2025-01-28T12:41:21","slug":"orange-edge-top-pants","status":"publish","type":"product","link":"https:\/\/www.2ha.gr\/de\/product\/orange-edge-top-pants\/","title":{"rendered":"Orange Edge Top &amp; Pants"},"content":{"rendered":"<p><strong><em>Das Orange Edge Set bietet einen modernen und stilvollen Ansatz f\u00fcr einen professionellen Look. Mit einer schwarzen Basis und leuchtend orangefarbenen Details ist es die perfekte Uniform f\u00fcr Kellner oder Mitarbeiter, die auffallen wollen. &#x1f7e7;&#x1f5a4;<\/em><\/strong><br \/>\n<strong><em>Merkmale:<\/em><\/strong><\/p>\n<ul>\n<li><strong><em>Material: Strapazierf\u00e4higes Baumwoll-Leinengewebe f\u00fcr den t\u00e4glichen Gebrauch.<\/em><\/strong><\/li>\n<li><strong><em>Design: Orangefarbene Details an Taschen, Halsausschnitt und Saum.<\/em><\/strong><\/li>\n<li><strong><em>Vielseitige Passform, ideal f\u00fcr jede Umgebung.<\/em><\/strong><\/li>\n<\/ul>\n<p><strong><em>Der Preis beinhaltet die Bluse und die Hose. <\/em><\/strong><\/p>","protected":false},"excerpt":{"rendered":"<p><strong><em>Das Orange Edge Set bietet einen modernen und stilvollen Ansatz f\u00fcr einen professionellen Look. Mit einer schwarzen Basis und leuchtend orangefarbenen Details ist es die perfekte Uniform f\u00fcr Kellner oder Mitarbeiter, die auffallen wollen. &#x1f7e7;&#x1f5a4;<\/em><\/strong><br \/>\n<strong><em>Merkmale:<\/em><\/strong><\/p>\n<ul>\n<li><strong><em>Material: Strapazierf\u00e4higes Baumwoll-Leinengewebe f\u00fcr den t\u00e4glichen Gebrauch.<\/em><\/strong><\/li>\n<li><strong><em>Design: Orangefarbene Details an Taschen, Halsausschnitt und Saum.<\/em><\/strong><\/li>\n<li><strong><em>Vielseitige Passform, ideal f\u00fcr jede Umgebung.<\/em><\/strong><\/li>\n<\/ul>\n<p><strong><em>Der Preis beinhaltet die Bluse und die Hose. <\/em><\/strong><\/p>\n","protected":false},"featured_media":13151,"comment_status":"closed","ping_status":"closed","template":"","meta":[],"product_cat":[25,23],"product_tag":[],"class_list":{"0":"post-13010","1":"product","2":"type-product","3":"status-publish","4":"has-post-thumbnail","6":"product_cat-little-2ha","7":"product_cat-in-stock","9":"first","10":"instock","11":"taxable","12":"shipping-taxable","13":"purchasable","14":"product-type-variable"},"_links":{"self":[{"href":"https:\/\/www.2ha.gr\/de\/wp-json\/wp\/v2\/product\/13010","targetHints":{"allow":["GET"]}}],"collection":[{"href":"https:\/\/www.2ha.gr\/de\/wp-json\/wp\/v2\/product"}],"about":[{"href":"https:\/\/www.2ha.gr\/de\/wp-json\/wp\/v2\/types\/product"}],"replies":[{"embeddable":true,"href":"https:\/\/www.2ha.gr\/de\/wp-json\/wp\/v2\/comments?post=13010"}],"wp:featuredmedia":[{"embeddable":true,"href":"https:\/\/www.2ha.gr\/de\/wp-json\/wp\/v2\/media\/13151"}],"wp:attachment":[{"href":"https:\/\/www.2ha.gr\/de\/wp-json\/wp\/v2\/media?parent=13010"}],"wp:term":[{"taxonomy":"product_cat","embeddable":true,"href":"https:\/\/www.2ha.gr\/de\/wp-json\/wp\/v2\/product_cat?post=13010"},{"taxonomy":"product_tag","embeddable":true,"href":"https:\/\/www.2ha.gr\/de\/wp-json\/wp\/v2\/product_tag?post=13010"}],"curies":[{"name":"wp","href":"https:\/\/api.w.org\/{rel}","templated":true}]}}