{"id":13017,"date":"2025-01-22T00:00:59","date_gmt":"2025-01-21T22:00:59","guid":{"rendered":"https:\/\/www.2ha.gr\/?post_type=product&#038;p=13017"},"modified":"2025-01-28T14:39:43","modified_gmt":"2025-01-28T12:39:43","slug":"fiesta-skull-pro-shirt","status":"publish","type":"product","link":"https:\/\/www.2ha.gr\/de\/product\/fiesta-skull-pro-shirt\/","title":{"rendered":"Fiesta Skull Pro Shirt"},"content":{"rendered":"<p><strong><em>Beschreibung:<\/em><\/strong><br \/>\n<strong><em>Das Fiesta Skull Pro Shirt ist die ultimative Wahl f\u00fcr alle, die ihrem professionellen Stil Farbe und Lebendigkeit verleihen wollen. Mit seinem einzigartigen, vom D\u00eda de los Muertos inspirierten Design, dem olivgr\u00fcnen Kragen und den Taschendetails bietet es einen mutigen und stilvollen Look. &#x1f480;&#x2728;<\/em><\/strong><br \/>\n<strong><em>Merkmale:<\/em><\/strong><\/p>\n<ul>\n<li><strong><em>Design: Mehrfarbige Totenk\u00f6pfe mit Oliventasche und Kragen.<\/em><\/strong><\/li>\n<li><strong><em>Gr\u00f6\u00dfe: Geeignet f\u00fcr den professionellen Einsatz (Barista, Chefkoch, Mixologen).<\/em><\/strong><\/li>\n<li><strong><em>Limitierte Auflage &#8211; Einzelst\u00fcck!<\/em><\/strong><\/li>\n<\/ul>\n<p><\/p>","protected":false},"excerpt":{"rendered":"<p><strong><em>Beschreibung:<\/em><\/strong><br \/>\n<strong><em>Das Fiesta Skull Pro Shirt ist die ultimative Wahl f\u00fcr alle, die ihrem professionellen Stil Farbe und Lebendigkeit verleihen wollen. Mit seinem einzigartigen, vom D\u00eda de los Muertos inspirierten Design, dem olivgr\u00fcnen Kragen und den Taschendetails bietet es einen mutigen und stilvollen Look. &#x1f480;&#x2728;<\/em><\/strong><br \/>\n<strong><em>Merkmale:<\/em><\/strong><\/p>\n<ul>\n<li><strong><em>Design: Mehrfarbige Totenk\u00f6pfe mit Oliventasche und Kragen.<\/em><\/strong><\/li>\n<li><strong><em>Gr\u00f6\u00dfe: Geeignet f\u00fcr den professionellen Einsatz (Barista, Chefkoch, Mixologen).<\/em><\/strong><\/li>\n<li><strong><em>Limitierte Auflage &#8211; Einzelst\u00fcck!<\/em><\/strong><\/li>\n<\/ul>\n","protected":false},"featured_media":13233,"comment_status":"closed","ping_status":"closed","template":"","meta":[],"product_cat":[25],"product_tag":[],"class_list":{"0":"post-13017","1":"product","2":"type-product","3":"status-publish","4":"has-post-thumbnail","6":"product_cat-little-2ha","8":"first","9":"instock","10":"taxable","11":"shipping-taxable","12":"purchasable","13":"product-type-variable"},"_links":{"self":[{"href":"https:\/\/www.2ha.gr\/de\/wp-json\/wp\/v2\/product\/13017","targetHints":{"allow":["GET"]}}],"collection":[{"href":"https:\/\/www.2ha.gr\/de\/wp-json\/wp\/v2\/product"}],"about":[{"href":"https:\/\/www.2ha.gr\/de\/wp-json\/wp\/v2\/types\/product"}],"replies":[{"embeddable":true,"href":"https:\/\/www.2ha.gr\/de\/wp-json\/wp\/v2\/comments?post=13017"}],"wp:featuredmedia":[{"embeddable":true,"href":"https:\/\/www.2ha.gr\/de\/wp-json\/wp\/v2\/media\/13233"}],"wp:attachment":[{"href":"https:\/\/www.2ha.gr\/de\/wp-json\/wp\/v2\/media?parent=13017"}],"wp:term":[{"taxonomy":"product_cat","embeddable":true,"href":"https:\/\/www.2ha.gr\/de\/wp-json\/wp\/v2\/product_cat?post=13017"},{"taxonomy":"product_tag","embeddable":true,"href":"https:\/\/www.2ha.gr\/de\/wp-json\/wp\/v2\/product_tag?post=13017"}],"curies":[{"name":"wp","href":"https:\/\/api.w.org\/{rel}","templated":true}]}}