{"id":13023,"date":"2025-01-22T00:11:26","date_gmt":"2025-01-21T22:11:26","guid":{"rendered":"https:\/\/www.2ha.gr\/?post_type=product&#038;p=13023"},"modified":"2025-01-28T14:38:24","modified_gmt":"2025-01-28T12:38:24","slug":"rustic-bloom-shirt","status":"publish","type":"product","link":"https:\/\/www.2ha.gr\/de\/product\/rustic-bloom-shirt\/","title":{"rendered":"Rustic Bloom Shirt"},"content":{"rendered":"<p><strong><em>Beschreibung:<\/em><\/strong><br \/>\n<strong><em>Das Rustic Bloom Shirt kombiniert den Komfort eines Sweatshirts mit der Eleganz eines floralen Designs. Mit einer weichen Textur auf grau-blauem Grund und floralen Details an Kragen, Knopfleiste und Manschetten ist es ideal f\u00fcr alle, die eine Balance zwischen Casual- und Business-Stil suchen. &#x1f33f;&#x1f499;<\/em><\/strong><br \/>\n<strong><em>Merkmale:<\/em><\/strong><\/p>\n<ul>\n<li><strong><em>Material: Leichtes Sweatshirt f\u00fcr Komfort und Leichtigkeit.<\/em><\/strong><\/li>\n<li><strong><em>Design: Florale Details am Saum.<\/em><\/strong><\/li>\n<li><strong><em>Ideal f\u00fcr Caf\u00e9s, B\u00e4ckereien und Restaurants.<\/em><\/strong><\/li>\n<\/ul>\n<p><strong><em> Florales Hemd, gebl\u00fcmtes Hemd, Sweatshirt-Shirt, l\u00e4ssiges Berufshemd, handgefertigtes Hemd.<\/em><\/strong><\/p>","protected":false},"excerpt":{"rendered":"<p><strong><em>Beschreibung:<\/em><\/strong><br \/>\n<strong><em>Das Rustic Bloom Shirt kombiniert den Komfort eines Sweatshirts mit der Eleganz eines floralen Designs. Mit einer weichen Textur auf grau-blauem Grund und floralen Details an Kragen, Knopfleiste und Manschetten ist es ideal f\u00fcr alle, die eine Balance zwischen Casual- und Business-Stil suchen. &#x1f33f;&#x1f499;<\/em><\/strong><br \/>\n<strong><em>Merkmale:<\/em><\/strong><\/p>\n<ul>\n<li><strong><em>Material: Leichtes Sweatshirt f\u00fcr Komfort und Leichtigkeit.<\/em><\/strong><\/li>\n<li><strong><em>Design: Florale Details am Saum.<\/em><\/strong><\/li>\n<li><strong><em>Ideal f\u00fcr Caf\u00e9s, B\u00e4ckereien und Restaurants.<\/em><\/strong><\/li>\n<\/ul>\n<p><strong><em> Florales Hemd, gebl\u00fcmtes Hemd, Sweatshirt-Shirt, l\u00e4ssiges Berufshemd, handgefertigtes Hemd.<\/em><\/strong><\/p>\n","protected":false},"featured_media":13192,"comment_status":"closed","ping_status":"closed","template":"","meta":[],"product_cat":[25],"product_tag":[],"class_list":{"0":"post-13023","1":"product","2":"type-product","3":"status-publish","4":"has-post-thumbnail","6":"product_cat-little-2ha","8":"first","9":"instock","10":"taxable","11":"shipping-taxable","12":"purchasable","13":"product-type-variable"},"_links":{"self":[{"href":"https:\/\/www.2ha.gr\/de\/wp-json\/wp\/v2\/product\/13023","targetHints":{"allow":["GET"]}}],"collection":[{"href":"https:\/\/www.2ha.gr\/de\/wp-json\/wp\/v2\/product"}],"about":[{"href":"https:\/\/www.2ha.gr\/de\/wp-json\/wp\/v2\/types\/product"}],"replies":[{"embeddable":true,"href":"https:\/\/www.2ha.gr\/de\/wp-json\/wp\/v2\/comments?post=13023"}],"wp:featuredmedia":[{"embeddable":true,"href":"https:\/\/www.2ha.gr\/de\/wp-json\/wp\/v2\/media\/13192"}],"wp:attachment":[{"href":"https:\/\/www.2ha.gr\/de\/wp-json\/wp\/v2\/media?parent=13023"}],"wp:term":[{"taxonomy":"product_cat","embeddable":true,"href":"https:\/\/www.2ha.gr\/de\/wp-json\/wp\/v2\/product_cat?post=13023"},{"taxonomy":"product_tag","embeddable":true,"href":"https:\/\/www.2ha.gr\/de\/wp-json\/wp\/v2\/product_tag?post=13023"}],"curies":[{"name":"wp","href":"https:\/\/api.w.org\/{rel}","templated":true}]}}