{"id":13029,"date":"2025-01-22T00:16:46","date_gmt":"2025-01-21T22:16:46","guid":{"rendered":"https:\/\/www.2ha.gr\/?post_type=product&#038;p=13029"},"modified":"2025-01-28T14:37:29","modified_gmt":"2025-01-28T12:37:29","slug":"woodland-utility-apron","status":"publish","type":"product","link":"https:\/\/www.2ha.gr\/de\/product\/woodland-utility-apron\/","title":{"rendered":"Woodland Utility Apron"},"content":{"rendered":"<p><\/p>\n<article class=\"w-full scroll-mb-[var(--thread-trailing-height,150px)] text-token-text-primary focus-visible:outline-2 focus-visible:outline-offset-[-4px]\" dir=\"auto\" data-testid=\"conversation-turn-29\" data-scroll-anchor=\"false\">\n<div class=\"group\/conversation-turn relative flex w-full min-w-0 flex-col agent-turn\">\n<div class=\"flex-col gap-1 md:gap-3\">\n<div class=\"flex max-w-full flex-col flex-grow\">\n<div class=\"min-h-8 text-message flex w-full flex-col items-end gap-2 whitespace-normal break-words text-start [.text-message+&amp;]:mt-5\" dir=\"auto\" data-message-author-role=\"assistant\" data-message-id=\"a96bf102-6c0e-4c05-b3fb-cde60f29dd26\" data-message-model-slug=\"gpt-4o\">\n<div class=\"flex w-full flex-col gap-1 empty:hidden first:pt-[3px]\">\n<div class=\"markdown prose w-full break-words dark:prose-invert dark\">\n<p><strong><em>Die Woodland Utility Apron ist von der Natur inspiriert, mit erdigen T\u00f6nen in Braun und Oliv. Die ergonomischen Taschen und das strapazierf\u00e4hige Material machen sie ideal f\u00fcr Berufst\u00e4tige, die Langlebigkeit und Zweckm\u00e4\u00dfigkeit suchen. &#x1f33f;<\/em><\/strong><br \/>\n<strong><em>Merkmale:<\/em><\/strong><\/p>\n<ul>\n<li><strong><em>Material: Strapazierf\u00e4higes zweifarbiges Gewebe.<\/em><\/strong><\/li>\n<li><strong><em>Design: Zwei ergonomische Taschen mit modernem Schnitt.<\/em><\/strong><\/li>\n<li><strong><em>Passform: Perfekt f\u00fcr K\u00f6che, Baristas und den allgemeinen Gebrauch.<\/em><\/strong><\/li>\n<li><strong><em>Zwei Au\u00dfentaschen <\/em><\/strong><\/li>\n<li><strong><em>Kreuzgurte, um den Hals frei zu halten und eine perfekte Passform f\u00fcr jeden K\u00f6rpertyp zu haben<\/em><\/strong><\/li>\n<li><strong><em>Baumwoll-\/K\u00fchlfutter auf dem R\u00fccken f\u00fcr ein optimales Tragegef\u00fchl bei jeder Temperatur<\/em><\/strong><\/li>\n<\/ul>\n<p><strong><em>Professionelle khakibraune Sch\u00fcrze, Fokus-Sch\u00fcrze, von der Natur inspirierte Sch\u00fcrze, Gebrauchssch\u00fcrze.<\/em><\/strong><\/p>\n<\/div>\n<\/div>\n<\/div>\n<\/div>\n<\/div>\n<\/div>\n<\/article>\n<p><\/p>","protected":false},"excerpt":{"rendered":"<p><strong><em>Die Woodland Utility Apron ist von der Natur inspiriert, mit erdigen T\u00f6nen in Braun und Oliv. Die ergonomischen Taschen und das strapazierf\u00e4hige Material machen sie ideal f\u00fcr Berufst\u00e4tige, die Langlebigkeit und Zweckm\u00e4\u00dfigkeit suchen. &#x1f33f;<\/em><\/strong><br \/>\n<strong><em>Merkmale:<\/em><\/strong><\/p>\n<ul>\n<li><strong><em>Material: Strapazierf\u00e4higes zweifarbiges Gewebe.<\/em><\/strong><\/li>\n<li><strong><em>Design: Zwei ergonomische Taschen mit modernem Schnitt.<\/em><\/strong><\/li>\n<li><strong><em>Passform: Perfekt f\u00fcr K\u00f6che, Baristas und den allgemeinen Gebrauch.<\/em><\/strong><\/li>\n<li><strong><em>Zwei Au\u00dfentaschen <\/em><\/strong><\/li>\n<li><strong><em>Kreuzgurte, um den Hals frei zu halten und eine perfekte Passform f\u00fcr jeden K\u00f6rpertyp zu haben<\/em><\/strong><\/li>\n<li><strong><em>Baumwoll-\/K\u00fchlfutter auf dem R\u00fccken f\u00fcr ein optimales Tragegef\u00fchl bei jeder Temperatur<\/em><\/strong><\/li>\n<\/ul>\n<p><strong><em>Professionelle khakibraune Sch\u00fcrze, Fokus-Sch\u00fcrze, von der Natur inspirierte Sch\u00fcrze, Gebrauchssch\u00fcrze.<\/em><\/strong><\/p>\n","protected":false},"featured_media":13181,"comment_status":"closed","ping_status":"closed","template":"","meta":[],"product_cat":[57,11,12,42,40,58,13,21,24],"product_tag":[],"class_list":{"0":"post-13029","1":"product","2":"type-product","3":"status-publish","4":"has-post-thumbnail","6":"product_cat-2024-2025","7":"product_cat-barista","8":"product_cat-bartender","9":"product_cat-coffee-lovers","10":"product_cat-40","11":"product_cat-58","12":"product_cat-service","13":"product_cat-chef","14":"product_cat-aprons","16":"first","17":"instock","18":"taxable","19":"shipping-taxable","20":"purchasable","21":"product-type-simple"},"_links":{"self":[{"href":"https:\/\/www.2ha.gr\/de\/wp-json\/wp\/v2\/product\/13029","targetHints":{"allow":["GET"]}}],"collection":[{"href":"https:\/\/www.2ha.gr\/de\/wp-json\/wp\/v2\/product"}],"about":[{"href":"https:\/\/www.2ha.gr\/de\/wp-json\/wp\/v2\/types\/product"}],"replies":[{"embeddable":true,"href":"https:\/\/www.2ha.gr\/de\/wp-json\/wp\/v2\/comments?post=13029"}],"wp:featuredmedia":[{"embeddable":true,"href":"https:\/\/www.2ha.gr\/de\/wp-json\/wp\/v2\/media\/13181"}],"wp:attachment":[{"href":"https:\/\/www.2ha.gr\/de\/wp-json\/wp\/v2\/media?parent=13029"}],"wp:term":[{"taxonomy":"product_cat","embeddable":true,"href":"https:\/\/www.2ha.gr\/de\/wp-json\/wp\/v2\/product_cat?post=13029"},{"taxonomy":"product_tag","embeddable":true,"href":"https:\/\/www.2ha.gr\/de\/wp-json\/wp\/v2\/product_tag?post=13029"}],"curies":[{"name":"wp","href":"https:\/\/api.w.org\/{rel}","templated":true}]}}