{"id":13030,"date":"2025-01-22T00:24:12","date_gmt":"2025-01-21T22:24:12","guid":{"rendered":"https:\/\/www.2ha.gr\/?post_type=product&#038;p=13030"},"modified":"2025-01-22T00:24:14","modified_gmt":"2025-01-21T22:24:14","slug":"aqua-bloom-professional-set","status":"publish","type":"product","link":"https:\/\/www.2ha.gr\/de\/product\/aqua-bloom-professional-set\/","title":{"rendered":"Aqua Bloom Professional Set"},"content":{"rendered":"<p><strong><em>Beschreibung:<\/em><\/strong><br \/>\n<strong><em>Das Aqua Bloom Professional Set wurde f\u00fcr Fachleute entwickelt, die Komfort und Einzigartigkeit miteinander verbinden m\u00f6chten. Mit seinem leuchtenden Aquafarbton und den Blumendetails an Kragen und Saum ist es die perfekte Wahl f\u00fcr Mitarbeiter in Caf\u00e9s, Hotels oder Gesundheitseinrichtungen. &#x1f338;&#x2728;<\/em><\/strong><br \/>\n<strong><em>Merkmale:<\/em><\/strong><\/p>\n<ul>\n<li><strong><em>Material: Leichtes, atmungsaktives Gewebe.<\/em><\/strong><\/li>\n<li><strong><em>Design: Florale Details an Kragen, Manschetten und B\u00fcndchen.<\/em><\/strong><\/li>\n<li><strong><em>Blumen, Blumendruck, Blumendruck, Blumendruck, Blumendruck, Blumendruck, Blumendruck, Blumendruck, Blumendruck, Blumendruck.<\/em><\/strong><\/li>\n<\/ul>\n<p><strong><em> Professionelles Cafeteria-Set, Personaluniform, florale Berufsuniform, Set f\u00fcr Baristas.<\/em><\/strong><\/p>","protected":false},"excerpt":{"rendered":"<p><strong><em>Beschreibung:<\/em><\/strong><br \/>\n<strong><em>Das Aqua Bloom Professional Set wurde f\u00fcr Fachleute entwickelt, die Komfort und Einzigartigkeit miteinander verbinden m\u00f6chten. Mit seinem leuchtenden Aquafarbton und den Blumendetails an Kragen und Saum ist es die perfekte Wahl f\u00fcr Mitarbeiter in Caf\u00e9s, Hotels oder Gesundheitseinrichtungen. &#x1f338;&#x2728;<\/em><\/strong><br \/>\n<strong><em>Merkmale:<\/em><\/strong><\/p>\n<ul>\n<li><strong><em>Material: Leichtes, atmungsaktives Gewebe.<\/em><\/strong><\/li>\n<li><strong><em>Design: Florale Details an Kragen, Manschetten und B\u00fcndchen.<\/em><\/strong><\/li>\n<li><strong><em>Blumen, Blumendruck, Blumendruck, Blumendruck, Blumendruck, Blumendruck, Blumendruck, Blumendruck, Blumendruck, Blumendruck.<\/em><\/strong><\/li>\n<\/ul>\n<p><strong><em> Professionelles Cafeteria-Set, Personaluniform, florale Berufsuniform, Set f\u00fcr Baristas.<\/em><\/strong><\/p>\n","protected":false},"featured_media":12996,"comment_status":"closed","ping_status":"closed","template":"","meta":[],"product_cat":[25],"product_tag":[],"class_list":{"0":"post-13030","1":"product","2":"type-product","3":"status-publish","4":"has-post-thumbnail","6":"product_cat-little-2ha","8":"first","9":"instock","10":"taxable","11":"shipping-taxable","12":"purchasable","13":"product-type-variable"},"_links":{"self":[{"href":"https:\/\/www.2ha.gr\/de\/wp-json\/wp\/v2\/product\/13030","targetHints":{"allow":["GET"]}}],"collection":[{"href":"https:\/\/www.2ha.gr\/de\/wp-json\/wp\/v2\/product"}],"about":[{"href":"https:\/\/www.2ha.gr\/de\/wp-json\/wp\/v2\/types\/product"}],"replies":[{"embeddable":true,"href":"https:\/\/www.2ha.gr\/de\/wp-json\/wp\/v2\/comments?post=13030"}],"wp:featuredmedia":[{"embeddable":true,"href":"https:\/\/www.2ha.gr\/de\/wp-json\/wp\/v2\/media\/12996"}],"wp:attachment":[{"href":"https:\/\/www.2ha.gr\/de\/wp-json\/wp\/v2\/media?parent=13030"}],"wp:term":[{"taxonomy":"product_cat","embeddable":true,"href":"https:\/\/www.2ha.gr\/de\/wp-json\/wp\/v2\/product_cat?post=13030"},{"taxonomy":"product_tag","embeddable":true,"href":"https:\/\/www.2ha.gr\/de\/wp-json\/wp\/v2\/product_tag?post=13030"}],"curies":[{"name":"wp","href":"https:\/\/api.w.org\/{rel}","templated":true}]}}