{"id":13042,"date":"2025-01-22T01:06:39","date_gmt":"2025-01-21T23:06:39","guid":{"rendered":"https:\/\/www.2ha.gr\/?post_type=product&#038;p=13042"},"modified":"2025-01-22T01:06:41","modified_gmt":"2025-01-21T23:06:41","slug":"midnight-wave-jacket","status":"publish","type":"product","link":"https:\/\/www.2ha.gr\/de\/product\/midnight-wave-jacket\/","title":{"rendered":"Midnight Wave  Jacket"},"content":{"rendered":"<p><strong><em>Beschreibung:<\/em><\/strong><br \/>\n<strong><em>Die Midnight Wave Jacket ist der Inbegriff von Eleganz und Professionalit\u00e4t. Mit ihrem einzigartigen wellenf\u00f6rmigen Design in Schwarz und Dunkelgrau bietet sie eine einzigartige Kombination aus Stil und Funktionalit\u00e4t. Perfekt f\u00fcr K\u00f6che, die sich abheben wollen. &#x1f377;&#x2728;<\/em><\/strong><br \/>\n<strong><em>Merkmale:<\/em><\/strong><\/p>\n<ul>\n<li><strong><em>Material: Hochwertiger Stoff mit hervorragender Passform.<\/em><\/strong><\/li>\n<li><strong><em>Design: Gewelltes graues Paneel mit Kn\u00f6pfen und Stehkragen.<\/em><\/strong><\/li>\n<li><strong><em>Perfekt f\u00fcr gehobene Gesch\u00e4ftsr\u00e4ume.<\/em><\/strong><\/li>\n<\/ul>\n<p><strong><em> Professionelle Kochjacke, Kochjacke einzigartiges Design, schwarze Kochjacke, stilvolle Business-Uniform.<\/em><\/strong><\/p>","protected":false},"excerpt":{"rendered":"<p><strong><em>Beschreibung:<\/em><\/strong><br \/>\n<strong><em>Die Midnight Wave Jacket ist der Inbegriff von Eleganz und Professionalit\u00e4t. Mit ihrem einzigartigen wellenf\u00f6rmigen Design in Schwarz und Dunkelgrau bietet sie eine einzigartige Kombination aus Stil und Funktionalit\u00e4t. Perfekt f\u00fcr K\u00f6che, die sich abheben wollen. &#x1f377;&#x2728;<\/em><\/strong><br \/>\n<strong><em>Merkmale:<\/em><\/strong><\/p>\n<ul>\n<li><strong><em>Material: Hochwertiger Stoff mit hervorragender Passform.<\/em><\/strong><\/li>\n<li><strong><em>Design: Gewelltes graues Paneel mit Kn\u00f6pfen und Stehkragen.<\/em><\/strong><\/li>\n<li><strong><em>Perfekt f\u00fcr gehobene Gesch\u00e4ftsr\u00e4ume.<\/em><\/strong><\/li>\n<\/ul>\n<p><strong><em> Professionelle Kochjacke, Kochjacke einzigartiges Design, schwarze Kochjacke, stilvolle Business-Uniform.<\/em><\/strong><\/p>\n","protected":false},"featured_media":13004,"comment_status":"closed","ping_status":"closed","template":"","meta":[],"product_cat":[25],"product_tag":[],"class_list":{"0":"post-13042","1":"product","2":"type-product","3":"status-publish","4":"has-post-thumbnail","6":"product_cat-little-2ha","8":"first","9":"instock","10":"taxable","11":"shipping-taxable","12":"purchasable","13":"product-type-variable"},"_links":{"self":[{"href":"https:\/\/www.2ha.gr\/de\/wp-json\/wp\/v2\/product\/13042","targetHints":{"allow":["GET"]}}],"collection":[{"href":"https:\/\/www.2ha.gr\/de\/wp-json\/wp\/v2\/product"}],"about":[{"href":"https:\/\/www.2ha.gr\/de\/wp-json\/wp\/v2\/types\/product"}],"replies":[{"embeddable":true,"href":"https:\/\/www.2ha.gr\/de\/wp-json\/wp\/v2\/comments?post=13042"}],"wp:featuredmedia":[{"embeddable":true,"href":"https:\/\/www.2ha.gr\/de\/wp-json\/wp\/v2\/media\/13004"}],"wp:attachment":[{"href":"https:\/\/www.2ha.gr\/de\/wp-json\/wp\/v2\/media?parent=13042"}],"wp:term":[{"taxonomy":"product_cat","embeddable":true,"href":"https:\/\/www.2ha.gr\/de\/wp-json\/wp\/v2\/product_cat?post=13042"},{"taxonomy":"product_tag","embeddable":true,"href":"https:\/\/www.2ha.gr\/de\/wp-json\/wp\/v2\/product_tag?post=13042"}],"curies":[{"name":"wp","href":"https:\/\/api.w.org\/{rel}","templated":true}]}}