{"id":13048,"date":"2025-01-22T01:10:04","date_gmt":"2025-01-21T23:10:04","guid":{"rendered":"https:\/\/www.2ha.gr\/?post_type=product&#038;p=13048"},"modified":"2025-01-22T01:10:07","modified_gmt":"2025-01-21T23:10:07","slug":"dual-tone-utility-apron","status":"publish","type":"product","link":"https:\/\/www.2ha.gr\/de\/product\/dual-tone-utility-apron\/","title":{"rendered":"Dual-Tone Utility Apron"},"content":{"rendered":"<p><em><strong>Die zweifarbige Utility-Sch\u00fcrze ist die ideale Kombination aus Schlichtheit und Funktionalit\u00e4t. Die zweifarbige Sch\u00fcrze in Schwarz und Khaki verf\u00fcgt \u00fcber gro\u00dfe Taschen und eine minimalistische \u00c4sthetik, die in jeden professionellen Bereich passt. &#x1f44c;<\/strong><\/em><br \/>\n<em><strong>Merkmale:<\/strong><\/em><\/p>\n<ul>\n<li><em><strong>Material: Hochfestes Gewebe.<\/strong><\/em><\/li>\n<li><em><strong>Design: Doppelfarbig mit ger\u00e4umigen Taschen.<\/strong><\/em><\/li>\n<li><em><strong>Ideal f\u00fcr Barista, K\u00f6che und Service-Profis.<\/strong><\/em><\/li>\n<li><em><strong>Zwei Au\u00dfentaschen <\/strong><\/em><\/li>\n<li><em><strong>Kreuzgurte zur Vermeidung von Nackenbelastungen und f\u00fcr eine perfekte Passform f\u00fcr jeden K\u00f6rpertyp<\/strong><\/em><\/li>\n<li><em><strong>Baumwolle \/ Cool Lining auf der R\u00fcckseite f\u00fcr das beste Gef\u00fchl in jeder Temperatur<\/strong><\/em><\/li>\n<\/ul>\n<p><em><strong> Zweifarbige Sch\u00fcrze, Gebrauchssch\u00fcrze, Business-Sch\u00fcrze, Sch\u00fcrze mit minimalem Design.<\/strong><\/em><\/p>","protected":false},"excerpt":{"rendered":"<p><em><strong>Die zweifarbige Utility-Sch\u00fcrze ist die ideale Kombination aus Schlichtheit und Funktionalit\u00e4t. Die zweifarbige Sch\u00fcrze in Schwarz und Khaki verf\u00fcgt \u00fcber gro\u00dfe Taschen und eine minimalistische \u00c4sthetik, die in jeden professionellen Bereich passt. &#x1f44c;<\/strong><\/em><br \/>\n<em><strong>Merkmale:<\/strong><\/em><\/p>\n<ul>\n<li><em><strong>Material: Hochfestes Gewebe.<\/strong><\/em><\/li>\n<li><em><strong>Design: Doppelfarbig mit ger\u00e4umigen Taschen.<\/strong><\/em><\/li>\n<li><em><strong>Ideal f\u00fcr Barista, K\u00f6che und Service-Profis.<\/strong><\/em><\/li>\n<li><em><strong>Zwei Au\u00dfentaschen <\/strong><\/em><\/li>\n<li><em><strong>Kreuzgurte zur Vermeidung von Nackenbelastungen und f\u00fcr eine perfekte Passform f\u00fcr jeden K\u00f6rpertyp<\/strong><\/em><\/li>\n<li><em><strong>Baumwolle \/ Cool Lining auf der R\u00fcckseite f\u00fcr das beste Gef\u00fchl in jeder Temperatur<\/strong><\/em><\/li>\n<\/ul>\n<p><em><strong> Zweifarbige Sch\u00fcrze, Gebrauchssch\u00fcrze, Business-Sch\u00fcrze, Sch\u00fcrze mit minimalem Design.<\/strong><\/em><\/p>\n","protected":false},"featured_media":13006,"comment_status":"closed","ping_status":"closed","template":"","meta":[],"product_cat":[57,11,12,73,7,58,13,21,14,24],"product_tag":[],"class_list":{"0":"post-13048","1":"product","2":"type-product","3":"status-publish","4":"has-post-thumbnail","6":"product_cat-2024-2025","7":"product_cat-barista","8":"product_cat-bartender","9":"product_cat-stock-aprons-one-of-a-kind","10":"product_cat-hospitality","11":"product_cat-58","12":"product_cat-service","13":"product_cat-chef","14":"product_cat-somelie","15":"product_cat-aprons","17":"first","18":"instock","19":"taxable","20":"shipping-taxable","21":"purchasable","22":"product-type-simple"},"_links":{"self":[{"href":"https:\/\/www.2ha.gr\/de\/wp-json\/wp\/v2\/product\/13048","targetHints":{"allow":["GET"]}}],"collection":[{"href":"https:\/\/www.2ha.gr\/de\/wp-json\/wp\/v2\/product"}],"about":[{"href":"https:\/\/www.2ha.gr\/de\/wp-json\/wp\/v2\/types\/product"}],"replies":[{"embeddable":true,"href":"https:\/\/www.2ha.gr\/de\/wp-json\/wp\/v2\/comments?post=13048"}],"wp:featuredmedia":[{"embeddable":true,"href":"https:\/\/www.2ha.gr\/de\/wp-json\/wp\/v2\/media\/13006"}],"wp:attachment":[{"href":"https:\/\/www.2ha.gr\/de\/wp-json\/wp\/v2\/media?parent=13048"}],"wp:term":[{"taxonomy":"product_cat","embeddable":true,"href":"https:\/\/www.2ha.gr\/de\/wp-json\/wp\/v2\/product_cat?post=13048"},{"taxonomy":"product_tag","embeddable":true,"href":"https:\/\/www.2ha.gr\/de\/wp-json\/wp\/v2\/product_tag?post=13048"}],"curies":[{"name":"wp","href":"https:\/\/api.w.org\/{rel}","templated":true}]}}