{"id":13057,"date":"2025-01-22T01:23:20","date_gmt":"2025-01-21T23:23:20","guid":{"rendered":"https:\/\/www.2ha.gr\/?post_type=product&#038;p=13057"},"modified":"2025-06-26T13:56:57","modified_gmt":"2025-06-26T10:56:57","slug":"comics-craze-apron","status":"publish","type":"product","link":"https:\/\/www.2ha.gr\/de\/product\/comics-craze-apron\/","title":{"rendered":"Comics Craze Apron"},"content":{"rendered":"<p><em><strong>Beschreibung:<\/strong><\/em><br \/>\n<em><strong>Die Comics Craze Sch\u00fcrze f\u00fcr Kunst- und Popkultur-Liebhaber verbindet Funktionalit\u00e4t mit Kreativit\u00e4t. Mit Comic-Prints auf den Taschen und einem zentralen Design in Schwarz ist diese Sch\u00fcrze perfekt f\u00fcr alle, die in ihrem beruflichen Umfeld auffallen wollen. &#x1f3a8;&#x1f9b8;<\/strong><\/em><br \/>\n<em><strong>Merkmale:<\/strong><\/em><\/p>\n<ul>\n<li><em><strong>Design: Comic-Prints auf den Taschen.<\/strong><\/em><\/li>\n<li><em><strong>Material: Strapazierf\u00e4higer Stoff, perfekt f\u00fcr den t\u00e4glichen Gebrauch.<\/strong><\/em><\/li>\n<li><em><strong>Anwendung: Geeignet f\u00fcr Baristas, Barkeeper und Gastronomie-Profis.<\/strong><\/em><\/li>\n<li><em><strong>Zwei Au\u00dfentaschen. <\/strong><\/em><\/li>\n<li><em><strong>Kreuzgurte zur Vermeidung von Nackenbeschwerden und eine perfekte Passform f\u00fcr jeden K\u00f6rpertyp<\/strong><\/em><\/li>\n<li><em><strong>Baumwolle \/ Cool Lining auf der R\u00fcckseite f\u00fcr das beste Gef\u00fchl in jeder Temperatur<\/strong><\/em><\/li>\n<\/ul>\n<p><em><strong>Sch\u00fcrze mit Comics, professionelle Kunstsch\u00fcrze, individuell bedruckte Sch\u00fcrze, kreative Sch\u00fcrze.<\/strong><\/em><\/p>","protected":false},"excerpt":{"rendered":"<p><em><strong>Beschreibung:<\/strong><\/em><br \/>\n<em><strong>Die Comics Craze Sch\u00fcrze f\u00fcr Kunst- und Popkultur-Liebhaber verbindet Funktionalit\u00e4t mit Kreativit\u00e4t. Mit Comic-Prints auf den Taschen und einem zentralen Design in Schwarz ist diese Sch\u00fcrze perfekt f\u00fcr alle, die in ihrem beruflichen Umfeld auffallen wollen. &#x1f3a8;&#x1f9b8;<\/strong><\/em><br \/>\n<em><strong>Merkmale:<\/strong><\/em><\/p>\n<ul>\n<li><em><strong>Design: Comic-Prints auf den Taschen.<\/strong><\/em><\/li>\n<li><em><strong>Material: Strapazierf\u00e4higer Stoff, perfekt f\u00fcr den t\u00e4glichen Gebrauch.<\/strong><\/em><\/li>\n<li><em><strong>Anwendung: Geeignet f\u00fcr Baristas, Barkeeper und Gastronomie-Profis.<\/strong><\/em><\/li>\n<li><em><strong>Zwei Au\u00dfentaschen. <\/strong><\/em><\/li>\n<li><em><strong>Kreuzgurte zur Vermeidung von Nackenbeschwerden und eine perfekte Passform f\u00fcr jeden K\u00f6rpertyp<\/strong><\/em><\/li>\n<li><em><strong>Baumwolle \/ Cool Lining auf der R\u00fcckseite f\u00fcr das beste Gef\u00fchl in jeder Temperatur<\/strong><\/em><\/li>\n<\/ul>\n<p><em><strong>Sch\u00fcrze mit Comics, professionelle Kunstsch\u00fcrze, individuell bedruckte Sch\u00fcrze, kreative Sch\u00fcrze.<\/strong><\/em><\/p>\n","protected":false},"featured_media":13051,"comment_status":"closed","ping_status":"closed","template":"","meta":[],"product_cat":[57,8,11,12,42,45,73,23,40,7,15,17,13,21,24],"product_tag":[],"class_list":{"0":"post-13057","1":"product","2":"type-product","3":"status-publish","4":"has-post-thumbnail","6":"product_cat-2024-2025","7":"product_cat-artists","8":"product_cat-barista","9":"product_cat-bartender","10":"product_cat-coffee-lovers","11":"product_cat-season-2021-2022","12":"product_cat-stock-aprons-one-of-a-kind","13":"product_cat-in-stock","14":"product_cat-40","15":"product_cat-hospitality","16":"product_cat-barber-hairdresser","17":"product_cat-nail-artist","18":"product_cat-service","19":"product_cat-chef","20":"product_cat-aprons","22":"first","23":"instock","24":"taxable","25":"shipping-taxable","26":"purchasable","27":"product-type-simple"},"_links":{"self":[{"href":"https:\/\/www.2ha.gr\/de\/wp-json\/wp\/v2\/product\/13057","targetHints":{"allow":["GET"]}}],"collection":[{"href":"https:\/\/www.2ha.gr\/de\/wp-json\/wp\/v2\/product"}],"about":[{"href":"https:\/\/www.2ha.gr\/de\/wp-json\/wp\/v2\/types\/product"}],"replies":[{"embeddable":true,"href":"https:\/\/www.2ha.gr\/de\/wp-json\/wp\/v2\/comments?post=13057"}],"wp:featuredmedia":[{"embeddable":true,"href":"https:\/\/www.2ha.gr\/de\/wp-json\/wp\/v2\/media\/13051"}],"wp:attachment":[{"href":"https:\/\/www.2ha.gr\/de\/wp-json\/wp\/v2\/media?parent=13057"}],"wp:term":[{"taxonomy":"product_cat","embeddable":true,"href":"https:\/\/www.2ha.gr\/de\/wp-json\/wp\/v2\/product_cat?post=13057"},{"taxonomy":"product_tag","embeddable":true,"href":"https:\/\/www.2ha.gr\/de\/wp-json\/wp\/v2\/product_tag?post=13057"}],"curies":[{"name":"wp","href":"https:\/\/api.w.org\/{rel}","templated":true}]}}