{"id":13072,"date":"2025-01-25T00:46:24","date_gmt":"2025-01-24T22:46:24","guid":{"rendered":"https:\/\/www.2ha.gr\/?post_type=product&#038;p=13072"},"modified":"2026-03-26T10:09:20","modified_gmt":"2026-03-26T08:09:20","slug":"mandala-chic","status":"publish","type":"product","link":"https:\/\/www.2ha.gr\/de\/product\/mandala-chic\/","title":{"rendered":"Mandala Chic"},"content":{"rendered":"<p><strong>Entdecken Sie die einzigartige Sch\u00fcrze Mandala Chic aus hochwertigem bedrucktem Kunstleder. Dieses auff\u00e4llige Design mit Mandala-Motiven ist perfekt f\u00fcr Caf\u00e9s, Restaurants und \u00e4sthetische R\u00e4ume, die ihren Mitarbeitern einen einzigartigen Stil bieten m\u00f6chten. Mit verstellbaren Tr\u00e4gern und einer ger\u00e4umigen Tasche ist diese handgefertigte Sch\u00fcrze praktisch und stilvoll. W\u00e4hlen Sie sie f\u00fcr Ihren Raum und werten Sie Ihr professionelles Image auf.<\/strong><\/p>\n<ul>\n<li><strong><em>100% wasserdicht &amp; Schwarzer Stoff mit Legierung <\/em><\/strong><\/li>\n<li><strong><em>Hochwertiges Kunstleder <\/em><\/strong><\/li>\n<li><strong><em>Cooles Baumwoll-Futter <\/em><\/strong><\/li>\n<li><strong><em>Zentrale ger\u00e4umige Tasche<\/em><\/strong><\/li>\n<li><strong><em>Kreuzgurte <\/em><\/strong><\/li>\n<\/ul>\n<p><\/p>","protected":false},"excerpt":{"rendered":"<p><strong>Entdecken Sie die einzigartige Sch\u00fcrze Mandala Chic aus hochwertigem bedrucktem Kunstleder. Dieses auff\u00e4llige Design mit Mandala-Motiven ist perfekt f\u00fcr Caf\u00e9s, Restaurants und \u00e4sthetische R\u00e4ume, die ihren Mitarbeitern einen einzigartigen Stil bieten m\u00f6chten. Mit verstellbaren Tr\u00e4gern und einer ger\u00e4umigen Tasche ist diese handgefertigte Sch\u00fcrze praktisch und stilvoll. W\u00e4hlen Sie sie f\u00fcr Ihren Raum und werten Sie Ihr professionelles Image auf.<\/strong><\/p>\n<ul>\n<li><strong><em>100% wasserdicht &amp; Schwarzer Stoff mit Legierung <\/em><\/strong><\/li>\n<li><strong><em>Hochwertiges Kunstleder <\/em><\/strong><\/li>\n<li><strong><em>Cooles Baumwoll-Futter <\/em><\/strong><\/li>\n<li><strong><em>Zentrale ger\u00e4umige Tasche<\/em><\/strong><\/li>\n<li><strong><em>Kreuzgurte <\/em><\/strong><\/li>\n<\/ul>\n","protected":false},"featured_media":13163,"comment_status":"closed","ping_status":"closed","template":"","meta":[],"product_cat":[57,8,11,12,42,73,23,7,15,17,58,13,21,14],"product_tag":[],"class_list":{"0":"post-13072","1":"product","2":"type-product","3":"status-publish","4":"has-post-thumbnail","6":"product_cat-2024-2025","7":"product_cat-artists","8":"product_cat-barista","9":"product_cat-bartender","10":"product_cat-coffee-lovers","11":"product_cat-stock-aprons-one-of-a-kind","12":"product_cat-in-stock","13":"product_cat-hospitality","14":"product_cat-barber-hairdresser","15":"product_cat-nail-artist","16":"product_cat-58","17":"product_cat-service","18":"product_cat-chef","19":"product_cat-somelie","21":"first","22":"outofstock","23":"taxable","24":"shipping-taxable","25":"purchasable","26":"product-type-simple"},"_links":{"self":[{"href":"https:\/\/www.2ha.gr\/de\/wp-json\/wp\/v2\/product\/13072","targetHints":{"allow":["GET"]}}],"collection":[{"href":"https:\/\/www.2ha.gr\/de\/wp-json\/wp\/v2\/product"}],"about":[{"href":"https:\/\/www.2ha.gr\/de\/wp-json\/wp\/v2\/types\/product"}],"replies":[{"embeddable":true,"href":"https:\/\/www.2ha.gr\/de\/wp-json\/wp\/v2\/comments?post=13072"}],"wp:featuredmedia":[{"embeddable":true,"href":"https:\/\/www.2ha.gr\/de\/wp-json\/wp\/v2\/media\/13163"}],"wp:attachment":[{"href":"https:\/\/www.2ha.gr\/de\/wp-json\/wp\/v2\/media?parent=13072"}],"wp:term":[{"taxonomy":"product_cat","embeddable":true,"href":"https:\/\/www.2ha.gr\/de\/wp-json\/wp\/v2\/product_cat?post=13072"},{"taxonomy":"product_tag","embeddable":true,"href":"https:\/\/www.2ha.gr\/de\/wp-json\/wp\/v2\/product_tag?post=13072"}],"curies":[{"name":"wp","href":"https:\/\/api.w.org\/{rel}","templated":true}]}}