{"id":13073,"date":"2025-01-25T00:50:05","date_gmt":"2025-01-24T22:50:05","guid":{"rendered":"https:\/\/www.2ha.gr\/?post_type=product&#038;p=13073"},"modified":"2025-01-28T14:34:51","modified_gmt":"2025-01-28T12:34:51","slug":"retro-zigzag","status":"publish","type":"product","link":"https:\/\/www.2ha.gr\/de\/product\/retro-zigzag\/","title":{"rendered":"Retro Zigzag"},"content":{"rendered":"<p><\/p>\n<h3>Die <strong>Retro Zigzag<\/strong> ist eine handgefertigte, professionelle Sch\u00fcrze im Retro-Stil. Das Zickzack-Design in warmen Farben ist ideal f\u00fcr Baristas und R\u00e4ume mit Vintage-Dekor. Die Sch\u00fcrze ist aus hochwertigen Stoffen gefertigt und verf\u00fcgt \u00fcber eine gro\u00dfe Tasche und verstellbare Tr\u00e4ger f\u00fcr Komfort und Zweckm\u00e4\u00dfigkeit. Perfekt f\u00fcr Caf\u00e9s, Restaurants und gastronomische Einrichtungen, die sich von der Masse abheben wollen.<\/h3>\n<ul>\n<li><strong><em>100% wasserdicht und wasserabweisend Legierter schwarzer Stoff <\/em><\/strong><\/li>\n<li><strong><em>Hochwertiges Kunstleder <\/em><\/strong><\/li>\n<li><strong><em>Cooles Baumwoll-Futter <\/em><\/strong><\/li>\n<li><strong><em>Zentrale ger\u00e4umige Tasche<\/em><\/strong><\/li>\n<li><strong><em>Kreuzgurte <\/em><\/strong><\/li>\n<\/ul>\n<p><\/p>","protected":false},"excerpt":{"rendered":"<h3>Die <strong>Retro Zigzag<\/strong> ist eine handgefertigte, professionelle Sch\u00fcrze im Retro-Stil. Das Zickzack-Design in warmen Farben ist ideal f\u00fcr Baristas und R\u00e4ume mit Vintage-Dekor. Die Sch\u00fcrze ist aus hochwertigen Stoffen gefertigt und verf\u00fcgt \u00fcber eine gro\u00dfe Tasche und verstellbare Tr\u00e4ger f\u00fcr Komfort und Zweckm\u00e4\u00dfigkeit. Perfekt f\u00fcr Caf\u00e9s, Restaurants und gastronomische Einrichtungen, die sich von der Masse abheben wollen.<\/h3>\n<ul>\n<li><strong><em>100% wasserdicht und wasserabweisend Legierter schwarzer Stoff <\/em><\/strong><\/li>\n<li><strong><em>Hochwertiges Kunstleder <\/em><\/strong><\/li>\n<li><strong><em>Cooles Baumwoll-Futter <\/em><\/strong><\/li>\n<li><strong><em>Zentrale ger\u00e4umige Tasche<\/em><\/strong><\/li>\n<li><strong><em>Kreuzgurte <\/em><\/strong><\/li>\n<\/ul>\n","protected":false},"featured_media":13144,"comment_status":"closed","ping_status":"closed","template":"","meta":[],"product_cat":[57,8,11,12,42,73,23,7,15,58,13,21,24],"product_tag":[],"class_list":{"0":"post-13073","1":"product","2":"type-product","3":"status-publish","4":"has-post-thumbnail","6":"product_cat-2024-2025","7":"product_cat-artists","8":"product_cat-barista","9":"product_cat-bartender","10":"product_cat-coffee-lovers","11":"product_cat-stock-aprons-one-of-a-kind","12":"product_cat-in-stock","13":"product_cat-hospitality","14":"product_cat-barber-hairdresser","15":"product_cat-58","16":"product_cat-service","17":"product_cat-chef","18":"product_cat-aprons","20":"first","21":"instock","22":"taxable","23":"shipping-taxable","24":"purchasable","25":"product-type-simple"},"_links":{"self":[{"href":"https:\/\/www.2ha.gr\/de\/wp-json\/wp\/v2\/product\/13073","targetHints":{"allow":["GET"]}}],"collection":[{"href":"https:\/\/www.2ha.gr\/de\/wp-json\/wp\/v2\/product"}],"about":[{"href":"https:\/\/www.2ha.gr\/de\/wp-json\/wp\/v2\/types\/product"}],"replies":[{"embeddable":true,"href":"https:\/\/www.2ha.gr\/de\/wp-json\/wp\/v2\/comments?post=13073"}],"wp:featuredmedia":[{"embeddable":true,"href":"https:\/\/www.2ha.gr\/de\/wp-json\/wp\/v2\/media\/13144"}],"wp:attachment":[{"href":"https:\/\/www.2ha.gr\/de\/wp-json\/wp\/v2\/media?parent=13073"}],"wp:term":[{"taxonomy":"product_cat","embeddable":true,"href":"https:\/\/www.2ha.gr\/de\/wp-json\/wp\/v2\/product_cat?post=13073"},{"taxonomy":"product_tag","embeddable":true,"href":"https:\/\/www.2ha.gr\/de\/wp-json\/wp\/v2\/product_tag?post=13073"}],"curies":[{"name":"wp","href":"https:\/\/api.w.org\/{rel}","templated":true}]}}