{"id":13075,"date":"2025-01-25T01:58:21","date_gmt":"2025-01-24T23:58:21","guid":{"rendered":"https:\/\/www.2ha.gr\/?post_type=product&#038;p=13075"},"modified":"2025-01-29T01:27:56","modified_gmt":"2025-01-28T23:27:56","slug":"tropical-escape","status":"publish","type":"product","link":"https:\/\/www.2ha.gr\/de\/product\/tropical-escape\/","title":{"rendered":"Tropical Escape"},"content":{"rendered":"<p><strong>Tropical Escape<\/strong> ist die ideale Sch\u00fcrze f\u00fcr Strandbars, Restaurants am Meer und Wellnessbereiche. Diese handgefertigte Sch\u00fcrze mit Monstera-Blatt-Design und nat\u00fcrlichen Materialien vereint Stil und Funktionalit\u00e4t. Sie ist mit einer gro\u00dfen Tasche, verstellbaren Tr\u00e4gern und strapazierf\u00e4higen Stoffen ausgestattet und somit ideal f\u00fcr den professionellen Einsatz. Bringen Sie mit dieser Sch\u00fcrze tropisches Flair in Ihren Raum.<\/p>\n<ul>\n<li><em><strong>Kreuzgurte zum Binden, damit Sie den Hals nicht belasten und eine perfekte Passform f\u00fcr jeden K\u00f6rpertyp haben.<\/strong><\/em><\/li>\n<li><em><strong>Baumwoll-\/K\u00fchlfutter auf der R\u00fcckseite f\u00fcr das beste Gef\u00fchl bei jeder Temperatur. <\/strong><\/em><\/li>\n<\/ul>\n<p><\/p>","protected":false},"excerpt":{"rendered":"<p><strong>Tropical Escape<\/strong> ist die ideale Sch\u00fcrze f\u00fcr Strandbars, Restaurants am Meer und Wellnessbereiche. Diese handgefertigte Sch\u00fcrze mit Monstera-Blatt-Design und nat\u00fcrlichen Materialien vereint Stil und Funktionalit\u00e4t. Sie ist mit einer gro\u00dfen Tasche, verstellbaren Tr\u00e4gern und strapazierf\u00e4higen Stoffen ausgestattet und somit ideal f\u00fcr den professionellen Einsatz. Bringen Sie mit dieser Sch\u00fcrze tropisches Flair in Ihren Raum.<\/p>\n<ul>\n<li><em><strong>Kreuzgurte zum Binden, damit Sie den Hals nicht belasten und eine perfekte Passform f\u00fcr jeden K\u00f6rpertyp haben.<\/strong><\/em><\/li>\n<li><em><strong>Baumwoll-\/K\u00fchlfutter auf der R\u00fcckseite f\u00fcr das beste Gef\u00fchl bei jeder Temperatur. <\/strong><\/em><\/li>\n<\/ul>\n","protected":false},"featured_media":13167,"comment_status":"closed","ping_status":"closed","template":"","meta":[],"product_cat":[57,8,11,12,73,23,40,7,41,13,24],"product_tag":[],"class_list":{"0":"post-13075","1":"product","2":"type-product","3":"status-publish","4":"has-post-thumbnail","6":"product_cat-2024-2025","7":"product_cat-artists","8":"product_cat-barista","9":"product_cat-bartender","10":"product_cat-stock-aprons-one-of-a-kind","11":"product_cat-in-stock","12":"product_cat-40","13":"product_cat-hospitality","14":"product_cat-41","15":"product_cat-service","16":"product_cat-aprons","18":"first","19":"instock","20":"taxable","21":"shipping-taxable","22":"purchasable","23":"product-type-simple"},"_links":{"self":[{"href":"https:\/\/www.2ha.gr\/de\/wp-json\/wp\/v2\/product\/13075","targetHints":{"allow":["GET"]}}],"collection":[{"href":"https:\/\/www.2ha.gr\/de\/wp-json\/wp\/v2\/product"}],"about":[{"href":"https:\/\/www.2ha.gr\/de\/wp-json\/wp\/v2\/types\/product"}],"replies":[{"embeddable":true,"href":"https:\/\/www.2ha.gr\/de\/wp-json\/wp\/v2\/comments?post=13075"}],"wp:featuredmedia":[{"embeddable":true,"href":"https:\/\/www.2ha.gr\/de\/wp-json\/wp\/v2\/media\/13167"}],"wp:attachment":[{"href":"https:\/\/www.2ha.gr\/de\/wp-json\/wp\/v2\/media?parent=13075"}],"wp:term":[{"taxonomy":"product_cat","embeddable":true,"href":"https:\/\/www.2ha.gr\/de\/wp-json\/wp\/v2\/product_cat?post=13075"},{"taxonomy":"product_tag","embeddable":true,"href":"https:\/\/www.2ha.gr\/de\/wp-json\/wp\/v2\/product_tag?post=13075"}],"curies":[{"name":"wp","href":"https:\/\/api.w.org\/{rel}","templated":true}]}}