{"id":13076,"date":"2025-01-25T02:01:23","date_gmt":"2025-01-25T00:01:23","guid":{"rendered":"https:\/\/www.2ha.gr\/?post_type=product&#038;p=13076"},"modified":"2026-02-17T21:40:57","modified_gmt":"2026-02-17T19:40:57","slug":"budget-pro-cross","status":"publish","type":"product","link":"https:\/\/www.2ha.gr\/de\/product\/budget-pro-cross\/","title":{"rendered":"Budget Pro Cross"},"content":{"rendered":"<p>Die <strong>Budget Pro Cross<\/strong> ist eine praktische und erschwingliche Wahl f\u00fcr Profis, die Qualit\u00e4t zu einem guten Preis suchen. Ohne Metallelemente konzipiert, ist diese Sch\u00fcrze besonders leicht und bequem, w\u00e4hrend ihre Kreuzbindung f\u00fcr Halt sorgt, ohne auf den Nacken zu dr\u00fccken.<br \/>\nMit einem Preis von nur <strong>17 \u20ac + MwSt.\/St\u00fcck<\/strong> ist sie die ideale Wahl f\u00fcr Unternehmen, die Funktionalit\u00e4t und Wirtschaftlichkeit kombinieren m\u00f6chten.<\/p>\n<p><strong>Ideal f\u00fcr:<\/strong> Caf\u00e9s, Restaurants und Hotels, die eine strapazierf\u00e4hige, leichte und wirtschaftliche L\u00f6sung f\u00fcr ihre Gesch\u00e4ftskleidung suchen.<\/p>\n<p><strong>Merkmale:<\/strong><\/p>\n<ul>\n<li><strong>Kreuzbindungen:<\/strong> Sorgt f\u00fcr Komfort und richtige Gewichtsverteilung.<\/li>\n<li><strong>Leichte Konstruktion:<\/strong> Ideal f\u00fcr stundenlangen Gebrauch.<\/li>\n<li><strong>Strapazierf\u00e4hige Stoffe:<\/strong> Geeignet f\u00fcr anspruchsvolle Umgebungen.<\/li>\n<li><strong>Langlebig und komfortabel<\/strong><\/li>\n<\/ul>\n<p><\/p>","protected":false},"excerpt":{"rendered":"<p>Die <strong>Budget Pro Cross<\/strong> ist eine praktische und erschwingliche Wahl f\u00fcr Profis, die Qualit\u00e4t zu einem guten Preis suchen. Ohne Metallelemente konzipiert, ist diese Sch\u00fcrze besonders leicht und bequem, w\u00e4hrend ihre Kreuzbindung f\u00fcr Halt sorgt, ohne auf den Nacken zu dr\u00fccken.<br \/>\nMit einem Preis von nur <strong>17 \u20ac + MwSt.\/St\u00fcck<\/strong> ist sie die ideale Wahl f\u00fcr Unternehmen, die Funktionalit\u00e4t und Wirtschaftlichkeit kombinieren m\u00f6chten.<\/p>\n<p><strong>Ideal f\u00fcr:<\/strong> Caf\u00e9s, Restaurants und Hotels, die eine strapazierf\u00e4hige, leichte und wirtschaftliche L\u00f6sung f\u00fcr ihre Gesch\u00e4ftskleidung suchen.<\/p>\n<p><strong>Merkmale:<\/strong><\/p>\n<ul>\n<li><strong>Kreuzbindungen:<\/strong> Sorgt f\u00fcr Komfort und richtige Gewichtsverteilung.<\/li>\n<li><strong>Leichte Konstruktion:<\/strong> Ideal f\u00fcr stundenlangen Gebrauch.<\/li>\n<li><strong>Strapazierf\u00e4hige Stoffe:<\/strong> Geeignet f\u00fcr anspruchsvolle Umgebungen.<\/li>\n<li><strong>Langlebig und komfortabel<\/strong><\/li>\n<\/ul>\n","protected":false},"featured_media":13145,"comment_status":"closed","ping_status":"closed","template":"","meta":[],"product_cat":[35,57,8,11,12,42,73,23,40,7,15,17,58,13,24],"product_tag":[],"class_list":{"0":"post-13076","1":"product","2":"type-product","3":"status-publish","4":"has-post-thumbnail","6":"product_cat-35","7":"product_cat-2024-2025","8":"product_cat-artists","9":"product_cat-barista","10":"product_cat-bartender","11":"product_cat-coffee-lovers","12":"product_cat-stock-aprons-one-of-a-kind","13":"product_cat-in-stock","14":"product_cat-40","15":"product_cat-hospitality","16":"product_cat-barber-hairdresser","17":"product_cat-nail-artist","18":"product_cat-58","19":"product_cat-service","20":"product_cat-aprons","22":"first","23":"instock","24":"sale","25":"taxable","26":"shipping-taxable","27":"purchasable","28":"product-type-simple"},"_links":{"self":[{"href":"https:\/\/www.2ha.gr\/de\/wp-json\/wp\/v2\/product\/13076","targetHints":{"allow":["GET"]}}],"collection":[{"href":"https:\/\/www.2ha.gr\/de\/wp-json\/wp\/v2\/product"}],"about":[{"href":"https:\/\/www.2ha.gr\/de\/wp-json\/wp\/v2\/types\/product"}],"replies":[{"embeddable":true,"href":"https:\/\/www.2ha.gr\/de\/wp-json\/wp\/v2\/comments?post=13076"}],"wp:featuredmedia":[{"embeddable":true,"href":"https:\/\/www.2ha.gr\/de\/wp-json\/wp\/v2\/media\/13145"}],"wp:attachment":[{"href":"https:\/\/www.2ha.gr\/de\/wp-json\/wp\/v2\/media?parent=13076"}],"wp:term":[{"taxonomy":"product_cat","embeddable":true,"href":"https:\/\/www.2ha.gr\/de\/wp-json\/wp\/v2\/product_cat?post=13076"},{"taxonomy":"product_tag","embeddable":true,"href":"https:\/\/www.2ha.gr\/de\/wp-json\/wp\/v2\/product_tag?post=13076"}],"curies":[{"name":"wp","href":"https:\/\/api.w.org\/{rel}","templated":true}]}}