{"id":13243,"date":"2025-01-29T01:10:09","date_gmt":"2025-01-28T23:10:09","guid":{"rendered":"https:\/\/www.2ha.gr\/?post_type=product&#038;p=13243"},"modified":"2025-01-29T01:10:22","modified_gmt":"2025-01-28T23:10:22","slug":"oriental-elegance","status":"publish","type":"product","link":"https:\/\/www.2ha.gr\/de\/product\/oriental-elegance\/","title":{"rendered":"Oriental Elegance"},"content":{"rendered":"<p><em><strong> Sch\u00fcrze mit einem von der asiatischen Kultur inspirierten Design, das Eleganz und Komfort vereint. Mit tiefen Taschen zur Aufbewahrung von Werkzeug und Zubeh\u00f6r ist diese Sch\u00fcrze die perfekte Wahl f\u00fcr gehobene Restaurants und Konzeptcaf\u00e9s, die ihren Kunden ein einzigartiges Erlebnis bieten m\u00f6chten.<\/strong><\/em><\/p>\n<ul>\n<li><em><strong>Zwei Au\u00dfentaschen <\/strong><\/em><\/li>\n<li><em><strong>Kreuzgurte zur Entlastung des Halses und f\u00fcr eine perfekte Passform f\u00fcr jeden K\u00f6rpertyp<\/strong><\/em><\/li>\n<li><em><strong>Baumwoll-\/K\u00fchlfutter auf der R\u00fcckseite f\u00fcr das beste Gef\u00fchl bei jeder Temperatur<\/strong><\/em><\/li>\n<\/ul>\n<p><\/p>","protected":false},"excerpt":{"rendered":"<p><em><strong> Sch\u00fcrze mit einem von der asiatischen Kultur inspirierten Design, das Eleganz und Komfort vereint. Mit tiefen Taschen zur Aufbewahrung von Werkzeug und Zubeh\u00f6r ist diese Sch\u00fcrze die perfekte Wahl f\u00fcr gehobene Restaurants und Konzeptcaf\u00e9s, die ihren Kunden ein einzigartiges Erlebnis bieten m\u00f6chten.<\/strong><\/em><\/p>\n<ul>\n<li><em><strong>Zwei Au\u00dfentaschen <\/strong><\/em><\/li>\n<li><em><strong>Kreuzgurte zur Entlastung des Halses und f\u00fcr eine perfekte Passform f\u00fcr jeden K\u00f6rpertyp<\/strong><\/em><\/li>\n<li><em><strong>Baumwoll-\/K\u00fchlfutter auf der R\u00fcckseite f\u00fcr das beste Gef\u00fchl bei jeder Temperatur<\/strong><\/em><\/li>\n<\/ul>\n","protected":false},"featured_media":13157,"comment_status":"closed","ping_status":"closed","template":"","meta":[],"product_cat":[57,8,11,12,73,23,7,21,14,24],"product_tag":[],"class_list":{"0":"post-13243","1":"product","2":"type-product","3":"status-publish","4":"has-post-thumbnail","6":"product_cat-2024-2025","7":"product_cat-artists","8":"product_cat-barista","9":"product_cat-bartender","10":"product_cat-stock-aprons-one-of-a-kind","11":"product_cat-in-stock","12":"product_cat-hospitality","13":"product_cat-chef","14":"product_cat-somelie","15":"product_cat-aprons","17":"first","18":"instock","19":"taxable","20":"shipping-taxable","21":"purchasable","22":"product-type-simple"},"_links":{"self":[{"href":"https:\/\/www.2ha.gr\/de\/wp-json\/wp\/v2\/product\/13243","targetHints":{"allow":["GET"]}}],"collection":[{"href":"https:\/\/www.2ha.gr\/de\/wp-json\/wp\/v2\/product"}],"about":[{"href":"https:\/\/www.2ha.gr\/de\/wp-json\/wp\/v2\/types\/product"}],"replies":[{"embeddable":true,"href":"https:\/\/www.2ha.gr\/de\/wp-json\/wp\/v2\/comments?post=13243"}],"wp:featuredmedia":[{"embeddable":true,"href":"https:\/\/www.2ha.gr\/de\/wp-json\/wp\/v2\/media\/13157"}],"wp:attachment":[{"href":"https:\/\/www.2ha.gr\/de\/wp-json\/wp\/v2\/media?parent=13243"}],"wp:term":[{"taxonomy":"product_cat","embeddable":true,"href":"https:\/\/www.2ha.gr\/de\/wp-json\/wp\/v2\/product_cat?post=13243"},{"taxonomy":"product_tag","embeddable":true,"href":"https:\/\/www.2ha.gr\/de\/wp-json\/wp\/v2\/product_tag?post=13243"}],"curies":[{"name":"wp","href":"https:\/\/api.w.org\/{rel}","templated":true}]}}