{"id":13244,"date":"2025-01-29T01:20:07","date_gmt":"2025-01-28T23:20:07","guid":{"rendered":"https:\/\/www.2ha.gr\/?post_type=product&#038;p=13244"},"modified":"2025-01-29T01:20:10","modified_gmt":"2025-01-28T23:20:10","slug":"zigzag-harmony","status":"publish","type":"product","link":"https:\/\/www.2ha.gr\/de\/product\/zigzag-harmony\/","title":{"rendered":"Zigzag Harmony"},"content":{"rendered":"<p>Eine moderne Version der traditionellen Sch\u00fcrze, mit einem modernen geometrischen Muster in warmen Farbt\u00f6nen und marineblauem Kunstleder. Ideal f\u00fcr Restaurants, Konditoreien und Boutique-Caf\u00e9s. Stilvoll, langlebig und \u00e4u\u00dferst praktisch.<\/p>\n<ul>\n<li><strong><em>Zwei Au\u00dfentaschen<\/em><\/strong><\/li>\n<li><strong><em>Baumwoll-\/K\u00fchlfutter auf der R\u00fcckseite f\u00fcr ein angenehmes Tragegef\u00fchl bei jeder Temperatur.<\/em><\/strong><\/li>\n<li><em><strong>Metallverschluss f\u00fcr eine perfekte Passform f\u00fcr jeden K\u00f6rpertyp<\/strong><\/em><\/li>\n<\/ul>\n<p><\/p>","protected":false},"excerpt":{"rendered":"<p>Eine moderne Version der traditionellen Sch\u00fcrze, mit einem modernen geometrischen Muster in warmen Farbt\u00f6nen und marineblauem Kunstleder. Ideal f\u00fcr Restaurants, Konditoreien und Boutique-Caf\u00e9s. Stilvoll, langlebig und \u00e4u\u00dferst praktisch.<\/p>\n<ul>\n<li><strong><em>Zwei Au\u00dfentaschen<\/em><\/strong><\/li>\n<li><strong><em>Baumwoll-\/K\u00fchlfutter auf der R\u00fcckseite f\u00fcr ein angenehmes Tragegef\u00fchl bei jeder Temperatur.<\/em><\/strong><\/li>\n<li><em><strong>Metallverschluss f\u00fcr eine perfekte Passform f\u00fcr jeden K\u00f6rpertyp<\/strong><\/em><\/li>\n<\/ul>\n","protected":false},"featured_media":13155,"comment_status":"closed","ping_status":"closed","template":"","meta":[],"product_cat":[57,73,23,7,13,24],"product_tag":[],"class_list":{"0":"post-13244","1":"product","2":"type-product","3":"status-publish","4":"has-post-thumbnail","6":"product_cat-2024-2025","7":"product_cat-stock-aprons-one-of-a-kind","8":"product_cat-in-stock","9":"product_cat-hospitality","10":"product_cat-service","11":"product_cat-aprons","13":"first","14":"instock","15":"taxable","16":"shipping-taxable","17":"purchasable","18":"product-type-simple"},"_links":{"self":[{"href":"https:\/\/www.2ha.gr\/de\/wp-json\/wp\/v2\/product\/13244","targetHints":{"allow":["GET"]}}],"collection":[{"href":"https:\/\/www.2ha.gr\/de\/wp-json\/wp\/v2\/product"}],"about":[{"href":"https:\/\/www.2ha.gr\/de\/wp-json\/wp\/v2\/types\/product"}],"replies":[{"embeddable":true,"href":"https:\/\/www.2ha.gr\/de\/wp-json\/wp\/v2\/comments?post=13244"}],"wp:featuredmedia":[{"embeddable":true,"href":"https:\/\/www.2ha.gr\/de\/wp-json\/wp\/v2\/media\/13155"}],"wp:attachment":[{"href":"https:\/\/www.2ha.gr\/de\/wp-json\/wp\/v2\/media?parent=13244"}],"wp:term":[{"taxonomy":"product_cat","embeddable":true,"href":"https:\/\/www.2ha.gr\/de\/wp-json\/wp\/v2\/product_cat?post=13244"},{"taxonomy":"product_tag","embeddable":true,"href":"https:\/\/www.2ha.gr\/de\/wp-json\/wp\/v2\/product_tag?post=13244"}],"curies":[{"name":"wp","href":"https:\/\/api.w.org\/{rel}","templated":true}]}}