{"id":13246,"date":"2025-01-29T01:34:58","date_gmt":"2025-01-28T23:34:58","guid":{"rendered":"https:\/\/www.2ha.gr\/?post_type=product&#038;p=13246"},"modified":"2025-10-07T10:20:16","modified_gmt":"2025-10-07T07:20:16","slug":"urban-gray","status":"publish","type":"product","link":"https:\/\/www.2ha.gr\/de\/product\/urban-gray\/","title":{"rendered":"Urban Gray"},"content":{"rendered":"<p><strong>Die Kombination von Grau- und Schwarzt\u00f6nen verleiht dieser Sch\u00fcrze einen modernen und professionellen Look. Mit vielen Taschen f\u00fcr Werkzeuge und einer bequemen Passform ist sie ideal f\u00fcr dynamische Profis.<\/strong><\/p>\n<p><strong>Mit einem Preis von nur 17 \u20ac + MwSt.\/St\u00fcck ist sie die ideale Wahl f\u00fcr Unternehmen, die Funktionalit\u00e4t und Wirtschaftlichkeit kombinieren m\u00f6chten.<\/strong><\/p>\n<p><strong>Ideal f\u00fcr: Caf\u00e9s, Restaurants und Hotels, die eine strapazierf\u00e4hige, leichte und wirtschaftliche L\u00f6sung f\u00fcr ihre Gesch\u00e4ftskleidung suchen.<\/strong><\/p>\n<p><strong>Merkmale:<\/strong><\/p>\n<ul>\n<li><strong>Kreuzbindungen: Sorgt f\u00fcr Komfort und richtige Gewichtsverteilung.<\/strong><\/li>\n<li><strong>Leichte Konstruktion: Ideal f\u00fcr stundenlangen Gebrauch.<\/strong><\/li>\n<li><strong>Strapazierf\u00e4hige Stoffe: Geeignet f\u00fcr anspruchsvolle Umgebungen.<\/strong><\/li>\n<li><strong>Langlebig und komfortabel<\/strong><\/li>\n<\/ul>\n<p><\/p>","protected":false},"excerpt":{"rendered":"<p><strong>Die Kombination von Grau- und Schwarzt\u00f6nen verleiht dieser Sch\u00fcrze einen modernen und professionellen Look. Mit vielen Taschen f\u00fcr Werkzeuge und einer bequemen Passform ist sie ideal f\u00fcr dynamische Profis.<\/strong><\/p>\n<p><strong>Mit einem Preis von nur 17 \u20ac + MwSt.\/St\u00fcck ist sie die ideale Wahl f\u00fcr Unternehmen, die Funktionalit\u00e4t und Wirtschaftlichkeit kombinieren m\u00f6chten.<\/strong><\/p>\n<p><strong>Ideal f\u00fcr: Caf\u00e9s, Restaurants und Hotels, die eine strapazierf\u00e4hige, leichte und wirtschaftliche L\u00f6sung f\u00fcr ihre Gesch\u00e4ftskleidung suchen.<\/strong><\/p>\n<p><strong>Merkmale:<\/strong><\/p>\n<ul>\n<li><strong>Kreuzbindungen: Sorgt f\u00fcr Komfort und richtige Gewichtsverteilung.<\/strong><\/li>\n<li><strong>Leichte Konstruktion: Ideal f\u00fcr stundenlangen Gebrauch.<\/strong><\/li>\n<li><strong>Strapazierf\u00e4hige Stoffe: Geeignet f\u00fcr anspruchsvolle Umgebungen.<\/strong><\/li>\n<li><strong>Langlebig und komfortabel<\/strong><\/li>\n<\/ul>\n","protected":false},"featured_media":13165,"comment_status":"closed","ping_status":"closed","template":"","meta":[],"product_cat":[57,8,11,12,73,23,7,15,17,58,13,21,14,24],"product_tag":[],"class_list":{"0":"post-13246","1":"product","2":"type-product","3":"status-publish","4":"has-post-thumbnail","6":"product_cat-2024-2025","7":"product_cat-artists","8":"product_cat-barista","9":"product_cat-bartender","10":"product_cat-stock-aprons-one-of-a-kind","11":"product_cat-in-stock","12":"product_cat-hospitality","13":"product_cat-barber-hairdresser","14":"product_cat-nail-artist","15":"product_cat-58","16":"product_cat-service","17":"product_cat-chef","18":"product_cat-somelie","19":"product_cat-aprons","21":"first","22":"instock","23":"sale","24":"taxable","25":"shipping-taxable","26":"purchasable","27":"product-type-simple"},"_links":{"self":[{"href":"https:\/\/www.2ha.gr\/de\/wp-json\/wp\/v2\/product\/13246","targetHints":{"allow":["GET"]}}],"collection":[{"href":"https:\/\/www.2ha.gr\/de\/wp-json\/wp\/v2\/product"}],"about":[{"href":"https:\/\/www.2ha.gr\/de\/wp-json\/wp\/v2\/types\/product"}],"replies":[{"embeddable":true,"href":"https:\/\/www.2ha.gr\/de\/wp-json\/wp\/v2\/comments?post=13246"}],"wp:featuredmedia":[{"embeddable":true,"href":"https:\/\/www.2ha.gr\/de\/wp-json\/wp\/v2\/media\/13165"}],"wp:attachment":[{"href":"https:\/\/www.2ha.gr\/de\/wp-json\/wp\/v2\/media?parent=13246"}],"wp:term":[{"taxonomy":"product_cat","embeddable":true,"href":"https:\/\/www.2ha.gr\/de\/wp-json\/wp\/v2\/product_cat?post=13246"},{"taxonomy":"product_tag","embeddable":true,"href":"https:\/\/www.2ha.gr\/de\/wp-json\/wp\/v2\/product_tag?post=13246"}],"curies":[{"name":"wp","href":"https:\/\/api.w.org\/{rel}","templated":true}]}}