{"id":13248,"date":"2025-01-29T14:08:13","date_gmt":"2025-01-29T12:08:13","guid":{"rendered":"https:\/\/www.2ha.gr\/?post_type=product&#038;p=13248"},"modified":"2025-01-29T14:08:16","modified_gmt":"2025-01-29T12:08:16","slug":"navy-relax-set","status":"publish","type":"product","link":"https:\/\/www.2ha.gr\/de\/product\/navy-relax-set\/","title":{"rendered":"Navy Relax Set"},"content":{"rendered":"<p><\/p>\n<h3><strong>Navy Relax Set &#8211; Die ultimative Balance aus Komfort &amp; Stil<\/strong><\/h3>\n<p><strong>Das Navy Relax Set ist der Inbegriff moderner Business-Kleidung. Mit seiner \u00fcbergro\u00dfen Passform, die v\u00f6llige Bewegungsfreiheit bietet, und dem hochwertigen Stoff, der sich an den K\u00f6rper anschmiegt, ohne ihn zu beschweren, ist dieses Set die perfekte Wahl f\u00fcr Berufst\u00e4tige, die Komfort w\u00fcnschen, ohne auf Stil zu verzichten.<\/strong><\/p>\n<p><strong>&#x2728; Warum w\u00e4hlen Sie es?<\/strong><br \/>\n<strong>&#x2714; Minimal &amp; Statement &#8211; Elegantes Marineblau, das Autorit\u00e4t und Zeitlosigkeit ausstrahlt.<\/strong><br \/>\n<strong>&#x2714; Relax Fit &#8211; Ger\u00e4umig, luftig und geeignet f\u00fcr stundenlanges Tragen.<\/strong><br \/>\n<strong>&#x2714; Vielseitiger Look &#8211; Wird sowohl in der Freizeit als auch in der gehobenen Gastronomie getragen.<\/strong><br \/>\n<strong>&#x2714; K\u00fchl &amp; Langlebig &#8211; Gewebt aus atmungsaktiven Materialien f\u00fcr ein un\u00fcbertroffenes Frischegef\u00fchl den ganzen Tag lang.<\/strong><\/p>\n<p><strong>Ob hinter der Bar, in der K\u00fcche oder im Service, das Navy Relax Set definiert das Konzept der Business-Kleidung neu. Entdecken Sie es noch heute und bringen Sie Ihre Arbeitskleidung auf ein neues Niveau! &#x1f680;&#x1f525;<\/strong><\/p>\n<p><strong>Der Preis beinhaltet beide 2 Sch\u00fcrzen auf den Fotos. <\/strong><\/p>","protected":false},"excerpt":{"rendered":"<h3><strong>Navy Relax Set &#8211; Die ultimative Balance aus Komfort &amp; Stil<\/strong><\/h3>\n<p><strong>Das Navy Relax Set ist der Inbegriff moderner Business-Kleidung. Mit seiner \u00fcbergro\u00dfen Passform, die v\u00f6llige Bewegungsfreiheit bietet, und dem hochwertigen Stoff, der sich an den K\u00f6rper anschmiegt, ohne ihn zu beschweren, ist dieses Set die perfekte Wahl f\u00fcr Berufst\u00e4tige, die Komfort w\u00fcnschen, ohne auf Stil zu verzichten.<\/strong><\/p>\n<p><strong>&#x2728; Warum w\u00e4hlen Sie es?<\/strong><br \/>\n<strong>&#x2714; Minimal &amp; Statement &#8211; Elegantes Marineblau, das Autorit\u00e4t und Zeitlosigkeit ausstrahlt.<\/strong><br \/>\n<strong>&#x2714; Relax Fit &#8211; Ger\u00e4umig, luftig und geeignet f\u00fcr stundenlanges Tragen.<\/strong><br \/>\n<strong>&#x2714; Vielseitiger Look &#8211; Wird sowohl in der Freizeit als auch in der gehobenen Gastronomie getragen.<\/strong><br \/>\n<strong>&#x2714; K\u00fchl &amp; Langlebig &#8211; Gewebt aus atmungsaktiven Materialien f\u00fcr ein un\u00fcbertroffenes Frischegef\u00fchl den ganzen Tag lang.<\/strong><\/p>\n<p><strong>Ob hinter der Theke, in der K\u00fcche oder im Service, das Navy Relax Set definiert das Konzept der Business-Kleidung neu. Entdecken Sie es noch heute und bringen Sie Ihre Arbeitskleidung auf ein neues Niveau! &#x1f680;&#x1f525;<\/strong><\/p>\n<p><strong>Der Preis beinhaltet beide 2 Sch\u00fcrzen auf den Fotos. <\/strong><\/p>\n","protected":false},"featured_media":13236,"comment_status":"closed","ping_status":"closed","template":"","meta":[],"product_cat":[57,8,11,12,42,73,23,40,7,15,17,58,13,21,24],"product_tag":[],"class_list":{"0":"post-13248","1":"product","2":"type-product","3":"status-publish","4":"has-post-thumbnail","6":"product_cat-2024-2025","7":"product_cat-artists","8":"product_cat-barista","9":"product_cat-bartender","10":"product_cat-coffee-lovers","11":"product_cat-stock-aprons-one-of-a-kind","12":"product_cat-in-stock","13":"product_cat-40","14":"product_cat-hospitality","15":"product_cat-barber-hairdresser","16":"product_cat-nail-artist","17":"product_cat-58","18":"product_cat-service","19":"product_cat-chef","20":"product_cat-aprons","22":"first","23":"instock","24":"sale","25":"taxable","26":"shipping-taxable","27":"purchasable","28":"product-type-simple"},"_links":{"self":[{"href":"https:\/\/www.2ha.gr\/de\/wp-json\/wp\/v2\/product\/13248","targetHints":{"allow":["GET"]}}],"collection":[{"href":"https:\/\/www.2ha.gr\/de\/wp-json\/wp\/v2\/product"}],"about":[{"href":"https:\/\/www.2ha.gr\/de\/wp-json\/wp\/v2\/types\/product"}],"replies":[{"embeddable":true,"href":"https:\/\/www.2ha.gr\/de\/wp-json\/wp\/v2\/comments?post=13248"}],"wp:featuredmedia":[{"embeddable":true,"href":"https:\/\/www.2ha.gr\/de\/wp-json\/wp\/v2\/media\/13236"}],"wp:attachment":[{"href":"https:\/\/www.2ha.gr\/de\/wp-json\/wp\/v2\/media?parent=13248"}],"wp:term":[{"taxonomy":"product_cat","embeddable":true,"href":"https:\/\/www.2ha.gr\/de\/wp-json\/wp\/v2\/product_cat?post=13248"},{"taxonomy":"product_tag","embeddable":true,"href":"https:\/\/www.2ha.gr\/de\/wp-json\/wp\/v2\/product_tag?post=13248"}],"curies":[{"name":"wp","href":"https:\/\/api.w.org\/{rel}","templated":true}]}}