{"id":13249,"date":"2025-01-29T14:33:21","date_gmt":"2025-01-29T12:33:21","guid":{"rendered":"https:\/\/www.2ha.gr\/?post_type=product&#038;p=13249"},"modified":"2025-02-03T09:55:18","modified_gmt":"2025-02-03T07:55:18","slug":"olive-bloom-set","status":"publish","type":"product","link":"https:\/\/www.2ha.gr\/de\/product\/olive-bloom-set\/","title":{"rendered":"Olive Bloom Set"},"content":{"rendered":"<p><\/p>\n<h3><strong>Natur trifft auf Stil &#x1f33f;&#x2728;<\/strong><\/h3>\n<p><strong>Entdecken Sie das Olive Bloom Set, eine einzigartige Kombination aus nat\u00fcrlicher Eleganz und moderner \u00c4sthetik. Mit satten Khaki-lila-T\u00f6nen und botanischen Motiven strahlt dieses Set W\u00e4rme, Professionalit\u00e4t und Zeitlosigkeit aus &#8211; perfekt f\u00fcr jeden Essbereich, der sich abheben m\u00f6chte!<\/strong><\/p>\n<p><strong>&#x1f33e; Nat\u00fcrliche Harmonie &amp; Professionelles Prestige<\/strong><br \/>\n<strong>&#x2714; Erdiger Ton, der Ruhe und Stil ausstrahlt<\/strong><br \/>\n<strong>&#x2714; Florale Details, die Charakter und Einzigartigkeit verleihen<\/strong><br \/>\n<strong>&#x2714; Bequeme Passform f\u00fcr ultimative Bewegungsfreiheit<\/strong><br \/>\n<strong>&#x2714; Unisex Design &#8211; Ideal f\u00fcr Service- und K\u00fcchenteams<\/strong><\/p>\n<p><strong>&#x1f331; Die Frische der Natur in jeder Schicht!<\/strong><br \/>\n<strong>Kombinieren Sie es mit Grundt\u00f6nen f\u00fcr einen ausgewogenen Look oder lassen Sie es mit dem besonderen Blumenmuster die Show stehlen.<\/strong><\/p>\n<p><strong>Entdecken Sie die Kraft des Olive Bloom Sets und werten Sie Ihren professionellen Stil mit dem elegantesten \u00d6ko-Schick auf! &#x2728;&#x1f49a;<\/strong><\/p>\n<p><\/p>","protected":false},"excerpt":{"rendered":"<h3><strong>Natur trifft auf Stil &#x1f33f;&#x2728;<\/strong><\/h3>\n<p><strong>Entdecken Sie das Olive Bloom Set, eine einzigartige Kombination aus nat\u00fcrlicher Eleganz und moderner \u00c4sthetik. Mit satten Khaki-lila-T\u00f6nen und botanischen Motiven strahlt dieses Set W\u00e4rme, Professionalit\u00e4t und Zeitlosigkeit aus &#8211; perfekt f\u00fcr jeden Essbereich, der sich abheben m\u00f6chte!<\/strong><\/p>\n<p><strong>&#x1f33e; Nat\u00fcrliche Harmonie &amp; Professionelles Prestige<\/strong><br \/>\n<strong>&#x2714; Erdiger Ton, der Ruhe und Stil ausstrahlt<\/strong><br \/>\n<strong>&#x2714; Florale Details, die Charakter und Einzigartigkeit verleihen<\/strong><br \/>\n<strong>&#x2714; Bequeme Passform f\u00fcr ultimative Bewegungsfreiheit<\/strong><br \/>\n<strong>&#x2714; Unisex Design &#8211; Ideal f\u00fcr Service- und K\u00fcchenteams<\/strong><\/p>\n<p><strong>&#x1f331; Die Frische der Natur in jeder Schicht!<\/strong><br \/>\n<strong>Kombinieren Sie es mit Grundt\u00f6nen f\u00fcr einen ausgewogenen Look oder lassen Sie es mit dem besonderen Blumenmuster die Show stehlen.<\/strong><\/p>\n<p><strong>Entdecken Sie die Kraft des Olive Bloom Sets und werten Sie Ihren professionellen Stil mit dem elegantesten \u00d6ko-Schick auf! &#x2728;&#x1f49a;<\/strong><\/p>\n","protected":false},"featured_media":13222,"comment_status":"closed","ping_status":"closed","template":"","meta":[],"product_cat":[57,11,12,42,73,23,40,7,41,58,13,21,14],"product_tag":[],"class_list":{"0":"post-13249","1":"product","2":"type-product","3":"status-publish","4":"has-post-thumbnail","6":"product_cat-2024-2025","7":"product_cat-barista","8":"product_cat-bartender","9":"product_cat-coffee-lovers","10":"product_cat-stock-aprons-one-of-a-kind","11":"product_cat-in-stock","12":"product_cat-40","13":"product_cat-hospitality","14":"product_cat-41","15":"product_cat-58","16":"product_cat-service","17":"product_cat-chef","18":"product_cat-somelie","20":"first","21":"instock","22":"sale","23":"taxable","24":"shipping-taxable","25":"purchasable","26":"product-type-simple"},"_links":{"self":[{"href":"https:\/\/www.2ha.gr\/de\/wp-json\/wp\/v2\/product\/13249","targetHints":{"allow":["GET"]}}],"collection":[{"href":"https:\/\/www.2ha.gr\/de\/wp-json\/wp\/v2\/product"}],"about":[{"href":"https:\/\/www.2ha.gr\/de\/wp-json\/wp\/v2\/types\/product"}],"replies":[{"embeddable":true,"href":"https:\/\/www.2ha.gr\/de\/wp-json\/wp\/v2\/comments?post=13249"}],"wp:featuredmedia":[{"embeddable":true,"href":"https:\/\/www.2ha.gr\/de\/wp-json\/wp\/v2\/media\/13222"}],"wp:attachment":[{"href":"https:\/\/www.2ha.gr\/de\/wp-json\/wp\/v2\/media?parent=13249"}],"wp:term":[{"taxonomy":"product_cat","embeddable":true,"href":"https:\/\/www.2ha.gr\/de\/wp-json\/wp\/v2\/product_cat?post=13249"},{"taxonomy":"product_tag","embeddable":true,"href":"https:\/\/www.2ha.gr\/de\/wp-json\/wp\/v2\/product_tag?post=13249"}],"curies":[{"name":"wp","href":"https:\/\/api.w.org\/{rel}","templated":true}]}}