{"id":13406,"date":"2025-02-13T23:46:53","date_gmt":"2025-02-13T21:46:53","guid":{"rendered":"https:\/\/www.2ha.gr\/?post_type=product&#038;p=13406"},"modified":"2025-07-21T01:14:58","modified_gmt":"2025-07-20T22:14:58","slug":"golden-blossom","status":"publish","type":"product","link":"https:\/\/www.2ha.gr\/de\/product\/golden-blossom\/","title":{"rendered":"AUTO-DRAFT (\u0391\u03bd\u03c4\u03b9\u03b3\u03c1\u03b1\u03c6\u03ae)"},"content":{"rendered":"<p>Die <strong data-start=\"217\" data-end=\"252\">Sch\u00fcrze &#8222;Golden Blossom&#8220;<\/strong> bringt Frische und Stil an Ihren Arbeitsplatz. Mit ihrer <strong data-start=\"305\" data-end=\"330\">leuchtend gelben Farbe<\/strong> und dem markanten Blumenmuster ist sie ideal f\u00fcr <strong data-start=\"379\" data-end=\"409\">Caf\u00e9s, Konditoreien<\/strong> und Unternehmen mit freundlicher Atmosph\u00e4re. Sie ist aus strapazierf\u00e4higem Stoff gefertigt und verf\u00fcgt \u00fcber praktische <strong data-start=\"489\" data-end=\"516\">Lederdetails<\/strong> und gro\u00dfe Taschen.<br data-start=\"553\" data-end=\"556\" \/>&#x1f9f5; <strong data-start=\"559\" data-end=\"569\">Material:<\/strong> Baumwolle &amp; Kunstleder<br data-start=\"589\" data-end=\"592\" \/>&#x1f3af; <strong data-start=\"595\" data-end=\"611\">Ideal f\u00fcr:<\/strong> Caf\u00e9s, Brunch-Lokale und Blumenl\u00e4den.<\/p>\n<ul>\n<li><strong><em>Zwei Au\u00dfentaschen. <\/em><\/strong><\/li>\n<li><strong><em>Zwei \u00e4u\u00dfere Seitentaschen, zwei Innentaschen, zwei Cafeterias, zwei Cafeterias, zwei Cafeterias, zwei Cafeterias, zwei Cafeterias, zwei Cafeterias, zwei Cafeterias, zwei Cafeterias, zwei Cafeterias<\/em><\/strong><\/li>\n<li><strong><em>Baumwolle \/ Cool Lining auf der R\u00fcckseite f\u00fcr das beste Gef\u00fchl in jeder Temperatur<\/em><\/strong><\/li>\n<\/ul>\n<p><\/p>","protected":false},"excerpt":{"rendered":"<p>Die <strong data-start=\"217\" data-end=\"252\">Sch\u00fcrze &#8222;Golden Blossom&#8220;<\/strong> bringt Frische und Stil an Ihren Arbeitsplatz. Mit ihrer <strong data-start=\"305\" data-end=\"330\">leuchtend gelben Farbe<\/strong> und dem markanten Blumenmuster ist sie ideal f\u00fcr <strong data-start=\"379\" data-end=\"409\">Caf\u00e9s, Konditoreien<\/strong> und Unternehmen mit freundlicher Atmosph\u00e4re. Sie ist aus strapazierf\u00e4higem Stoff gefertigt und verf\u00fcgt \u00fcber praktische <strong data-start=\"489\" data-end=\"516\">Lederdetails<\/strong> und gro\u00dfe Taschen.<br data-start=\"553\" data-end=\"556\" \/>&#x1f9f5; <strong data-start=\"559\" data-end=\"569\">Material:<\/strong> Baumwolle &amp; Kunstleder<br data-start=\"589\" data-end=\"592\" \/>&#x1f3af; <strong data-start=\"595\" data-end=\"611\">Ideal f\u00fcr:<\/strong> Caf\u00e9s, Brunch-Lokale und Blumenl\u00e4den.<\/p>\n<ul>\n<li><strong><em>Zwei Au\u00dfentaschen. <\/em><\/strong><\/li>\n<li><strong><em>Zwei \u00e4u\u00dfere Seitentaschen, zwei Innentaschen, zwei Cafeterias, zwei Cafeterias, zwei Cafeterias, zwei Cafeterias, zwei Cafeterias, zwei Cafeterias, zwei Cafeterias, zwei Cafeterias, zwei Cafeterias<\/em><\/strong><\/li>\n<li><strong><em>Baumwolle \/ Cool Lining auf der R\u00fcckseite f\u00fcr das beste Gef\u00fchl in jeder Temperatur<\/em><\/strong><\/li>\n<\/ul>\n","protected":false},"featured_media":13294,"comment_status":"closed","ping_status":"closed","template":"","meta":[],"product_cat":[35,57,8,11,12,73,23,7,15,17,13,21,24],"product_tag":[],"class_list":{"0":"post-13406","1":"product","2":"type-product","3":"status-publish","4":"has-post-thumbnail","6":"product_cat-35","7":"product_cat-2024-2025","8":"product_cat-artists","9":"product_cat-barista","10":"product_cat-bartender","11":"product_cat-stock-aprons-one-of-a-kind","12":"product_cat-in-stock","13":"product_cat-hospitality","14":"product_cat-barber-hairdresser","15":"product_cat-nail-artist","16":"product_cat-service","17":"product_cat-chef","18":"product_cat-aprons","20":"first","21":"instock","22":"taxable","23":"shipping-taxable","24":"purchasable","25":"product-type-simple"},"_links":{"self":[{"href":"https:\/\/www.2ha.gr\/de\/wp-json\/wp\/v2\/product\/13406","targetHints":{"allow":["GET"]}}],"collection":[{"href":"https:\/\/www.2ha.gr\/de\/wp-json\/wp\/v2\/product"}],"about":[{"href":"https:\/\/www.2ha.gr\/de\/wp-json\/wp\/v2\/types\/product"}],"replies":[{"embeddable":true,"href":"https:\/\/www.2ha.gr\/de\/wp-json\/wp\/v2\/comments?post=13406"}],"wp:featuredmedia":[{"embeddable":true,"href":"https:\/\/www.2ha.gr\/de\/wp-json\/wp\/v2\/media\/13294"}],"wp:attachment":[{"href":"https:\/\/www.2ha.gr\/de\/wp-json\/wp\/v2\/media?parent=13406"}],"wp:term":[{"taxonomy":"product_cat","embeddable":true,"href":"https:\/\/www.2ha.gr\/de\/wp-json\/wp\/v2\/product_cat?post=13406"},{"taxonomy":"product_tag","embeddable":true,"href":"https:\/\/www.2ha.gr\/de\/wp-json\/wp\/v2\/product_tag?post=13406"}],"curies":[{"name":"wp","href":"https:\/\/api.w.org\/{rel}","templated":true}]}}