{"id":13407,"date":"2025-02-13T23:54:17","date_gmt":"2025-02-13T21:54:17","guid":{"rendered":"https:\/\/www.2ha.gr\/?post_type=product&#038;p=13407"},"modified":"2025-02-13T23:54:19","modified_gmt":"2025-02-13T21:54:19","slug":"olive-split","status":"publish","type":"product","link":"https:\/\/www.2ha.gr\/de\/product\/olive-split\/","title":{"rendered":"Olive Split"},"content":{"rendered":"<p>Die <strong data-start=\"831\" data-end=\"854\">Sch\u00fcrze &#8222;Olive Split&#8220;<\/strong> kombiniert <strong data-start=\"868\" data-end=\"889\">Khaki und Schwarz<\/strong> in einem eleganten Design, das perfekt in <strong data-start=\"939\" data-end=\"965\">Caf\u00e9s, Restaurants<\/strong> und Orte mit nat\u00fcrlichem Charakter passt. Mit ihrem <strong data-start=\"1001\" data-end=\"1022\">diagonalen Design<\/strong> und den <strong data-start=\"1027\" data-end=\"1044\">doppelten Taschen<\/strong> in einem beigen Farbton bietet sie Funktionalit\u00e4t und Stil.<br data-start=\"1098\" data-end=\"1101\" \/><br data-start=\"1154\" data-end=\"1157\" \/>&#x1f3af; <strong data-start=\"1160\" data-end=\"1176\">Ideal f\u00fcr:<\/strong> Caf\u00e9s, umweltfreundliche Restaurants und Gartenbars.<\/p>\n<ul>\n<li><strong><em>Zwei Au\u00dfentaschen <\/em><\/strong><\/li>\n<li><strong><em>Kreuztr\u00e4ger, um den Hals nicht zu belasten und eine perfekte Passform f\u00fcr jeden K\u00f6rpertyp zu haben<\/em><\/strong><\/li>\n<li><strong><em>Baumwolle \/ Cool Lining auf der R\u00fcckseite f\u00fcr das beste Gef\u00fchl bei jeder Temperatur<\/em><\/strong><\/li>\n<\/ul>\n<p><\/p>","protected":false},"excerpt":{"rendered":"<p>Die <strong data-start=\"831\" data-end=\"854\">Sch\u00fcrze &#8222;Olive Split&#8220;<\/strong> kombiniert <strong data-start=\"868\" data-end=\"889\">Khaki und Schwarz<\/strong> in einem eleganten Design, das perfekt in <strong data-start=\"939\" data-end=\"965\">Caf\u00e9s, Restaurants<\/strong> und Orte mit nat\u00fcrlichem Charakter passt. Mit ihrem <strong data-start=\"1001\" data-end=\"1022\">diagonalen Design<\/strong> und den <strong data-start=\"1027\" data-end=\"1044\">doppelten Taschen<\/strong> in einem beigen Farbton bietet sie Funktionalit\u00e4t und Stil.<br data-start=\"1098\" data-end=\"1101\" \/><br data-start=\"1154\" data-end=\"1157\" \/>&#x1f3af; <strong data-start=\"1160\" data-end=\"1176\">Ideal f\u00fcr:<\/strong> Caf\u00e9s, umweltfreundliche Restaurants und Gartenbars.<\/p>\n<ul>\n<li><strong><em>Zwei Au\u00dfentaschen <\/em><\/strong><\/li>\n<li><strong><em>Kreuztr\u00e4ger, um den Hals nicht zu belasten und eine perfekte Passform f\u00fcr jeden K\u00f6rpertyp zu haben<\/em><\/strong><\/li>\n<li><strong><em>Baumwolle \/ Cool Lining auf der R\u00fcckseite f\u00fcr das beste Gef\u00fchl bei jeder Temperatur<\/em><\/strong><\/li>\n<\/ul>\n","protected":false},"featured_media":13258,"comment_status":"closed","ping_status":"closed","template":"","meta":[],"product_cat":[57,8,11,12,42,73,23,7,58,13,21,14],"product_tag":[],"class_list":{"0":"post-13407","1":"product","2":"type-product","3":"status-publish","4":"has-post-thumbnail","6":"product_cat-2024-2025","7":"product_cat-artists","8":"product_cat-barista","9":"product_cat-bartender","10":"product_cat-coffee-lovers","11":"product_cat-stock-aprons-one-of-a-kind","12":"product_cat-in-stock","13":"product_cat-hospitality","14":"product_cat-58","15":"product_cat-service","16":"product_cat-chef","17":"product_cat-somelie","19":"first","20":"instock","21":"taxable","22":"shipping-taxable","23":"purchasable","24":"product-type-simple"},"_links":{"self":[{"href":"https:\/\/www.2ha.gr\/de\/wp-json\/wp\/v2\/product\/13407","targetHints":{"allow":["GET"]}}],"collection":[{"href":"https:\/\/www.2ha.gr\/de\/wp-json\/wp\/v2\/product"}],"about":[{"href":"https:\/\/www.2ha.gr\/de\/wp-json\/wp\/v2\/types\/product"}],"replies":[{"embeddable":true,"href":"https:\/\/www.2ha.gr\/de\/wp-json\/wp\/v2\/comments?post=13407"}],"wp:featuredmedia":[{"embeddable":true,"href":"https:\/\/www.2ha.gr\/de\/wp-json\/wp\/v2\/media\/13258"}],"wp:attachment":[{"href":"https:\/\/www.2ha.gr\/de\/wp-json\/wp\/v2\/media?parent=13407"}],"wp:term":[{"taxonomy":"product_cat","embeddable":true,"href":"https:\/\/www.2ha.gr\/de\/wp-json\/wp\/v2\/product_cat?post=13407"},{"taxonomy":"product_tag","embeddable":true,"href":"https:\/\/www.2ha.gr\/de\/wp-json\/wp\/v2\/product_tag?post=13407"}],"curies":[{"name":"wp","href":"https:\/\/api.w.org\/{rel}","templated":true}]}}