{"id":13433,"date":"2025-02-16T00:41:18","date_gmt":"2025-02-15T22:41:18","guid":{"rendered":"https:\/\/www.2ha.gr\/?post_type=product&#038;p=13433"},"modified":"2025-02-16T00:41:21","modified_gmt":"2025-02-15T22:41:21","slug":"mens-steel-comfort-set","status":"publish","type":"product","link":"https:\/\/www.2ha.gr\/de\/product\/mens-steel-comfort-set\/","title":{"rendered":"Men\u2019s Steel Comfort Set"},"content":{"rendered":"<p><\/p>\n<h3 data-start=\"152\" data-end=\"223\"><strong data-start=\"156\" data-end=\"221\"> Men&#8217;s Steel Comfort Set &#8211; entwickelt f\u00fcr Profis<\/strong><\/h3>\n<p data-start=\"225\" data-end=\"404\">Das <strong data-start=\"228\" data-end=\"255\">Men&#8217;s Steel Comfort Set<\/strong> ist die <strong data-start=\"264\" data-end=\"283\">ideale Wahl<\/strong> f\u00fcr Gastronomie-Profis, die im Alltag auf <strong data-start=\"331\" data-end=\"340\">Komfort<\/strong>, <strong data-start=\"342\" data-end=\"355\">Eleganz<\/strong> und <strong data-start=\"360\" data-end=\"376\">Funktionalit\u00e4t<\/strong> Wert legen.<\/p>\n<p data-start=\"406\" data-end=\"601\">&#x1f539; <strong data-start=\"409\" data-end=\"421\">Farben:<\/strong><br data-start=\"421\" data-end=\"424\" \/>Erh\u00e4ltlich in <strong data-start=\"438\" data-end=\"471\">Grau, Schwarz, Cypress &amp; Cypress Green<\/strong> <strong data-start=\"438\" data-end=\"471\">Blau<\/strong>.<br data-start=\"472\" data-end=\"475\" \/>&#x1f449; <strong data-start=\"478\" data-end=\"509\">W\u00e4hlen Sie die gew\u00fcnschte Farbe<\/strong> aus den <strong data-start=\"518\" data-end=\"547\">Produktfotos<\/strong> und w\u00e4hlen Sie die richtige Gr\u00f6\u00dfe aus dem entsprechenden Feld.<\/p>\n<p data-start=\"603\" data-end=\"627\">&#x1f539; <strong data-start=\"606\" data-end=\"625\">Merkmale:<\/strong><\/p>\n<ul data-start=\"628\" data-end=\"885\">\n<li data-start=\"628\" data-end=\"660\"><strong data-start=\"630\" data-end=\"640\">Material:<\/strong> Material.<\/li>\n<li data-start=\"661\" data-end=\"730\"><strong data-start=\"663\" data-end=\"678\">Design:<\/strong> Muster speziell f\u00fcr den <strong data-start=\"709\" data-end=\"728\">Gastronomiebereich<\/strong> entworfen<\/li>\n<li data-start=\"731\" data-end=\"800\"><strong data-start=\"733\" data-end=\"750\">Details:<\/strong> Bequeme Passform, Brusttasche, elastischer Bund<\/li>\n<li data-start=\"801\" data-end=\"885\"><strong data-start=\"803\" data-end=\"816\">Passform:<\/strong> Ideal f\u00fcr <strong data-start=\"829\" data-end=\"846\">stundenlanges Tragen<\/strong>, k\u00fchles Gef\u00fchl &amp; makelloses Aussehen<\/li>\n<\/ul>\n<p data-start=\"887\" data-end=\"957\">&#x1f539; <strong data-start=\"890\" data-end=\"913\">Produktpflege:<\/strong><br data-start=\"913\" data-end=\"916\" \/>&#x1f9fc; 1.1.1 Waschen bei 30\u00b0C | Nicht im W\u00e4schetrockner<\/p>\n<p data-start=\"959\" data-end=\"1049\">&#x1f6d2; <strong data-start=\"962\" data-end=\"1000\">W\u00e4hlen Sie Ihre Farbe und Gr\u00f6\u00dfe<\/strong> und unterstreichen Sie Ihren professionellen Look.<\/p>\n<p><\/p>","protected":false},"excerpt":{"rendered":"<h3 data-start=\"152\" data-end=\"223\"><strong data-start=\"156\" data-end=\"221\"> Men&#8217;s Steel Comfort Set &#8211; entwickelt f\u00fcr Profis<\/strong><\/h3>\n<p data-start=\"225\" data-end=\"404\">Das <strong data-start=\"228\" data-end=\"255\">Men&#8217;s Steel Comfort Set<\/strong> ist die <strong data-start=\"264\" data-end=\"283\">ideale Wahl<\/strong> f\u00fcr Gastronomie-Profis, die im Alltag auf <strong data-start=\"331\" data-end=\"340\">Komfort<\/strong>, <strong data-start=\"342\" data-end=\"355\">Eleganz<\/strong> und <strong data-start=\"360\" data-end=\"376\">Funktionalit\u00e4t<\/strong> Wert legen.<\/p>\n<p data-start=\"406\" data-end=\"601\">&#x1f539; <strong data-start=\"409\" data-end=\"421\">Farben:<\/strong><br data-start=\"421\" data-end=\"424\" \/>Erh\u00e4ltlich in <strong data-start=\"438\" data-end=\"471\">Grau, Schwarz, Cypress &amp; Cypress Green<\/strong> <strong data-start=\"438\" data-end=\"471\">Blau<\/strong>.<br data-start=\"472\" data-end=\"475\" \/>&#x1f449; <strong data-start=\"478\" data-end=\"509\">W\u00e4hlen Sie die gew\u00fcnschte Farbe<\/strong> aus den <strong data-start=\"518\" data-end=\"547\">Produktfotos<\/strong> und w\u00e4hlen Sie die richtige Gr\u00f6\u00dfe aus dem entsprechenden Feld.<\/p>\n<p data-start=\"603\" data-end=\"627\">&#x1f539; <strong data-start=\"606\" data-end=\"625\">Merkmale:<\/strong><\/p>\n<ul data-start=\"628\" data-end=\"885\">\n<li data-start=\"628\" data-end=\"660\"><strong data-start=\"630\" data-end=\"640\">Material:<\/strong> Material.<\/li>\n<li data-start=\"661\" data-end=\"730\"><strong data-start=\"663\" data-end=\"678\">Design:<\/strong> Muster speziell f\u00fcr den <strong data-start=\"709\" data-end=\"728\">Gastronomiebereich<\/strong> entworfen<\/li>\n<li data-start=\"731\" data-end=\"800\"><strong data-start=\"733\" data-end=\"750\">Details:<\/strong> Bequeme Passform, Brusttasche, elastischer Bund<\/li>\n<li data-start=\"801\" data-end=\"885\"><strong data-start=\"803\" data-end=\"816\">Passform:<\/strong> Ideal f\u00fcr <strong data-start=\"829\" data-end=\"846\">stundenlanges Tragen<\/strong>, k\u00fchles Gef\u00fchl &amp; makelloses Aussehen<\/li>\n<\/ul>\n<p data-start=\"887\" data-end=\"957\">&#x1f539; <strong data-start=\"890\" data-end=\"913\">Produktpflege:<\/strong><br data-start=\"913\" data-end=\"916\" \/>&#x1f9fc; Vierundf\u00fcnfzig Stunden Waschen bei 30\u00b0C | Kein Trockner<\/p>\n<p data-start=\"959\" data-end=\"1049\">&#x1f6d2; <strong data-start=\"962\" data-end=\"1000\">W\u00e4hlen Sie Ihre Farbe und Gr\u00f6\u00dfe<\/strong> und werten Sie Ihren professionellen Look auf.<\/p>\n","protected":false},"featured_media":13350,"comment_status":"closed","ping_status":"closed","template":"","meta":[],"product_cat":[25],"product_tag":[],"class_list":{"0":"post-13433","1":"product","2":"type-product","3":"status-publish","4":"has-post-thumbnail","6":"product_cat-little-2ha","8":"first","9":"instock","10":"taxable","11":"shipping-taxable","12":"purchasable","13":"product-type-variable"},"_links":{"self":[{"href":"https:\/\/www.2ha.gr\/de\/wp-json\/wp\/v2\/product\/13433","targetHints":{"allow":["GET"]}}],"collection":[{"href":"https:\/\/www.2ha.gr\/de\/wp-json\/wp\/v2\/product"}],"about":[{"href":"https:\/\/www.2ha.gr\/de\/wp-json\/wp\/v2\/types\/product"}],"replies":[{"embeddable":true,"href":"https:\/\/www.2ha.gr\/de\/wp-json\/wp\/v2\/comments?post=13433"}],"wp:featuredmedia":[{"embeddable":true,"href":"https:\/\/www.2ha.gr\/de\/wp-json\/wp\/v2\/media\/13350"}],"wp:attachment":[{"href":"https:\/\/www.2ha.gr\/de\/wp-json\/wp\/v2\/media?parent=13433"}],"wp:term":[{"taxonomy":"product_cat","embeddable":true,"href":"https:\/\/www.2ha.gr\/de\/wp-json\/wp\/v2\/product_cat?post=13433"},{"taxonomy":"product_tag","embeddable":true,"href":"https:\/\/www.2ha.gr\/de\/wp-json\/wp\/v2\/product_tag?post=13433"}],"curies":[{"name":"wp","href":"https:\/\/api.w.org\/{rel}","templated":true}]}}