{"id":13454,"date":"2025-02-16T00:58:57","date_gmt":"2025-02-15T22:58:57","guid":{"rendered":"https:\/\/www.2ha.gr\/?post_type=product&#038;p=13454"},"modified":"2025-02-16T00:59:01","modified_gmt":"2025-02-15T22:59:01","slug":"denim-bloom-set","status":"publish","type":"product","link":"https:\/\/www.2ha.gr\/de\/product\/denim-bloom-set\/","title":{"rendered":"Denim Bloom Set"},"content":{"rendered":"<p><\/p>\n<p data-start=\"47\" data-end=\"110\">&#x1f456;&#x1f338; <strong data-start=\"52\" data-end=\"103\">Denim Bloom Set &#8211; Freshness &amp; Style in Dining!<\/strong> &#x1f338;&#x1f456;<\/p>\n<p data-start=\"112\" data-end=\"394\">Das <strong data-start=\"115\" data-end=\"134\">Denim Bloom Set<\/strong> ist die ultimative Wahl f\u00fcr Foodservice-Profis, die <strong data-start=\"222\" data-end=\"235\">Eleganz<\/strong> mit <strong data-start=\"242\" data-end=\"258\">Einzigartigkeit<\/strong> verbinden wollen.<br data-start=\"259\" data-end=\"262\" \/>Die <strong data-start=\"264\" data-end=\"288\">klassische Textur von Denim<\/strong> wird mit <strong data-start=\"304\" data-end=\"328\">bedruckten Details<\/strong> kombiniert, wodurch ein Set entsteht, das <strong data-start=\"356\" data-end=\"391\">sich durch unaufdringliche Raffinesse aus<\/strong>zeichnet.<\/p>\n<p data-start=\"396\" data-end=\"420\">&#x1f539; <strong data-start=\"399\" data-end=\"418\">Merkmale:<\/strong><\/p>\n<ul data-start=\"421\" data-end=\"665\">\n<li data-start=\"421\" data-end=\"457\"><strong data-start=\"423\" data-end=\"433\">Material:<\/strong> Denim &amp; bedruckter Stoff<\/li>\n<li data-start=\"458\" data-end=\"569\"><strong data-start=\"460\" data-end=\"475\">Design:<\/strong> Bequeme Passform mit subtilen Details an den \u00c4rmeln, der Tasche und der Seite der Hose<\/li>\n<li data-start=\"570\" data-end=\"665\"><strong data-start=\"572\" data-end=\"585\">Passform:<\/strong> Perfekt f\u00fcr den Essbereich, mit einem <strong data-start=\"618\" data-end=\"637\">k\u00fchlen Gef\u00fchl<\/strong> und <strong data-start=\"642\" data-end=\"663\">Flexibilit\u00e4t der Bewegung<\/strong><\/li>\n<\/ul>\n<p data-start=\"667\" data-end=\"689\">&#x1f539; <strong data-start=\"670\" data-end=\"687\">Details:<\/strong><\/p>\n<ul data-start=\"690\" data-end=\"894\">\n<li data-start=\"690\" data-end=\"804\"><strong data-start=\"692\" data-end=\"706\">Hose:<\/strong> Hochgeschnittene Hose f\u00fcr <strong data-start=\"727\" data-end=\"757\">ultimative Bewegungsfreiheit<\/strong>, mit <strong data-start=\"762\" data-end=\"784\">zwei Seitentaschen<\/strong> und <strong data-start=\"789\" data-end=\"801\">zwei Ges\u00e4\u00dftaschen<\/strong>.<\/li>\n<li data-start=\"805\" data-end=\"894\"><strong data-start=\"807\" data-end=\"819\">Bluse:<\/strong> Bequeme Passform, mit <strong data-start=\"839\" data-end=\"871\">dekorativ bedruckter Tasche<\/strong> auf der Vorderseite.<\/li>\n<\/ul>\n<p data-start=\"896\" data-end=\"966\">&#x1f539; <strong data-start=\"899\" data-end=\"922\">Produktpflege:<\/strong><br data-start=\"922\" data-end=\"925\" \/>&#x1f9fc; Waschen bei 30\u00b0C | Nicht im Trockner trocknen<\/p>\n<p data-start=\"968\" data-end=\"1137\">&#x1f539; <strong data-start=\"971\" data-end=\"988\">Personalisierung:<\/strong><br data-start=\"988\" data-end=\"991\" \/>&#x1f4a1; <strong data-start=\"994\" data-end=\"1037\">M\u00f6chten Sie eine andere Stoffkombination?<\/strong><br data-start=\"1037\" data-end=\"1040\" \/>&#x1f4f2; <strong data-start=\"1043\" data-end=\"1069\">Setzen Sie sich mit uns in Verbindung<\/strong> und wir erstellen Ihr Set, das auf Ihre Bed\u00fcrfnisse zugeschnitten ist!<\/p>\n<p data-start=\"1139\" data-end=\"1217\">&#x1f6d2; <strong data-start=\"1142\" data-end=\"1215\">W\u00e4hlen Sie Ihre Gr\u00f6\u00dfe und verleihen Sie Ihrem Look einen einzigartigen Charakter!<\/strong><\/p>\n<p><\/p>","protected":false},"excerpt":{"rendered":"<p data-start=\"47\" data-end=\"110\">&#x1f456;&#x1f338; <strong data-start=\"52\" data-end=\"103\">Denim Bloom Set &#8211; Freshness &amp; Style in Dining!<\/strong> &#x1f338;&#x1f456;<\/p>\n<p data-start=\"112\" data-end=\"394\">Das <strong data-start=\"115\" data-end=\"134\">Denim Bloom Set<\/strong> ist die ultimative Wahl f\u00fcr Foodservice-Profis, die <strong data-start=\"222\" data-end=\"235\">Eleganz<\/strong> mit <strong data-start=\"242\" data-end=\"258\">Einzigartigkeit<\/strong> verbinden wollen.<br data-start=\"259\" data-end=\"262\" \/>Die <strong data-start=\"264\" data-end=\"288\">klassische Textur von Denim<\/strong> wird mit <strong data-start=\"304\" data-end=\"328\">bedruckten Details<\/strong> kombiniert, wodurch ein Set entsteht, das <strong data-start=\"356\" data-end=\"391\">sich durch unaufdringliche Raffinesse aus<\/strong>zeichnet.<\/p>\n<p data-start=\"396\" data-end=\"420\">&#x1f539; <strong data-start=\"399\" data-end=\"418\">Merkmale:<\/strong><\/p>\n<ul data-start=\"421\" data-end=\"665\">\n<li data-start=\"421\" data-end=\"457\"><strong data-start=\"423\" data-end=\"433\">Material:<\/strong> Denim &amp; bedruckter Stoff<\/li>\n<li data-start=\"458\" data-end=\"569\"><strong data-start=\"460\" data-end=\"475\">Design:<\/strong> Bequeme Passform mit subtilen Details an den \u00c4rmeln, der Tasche und der Seite der Hose<\/li>\n<li data-start=\"570\" data-end=\"665\"><strong data-start=\"572\" data-end=\"585\">Passform:<\/strong> Perfekt f\u00fcr den Essbereich, mit einem <strong data-start=\"618\" data-end=\"637\">k\u00fchlen Gef\u00fchl<\/strong> und <strong data-start=\"642\" data-end=\"663\">Flexibilit\u00e4t der Bewegung<\/strong><\/li>\n<\/ul>\n<p data-start=\"667\" data-end=\"689\">&#x1f539; <strong data-start=\"670\" data-end=\"687\">Details:<\/strong><\/p>\n<ul data-start=\"690\" data-end=\"894\">\n<li data-start=\"690\" data-end=\"804\"><strong data-start=\"692\" data-end=\"706\">Hose:<\/strong> Hochgeschnittene Hose f\u00fcr <strong data-start=\"727\" data-end=\"757\">ultimative Bewegungsfreiheit<\/strong>, mit <strong data-start=\"762\" data-end=\"784\">zwei Seitentaschen<\/strong> und <strong data-start=\"789\" data-end=\"801\">zwei Ges\u00e4\u00dftaschen<\/strong>.<\/li>\n<li data-start=\"805\" data-end=\"894\"><strong data-start=\"807\" data-end=\"819\">Bluse:<\/strong> Bequeme Passform, mit <strong data-start=\"839\" data-end=\"871\">dekorativ bedruckter Tasche<\/strong> auf der Vorderseite.<\/li>\n<\/ul>\n<p data-start=\"896\" data-end=\"966\">&#x1f539; <strong data-start=\"899\" data-end=\"922\">Produktpflege:<\/strong><br data-start=\"922\" data-end=\"925\" \/>&#x1f9fc; Waschen bei 30\u00b0C | Nicht im Trockner trocknen<\/p>\n<p data-start=\"968\" data-end=\"1137\">&#x1f539; <strong data-start=\"971\" data-end=\"988\">Personalisierung:<\/strong><br data-start=\"988\" data-end=\"991\" \/>&#x1f4a1; <strong data-start=\"994\" data-end=\"1037\">M\u00f6chten Sie eine andere Stoffkombination?<\/strong><br data-start=\"1037\" data-end=\"1040\" \/>&#x1f4f2; <strong data-start=\"1043\" data-end=\"1069\">Setzen Sie sich mit uns in Verbindung<\/strong> und wir erstellen Ihr Set, das auf Ihre Bed\u00fcrfnisse zugeschnitten ist!<\/p>\n<p data-start=\"1139\" data-end=\"1217\">&#x1f6d2; <strong data-start=\"1142\" data-end=\"1215\">W\u00e4hlen Sie Ihre Gr\u00f6\u00dfe und verleihen Sie Ihrem Look einen einzigartigen Charakter!<\/strong><\/p>\n","protected":false},"featured_media":13173,"comment_status":"closed","ping_status":"closed","template":"","meta":[],"product_cat":[25],"product_tag":[],"class_list":{"0":"post-13454","1":"product","2":"type-product","3":"status-publish","4":"has-post-thumbnail","6":"product_cat-little-2ha","8":"first","9":"instock","10":"taxable","11":"shipping-taxable","12":"purchasable","13":"product-type-variable"},"_links":{"self":[{"href":"https:\/\/www.2ha.gr\/de\/wp-json\/wp\/v2\/product\/13454","targetHints":{"allow":["GET"]}}],"collection":[{"href":"https:\/\/www.2ha.gr\/de\/wp-json\/wp\/v2\/product"}],"about":[{"href":"https:\/\/www.2ha.gr\/de\/wp-json\/wp\/v2\/types\/product"}],"replies":[{"embeddable":true,"href":"https:\/\/www.2ha.gr\/de\/wp-json\/wp\/v2\/comments?post=13454"}],"wp:featuredmedia":[{"embeddable":true,"href":"https:\/\/www.2ha.gr\/de\/wp-json\/wp\/v2\/media\/13173"}],"wp:attachment":[{"href":"https:\/\/www.2ha.gr\/de\/wp-json\/wp\/v2\/media?parent=13454"}],"wp:term":[{"taxonomy":"product_cat","embeddable":true,"href":"https:\/\/www.2ha.gr\/de\/wp-json\/wp\/v2\/product_cat?post=13454"},{"taxonomy":"product_tag","embeddable":true,"href":"https:\/\/www.2ha.gr\/de\/wp-json\/wp\/v2\/product_tag?post=13454"}],"curies":[{"name":"wp","href":"https:\/\/api.w.org\/{rel}","templated":true}]}}