{"id":13659,"date":"2025-04-25T13:03:38","date_gmt":"2025-04-25T10:03:38","guid":{"rendered":"https:\/\/www.2ha.gr\/?post_type=product&#038;p=13659"},"modified":"2026-01-22T14:11:52","modified_gmt":"2026-01-22T12:11:52","slug":"premium-%cf%80%ce%bf%ce%b4%ce%b9%ce%ac-%ce%b4%ce%b5%cf%81%ce%bc%ce%b1%cf%84%ce%af%ce%bd%ce%b7%cf%82-%cf%87%ce%b5%ce%b9%cf%81%ce%bf%cf%80%ce%bf%ce%af%ce%b7%cf%84%ce%b7-limited-edition","status":"publish","type":"product","link":"https:\/\/www.2ha.gr\/de\/product\/premium-%cf%80%ce%bf%ce%b4%ce%b9%ce%ac-%ce%b4%ce%b5%cf%81%ce%bc%ce%b1%cf%84%ce%af%ce%bd%ce%b7%cf%82-%cf%87%ce%b5%ce%b9%cf%81%ce%bf%cf%80%ce%bf%ce%af%ce%b7%cf%84%ce%b7-limited-edition\/","title":{"rendered":"Premium \u03a0\u03bf\u03b4\u03b9\u03ac \u0394\u03b5\u03c1\u03bc\u03b1\u03c4\u03af\u03bd\u03b7\u03c2 \u2013 \u03a7\u03b5\u03b9\u03c1\u03bf\u03c0\u03bf\u03af\u03b7\u03c4\u03b7 &amp; Limited Edition"},"content":{"rendered":"<p><\/p>\n<p class=\"\" data-start=\"477\" data-end=\"659\">Diese Sch\u00fcrze ist wie keine andere.<br data-start=\"516\" data-end=\"519\" \/>Diese in unserer Werkstatt aus <strong data-start=\"551\" data-end=\"581\">hochwertigem Kunstleder<\/strong> gefertigte <strong data-start=\"590\" data-end=\"629\">Profi-Sch\u00fcrze in limitierter Auflage<\/strong> wurde entworfen, um aufzufallen.<\/p>\n<p class=\"\" data-start=\"661\" data-end=\"855\">Mit ihrem <strong data-start=\"664\" data-end=\"694\">minimalen, aber dynamischen Look<\/strong>, den gro\u00dfen praktischen Taschen und den verstellbaren Tr\u00e4gern ist sie perfekt f\u00fcr Baristas, Barkeeper oder Profis, die <strong data-start=\"828\" data-end=\"854\">Stil und Funktionalit\u00e4t<\/strong> kombinieren m\u00f6chten <strong data-start=\"828\" data-end=\"854\">.<\/strong><\/p>\n<p class=\"\" data-start=\"857\" data-end=\"1039\">&#x2705; Handgefertigte Konstruktion<br data-start=\"880\" data-end=\"883\" \/>&#x2705; Material, das an luxuri\u00f6ses Leder erinnert<br data-start=\"918\" data-end=\"921\" \/>&#x2705; Ideal f\u00fcr Barista, Barkeeper, K\u00f6che oder Kellner<br data-start=\"967\" data-end=\"970\" \/>&#x2705; Sofort lieferbar<br data-start=\"987\" data-end=\"990\" \/>&#x2705; Begrenzter Vorrat &#8211; wird nicht wieder aufgelegt<\/p>\n<p class=\"\" data-start=\"1041\" data-end=\"1080\">&#x1f4e6; Sofort versandfertig &#8211; kein Warten!<\/p>\n<p class=\"\" data-start=\"1082\" data-end=\"1167\">&#x1f449; Wenn Sie auf der Suche nach <strong data-start=\"1096\" data-end=\"1128\">einzigartiger Business-Kleidung<\/strong> sind, die einen Unterschied macht, haben Sie sie gerade gefunden.<\/p>\n<p><\/p>","protected":false},"excerpt":{"rendered":"<p class=\"\" data-start=\"477\" data-end=\"659\">Diese Sch\u00fcrze ist wie keine andere.<br data-start=\"516\" data-end=\"519\" \/>Diese in unserer Werkstatt aus <strong data-start=\"551\" data-end=\"581\">hochwertigem Kunstleder<\/strong> gefertigte <strong data-start=\"590\" data-end=\"629\">Profi-Sch\u00fcrze in limitierter Auflage<\/strong> wurde entworfen, um aufzufallen.<\/p>\n<p class=\"\" data-start=\"661\" data-end=\"855\">Mit ihrem <strong data-start=\"664\" data-end=\"694\">minimalen, aber dynamischen Look<\/strong>, den gro\u00dfen praktischen Taschen und den verstellbaren Tr\u00e4gern ist sie perfekt f\u00fcr Baristas, Barkeeper oder Profis, die <strong data-start=\"828\" data-end=\"854\">Stil und Funktionalit\u00e4t<\/strong> miteinander verbinden m\u00f6chten <strong data-start=\"828\" data-end=\"854\">.<\/strong><\/p>\n<p class=\"\" data-start=\"857\" data-end=\"1039\">&#x2705; Handgefertigte Konstruktion<br data-start=\"880\" data-end=\"883\" \/>&#x2705; Material, das an luxuri\u00f6ses Leder erinnert<br data-start=\"918\" data-end=\"921\" \/>&#x2705; Ideal f\u00fcr Barista, Barkeeper, K\u00f6che oder Kellner<br data-start=\"967\" data-end=\"970\" \/>&#x2705; Sofort lieferbar<br data-start=\"987\" data-end=\"990\" \/>&#x2705; Begrenzter Vorrat &#8211; wird nicht wieder aufgelegt<\/p>\n<p class=\"\" data-start=\"1041\" data-end=\"1080\">&#x1f4e6; Sofort versandfertig &#8211; kein Warten!<\/p>\n<p class=\"\" data-start=\"1082\" data-end=\"1167\">&#x1f449; Wenn Sie auf der Suche nach <strong data-start=\"1096\" data-end=\"1128\">einzigartiger Business-Kleidung<\/strong> sind, die einen Unterschied macht, haben Sie sie gerade gefunden.<\/p>\n","protected":false},"featured_media":13661,"comment_status":"closed","ping_status":"closed","template":"","meta":[],"product_cat":[57,8,11,12,42,73,23,40,7,15,17,13,21,14,24],"product_tag":[],"class_list":{"0":"post-13659","1":"product","2":"type-product","3":"status-publish","4":"has-post-thumbnail","6":"product_cat-2024-2025","7":"product_cat-artists","8":"product_cat-barista","9":"product_cat-bartender","10":"product_cat-coffee-lovers","11":"product_cat-stock-aprons-one-of-a-kind","12":"product_cat-in-stock","13":"product_cat-40","14":"product_cat-hospitality","15":"product_cat-barber-hairdresser","16":"product_cat-nail-artist","17":"product_cat-service","18":"product_cat-chef","19":"product_cat-somelie","20":"product_cat-aprons","22":"first","23":"instock","24":"sale","25":"taxable","26":"shipping-taxable","27":"purchasable","28":"product-type-simple"},"_links":{"self":[{"href":"https:\/\/www.2ha.gr\/de\/wp-json\/wp\/v2\/product\/13659","targetHints":{"allow":["GET"]}}],"collection":[{"href":"https:\/\/www.2ha.gr\/de\/wp-json\/wp\/v2\/product"}],"about":[{"href":"https:\/\/www.2ha.gr\/de\/wp-json\/wp\/v2\/types\/product"}],"replies":[{"embeddable":true,"href":"https:\/\/www.2ha.gr\/de\/wp-json\/wp\/v2\/comments?post=13659"}],"wp:featuredmedia":[{"embeddable":true,"href":"https:\/\/www.2ha.gr\/de\/wp-json\/wp\/v2\/media\/13661"}],"wp:attachment":[{"href":"https:\/\/www.2ha.gr\/de\/wp-json\/wp\/v2\/media?parent=13659"}],"wp:term":[{"taxonomy":"product_cat","embeddable":true,"href":"https:\/\/www.2ha.gr\/de\/wp-json\/wp\/v2\/product_cat?post=13659"},{"taxonomy":"product_tag","embeddable":true,"href":"https:\/\/www.2ha.gr\/de\/wp-json\/wp\/v2\/product_tag?post=13659"}],"curies":[{"name":"wp","href":"https:\/\/api.w.org\/{rel}","templated":true}]}}