{"id":13950,"date":"2025-07-07T14:23:35","date_gmt":"2025-07-07T11:23:35","guid":{"rendered":"https:\/\/www.2ha.gr\/?post_type=product&#038;p=13950"},"modified":"2025-07-07T14:23:39","modified_gmt":"2025-07-07T11:23:39","slug":"earth-core","status":"publish","type":"product","link":"https:\/\/www.2ha.gr\/de\/product\/earth-core\/","title":{"rendered":"Earth Core"},"content":{"rendered":"<p>&#8220;Earth Core&#8220; vereint nat\u00fcrlichen Stil mit einem hochwertigen Gef\u00fchl. Schweres, sandfarbenes Canvas-Grundmaterial, schokoladenfarbene Kunstlederdetails und Taschen, Metallhandtuchringe und hochfeste N\u00e4hte. Das Baumwollfutter auf der R\u00fcckseite bietet K\u00fchle und Komfort, w\u00e4hrend die \u00fcberkreuzten Riemen mit Fluktuation f\u00fcr eine perfekte Passform sorgen.<\/p>","protected":false},"excerpt":{"rendered":"<p>&#8222;Earth Core&#8220; vereint nat\u00fcrlichen Stil mit einem hochwertigen Gef\u00fchl. Schweres, sandfarbenes Canvas-Grundmaterial, schokoladenfarbene Kunstlederdetails und Taschen, Metallhandtuchringe und hochfeste N\u00e4hte. Das Baumwollfutter auf der R\u00fcckseite bietet K\u00fchle und Komfort, w\u00e4hrend die \u00fcberkreuzten Riemen mit Fluktuation f\u00fcr eine perfekte Passform sorgen.<\/p>\n","protected":false},"featured_media":13948,"comment_status":"closed","ping_status":"closed","template":"","meta":[],"product_cat":[57,8,11,12,42,73,7,15,58,13,14],"product_tag":[],"class_list":{"0":"post-13950","1":"product","2":"type-product","3":"status-publish","4":"has-post-thumbnail","6":"product_cat-2024-2025","7":"product_cat-artists","8":"product_cat-barista","9":"product_cat-bartender","10":"product_cat-coffee-lovers","11":"product_cat-stock-aprons-one-of-a-kind","12":"product_cat-hospitality","13":"product_cat-barber-hairdresser","14":"product_cat-58","15":"product_cat-service","16":"product_cat-somelie","18":"first","19":"instock","20":"taxable","21":"shipping-taxable","22":"purchasable","23":"product-type-simple"},"_links":{"self":[{"href":"https:\/\/www.2ha.gr\/de\/wp-json\/wp\/v2\/product\/13950","targetHints":{"allow":["GET"]}}],"collection":[{"href":"https:\/\/www.2ha.gr\/de\/wp-json\/wp\/v2\/product"}],"about":[{"href":"https:\/\/www.2ha.gr\/de\/wp-json\/wp\/v2\/types\/product"}],"replies":[{"embeddable":true,"href":"https:\/\/www.2ha.gr\/de\/wp-json\/wp\/v2\/comments?post=13950"}],"wp:featuredmedia":[{"embeddable":true,"href":"https:\/\/www.2ha.gr\/de\/wp-json\/wp\/v2\/media\/13948"}],"wp:attachment":[{"href":"https:\/\/www.2ha.gr\/de\/wp-json\/wp\/v2\/media?parent=13950"}],"wp:term":[{"taxonomy":"product_cat","embeddable":true,"href":"https:\/\/www.2ha.gr\/de\/wp-json\/wp\/v2\/product_cat?post=13950"},{"taxonomy":"product_tag","embeddable":true,"href":"https:\/\/www.2ha.gr\/de\/wp-json\/wp\/v2\/product_tag?post=13950"}],"curies":[{"name":"wp","href":"https:\/\/api.w.org\/{rel}","templated":true}]}}