{"id":13951,"date":"2025-07-07T14:26:16","date_gmt":"2025-07-07T11:26:16","guid":{"rendered":"https:\/\/www.2ha.gr\/?post_type=product&#038;p=13951"},"modified":"2025-07-07T14:26:30","modified_gmt":"2025-07-07T11:26:30","slug":"earth-core-service-apron","status":"publish","type":"product","link":"https:\/\/www.2ha.gr\/de\/product\/earth-core-service-apron\/","title":{"rendered":"Earth Core    service apron"},"content":{"rendered":"<p>Die &#8222;Earth Core Service-Sch\u00fcrze&#8220; ist eine H\u00fcftsch\u00fcrze mit besonderer Ergonomie und nat\u00fcrlicher Eleganz. Sie ist aus beigem Canvas-Stoff gefertigt und hat gro\u00dfe Taschen aus Kunstleder, ideal f\u00fcr Werkzeuge, Notizb\u00fccher oder POS. Auf der R\u00fcckseite befindet sich ein Baumwollfutter, das sie auch bei stundenlangem Einsatz besonders bequem macht. Der G\u00fcrtel wird mit einem Metallring verschlossen, der f\u00fcr Stabilit\u00e4t und einen sicheren Sitz sorgt.<\/p>","protected":false},"excerpt":{"rendered":"<p>Die &#8222;Earth Core Service-Sch\u00fcrze&#8220; ist eine H\u00fcftsch\u00fcrze mit besonderer Ergonomie und nat\u00fcrlicher Eleganz. Sie ist aus beigem Canvas-Stoff gefertigt und hat gro\u00dfe Taschen aus Kunstleder, ideal f\u00fcr Werkzeuge, Notizb\u00fccher oder POS. Auf der R\u00fcckseite befindet sich ein Baumwollfutter, das sie auch bei stundenlangem Einsatz besonders bequem macht. Der G\u00fcrtel wird mit einem Metallring verschlossen, der f\u00fcr Stabilit\u00e4t und einen sicheren Sitz sorgt.<\/p>\n","protected":false},"featured_media":13945,"comment_status":"closed","ping_status":"closed","template":"","meta":[],"product_cat":[57,73,7,58,13],"product_tag":[],"class_list":{"0":"post-13951","1":"product","2":"type-product","3":"status-publish","4":"has-post-thumbnail","6":"product_cat-2024-2025","7":"product_cat-stock-aprons-one-of-a-kind","8":"product_cat-hospitality","9":"product_cat-58","10":"product_cat-service","12":"first","13":"instock","14":"taxable","15":"shipping-taxable","16":"purchasable","17":"product-type-simple"},"_links":{"self":[{"href":"https:\/\/www.2ha.gr\/de\/wp-json\/wp\/v2\/product\/13951","targetHints":{"allow":["GET"]}}],"collection":[{"href":"https:\/\/www.2ha.gr\/de\/wp-json\/wp\/v2\/product"}],"about":[{"href":"https:\/\/www.2ha.gr\/de\/wp-json\/wp\/v2\/types\/product"}],"replies":[{"embeddable":true,"href":"https:\/\/www.2ha.gr\/de\/wp-json\/wp\/v2\/comments?post=13951"}],"wp:featuredmedia":[{"embeddable":true,"href":"https:\/\/www.2ha.gr\/de\/wp-json\/wp\/v2\/media\/13945"}],"wp:attachment":[{"href":"https:\/\/www.2ha.gr\/de\/wp-json\/wp\/v2\/media?parent=13951"}],"wp:term":[{"taxonomy":"product_cat","embeddable":true,"href":"https:\/\/www.2ha.gr\/de\/wp-json\/wp\/v2\/product_cat?post=13951"},{"taxonomy":"product_tag","embeddable":true,"href":"https:\/\/www.2ha.gr\/de\/wp-json\/wp\/v2\/product_tag?post=13951"}],"curies":[{"name":"wp","href":"https:\/\/api.w.org\/{rel}","templated":true}]}}