{"id":13952,"date":"2025-07-07T14:29:59","date_gmt":"2025-07-07T11:29:59","guid":{"rendered":"https:\/\/www.2ha.gr\/?post_type=product&#038;p=13952"},"modified":"2025-07-14T10:26:32","modified_gmt":"2025-07-14T07:26:32","slug":"boho-spirit","status":"publish","type":"product","link":"https:\/\/www.2ha.gr\/de\/product\/boho-spirit\/","title":{"rendered":"Boho Spirit"},"content":{"rendered":"<p>&#8220;Boho Spirit&#8220; ist eine bedruckte Sch\u00fcrze mit einzigartigem geometrischem Stoff in Boho-Farben und doppelten Stofftaschen. Die R\u00fcckseite ist mit Baumwolle gef\u00fcttert und bietet zus\u00e4tzlichen Komfort, w\u00e4hrend die gekreuzten, verstellbaren Tr\u00e4ger eine perfekte Passform f\u00fcr jeden K\u00f6rpertyp bieten. Sie verbindet hohe \u00c4sthetik mit ultimativer Funktionalit\u00e4t.<\/p>","protected":false},"excerpt":{"rendered":"<p>&#8222;Boho Spirit&#8220; ist eine bedruckte Sch\u00fcrze mit einzigartigem geometrischem Stoff in Boho-Farben und doppelten Stofftaschen. Die R\u00fcckseite ist mit Baumwolle gef\u00fcttert und bietet zus\u00e4tzlichen Komfort, w\u00e4hrend die gekreuzten, verstellbaren Tr\u00e4ger eine perfekte Passform f\u00fcr jeden K\u00f6rpertyp bieten. Sie verbindet hohe \u00c4sthetik mit ultimativer Funktionalit\u00e4t.<\/p>\n","protected":false},"featured_media":14008,"comment_status":"closed","ping_status":"closed","template":"","meta":[],"product_cat":[57,8,11,12,42,73,7,15,17,13,21,14,24],"product_tag":[],"class_list":{"0":"post-13952","1":"product","2":"type-product","3":"status-publish","4":"has-post-thumbnail","6":"product_cat-2024-2025","7":"product_cat-artists","8":"product_cat-barista","9":"product_cat-bartender","10":"product_cat-coffee-lovers","11":"product_cat-stock-aprons-one-of-a-kind","12":"product_cat-hospitality","13":"product_cat-barber-hairdresser","14":"product_cat-nail-artist","15":"product_cat-service","16":"product_cat-chef","17":"product_cat-somelie","18":"product_cat-aprons","20":"first","21":"instock","22":"taxable","23":"shipping-taxable","24":"purchasable","25":"product-type-simple"},"_links":{"self":[{"href":"https:\/\/www.2ha.gr\/de\/wp-json\/wp\/v2\/product\/13952","targetHints":{"allow":["GET"]}}],"collection":[{"href":"https:\/\/www.2ha.gr\/de\/wp-json\/wp\/v2\/product"}],"about":[{"href":"https:\/\/www.2ha.gr\/de\/wp-json\/wp\/v2\/types\/product"}],"replies":[{"embeddable":true,"href":"https:\/\/www.2ha.gr\/de\/wp-json\/wp\/v2\/comments?post=13952"}],"wp:featuredmedia":[{"embeddable":true,"href":"https:\/\/www.2ha.gr\/de\/wp-json\/wp\/v2\/media\/14008"}],"wp:attachment":[{"href":"https:\/\/www.2ha.gr\/de\/wp-json\/wp\/v2\/media?parent=13952"}],"wp:term":[{"taxonomy":"product_cat","embeddable":true,"href":"https:\/\/www.2ha.gr\/de\/wp-json\/wp\/v2\/product_cat?post=13952"},{"taxonomy":"product_tag","embeddable":true,"href":"https:\/\/www.2ha.gr\/de\/wp-json\/wp\/v2\/product_tag?post=13952"}],"curies":[{"name":"wp","href":"https:\/\/api.w.org\/{rel}","templated":true}]}}