{"id":13953,"date":"2025-07-07T14:32:44","date_gmt":"2025-07-07T11:32:44","guid":{"rendered":"https:\/\/www.2ha.gr\/?post_type=product&#038;p=13953"},"modified":"2025-07-14T10:23:15","modified_gmt":"2025-07-14T07:23:15","slug":"boho-spirit-minimal","status":"publish","type":"product","link":"https:\/\/www.2ha.gr\/de\/product\/boho-spirit-minimal\/","title":{"rendered":"Boho Spirit Minimal"},"content":{"rendered":"<p>Der &#8222;Boho Spirit Minimal&#8220; beh\u00e4lt die visuelle Dynamik des Ethno-Stoffes bei, indem er die Taschen entfernt (er hat zwei &#8222;versteckte&#8220; Innentaschen), um einen klaren, minimalen Effekt zu erzielen. Ideal f\u00fcr R\u00e4ume, die einfache Linien bevorzugen, ohne ihre Pers\u00f6nlichkeit zu verlieren. Er verf\u00fcgt \u00fcber einen Handtuchring und ein Baumwollfutter f\u00fcr mehr Komfort. Die Kreuzgurte mit schwankenden Tr\u00e4gern sorgen f\u00fcr eine perfekte Passform f\u00fcr jeden K\u00f6rpertyp.<\/p>","protected":false},"excerpt":{"rendered":"<p>Der &#8222;Boho Spirit Minimal&#8220; beh\u00e4lt die visuelle Dynamik des Ethno-Stoffes bei, indem er die Taschen entfernt (er hat zwei &#8222;versteckte&#8220; Innentaschen), um einen klaren, minimalen Effekt zu erzielen. Ideal f\u00fcr R\u00e4ume, die einfache Linien bevorzugen, ohne ihre Pers\u00f6nlichkeit zu verlieren. Er verf\u00fcgt \u00fcber einen Handtuchring und ein Baumwollfutter f\u00fcr mehr Komfort. Die Kreuztr\u00e4ger mit schwankenden Tr\u00e4gern sorgen f\u00fcr eine perfekte Passform f\u00fcr jeden K\u00f6rpertyp.<\/p>\n","protected":false},"featured_media":14003,"comment_status":"closed","ping_status":"closed","template":"","meta":[],"product_cat":[57,8,11,12,42,73,7,15,58,13,21,14,24],"product_tag":[],"class_list":{"0":"post-13953","1":"product","2":"type-product","3":"status-publish","4":"has-post-thumbnail","6":"product_cat-2024-2025","7":"product_cat-artists","8":"product_cat-barista","9":"product_cat-bartender","10":"product_cat-coffee-lovers","11":"product_cat-stock-aprons-one-of-a-kind","12":"product_cat-hospitality","13":"product_cat-barber-hairdresser","14":"product_cat-58","15":"product_cat-service","16":"product_cat-chef","17":"product_cat-somelie","18":"product_cat-aprons","20":"first","21":"instock","22":"taxable","23":"shipping-taxable","24":"purchasable","25":"product-type-simple"},"_links":{"self":[{"href":"https:\/\/www.2ha.gr\/de\/wp-json\/wp\/v2\/product\/13953","targetHints":{"allow":["GET"]}}],"collection":[{"href":"https:\/\/www.2ha.gr\/de\/wp-json\/wp\/v2\/product"}],"about":[{"href":"https:\/\/www.2ha.gr\/de\/wp-json\/wp\/v2\/types\/product"}],"replies":[{"embeddable":true,"href":"https:\/\/www.2ha.gr\/de\/wp-json\/wp\/v2\/comments?post=13953"}],"wp:featuredmedia":[{"embeddable":true,"href":"https:\/\/www.2ha.gr\/de\/wp-json\/wp\/v2\/media\/14003"}],"wp:attachment":[{"href":"https:\/\/www.2ha.gr\/de\/wp-json\/wp\/v2\/media?parent=13953"}],"wp:term":[{"taxonomy":"product_cat","embeddable":true,"href":"https:\/\/www.2ha.gr\/de\/wp-json\/wp\/v2\/product_cat?post=13953"},{"taxonomy":"product_tag","embeddable":true,"href":"https:\/\/www.2ha.gr\/de\/wp-json\/wp\/v2\/product_tag?post=13953"}],"curies":[{"name":"wp","href":"https:\/\/api.w.org\/{rel}","templated":true}]}}