{"id":13954,"date":"2025-07-07T14:39:26","date_gmt":"2025-07-07T11:39:26","guid":{"rendered":"https:\/\/www.2ha.gr\/?post_type=product&#038;p=13954"},"modified":"2025-07-14T10:19:19","modified_gmt":"2025-07-14T07:19:19","slug":"ink-pattern","status":"publish","type":"product","link":"https:\/\/www.2ha.gr\/de\/product\/ink-pattern\/","title":{"rendered":"Ink Pattern"},"content":{"rendered":"<p><\/p>\n<p data-start=\"1928\" data-end=\"2300\">Die &#8222;Ink Pattern&#8220;-Sch\u00fcrze ist ein Statement f\u00fcr alle, die auffallen wollen. Sie zeichnet sich durch ein modernes, sich wiederholendes Muster in Schwarz und Wei\u00df und doppelte Taschen aus schwarzem Stoff aus, die f\u00fcr Haltbarkeit und Stil sorgen. Das Baumwollfutter auf der R\u00fcckseite bietet Atmungsaktivit\u00e4t f\u00fcr den K\u00f6rper, w\u00e4hrend die \u00fcberkreuzten, verstellbaren Tr\u00e4ger die Sch\u00fcrze stabil, leicht und entspannt w\u00e4hrend der gesamten Schicht halten.<\/p>\n<p data-start=\"2302\" data-end=\"2361\">Ideal f\u00fcr: Mixologen, Stra\u00dfencaf\u00e9s, alternative L\u00e4den.<\/p>\n<p><\/p>","protected":false},"excerpt":{"rendered":"<p data-start=\"1928\" data-end=\"2300\">Die &#8222;Ink Pattern&#8220;-Sch\u00fcrze ist ein Statement f\u00fcr alle, die auffallen wollen. Sie zeichnet sich durch ein modernes, sich wiederholendes Muster in Schwarz und Wei\u00df und doppelte Taschen aus schwarzem Stoff aus, die f\u00fcr Haltbarkeit und Stil sorgen. Das Baumwollfutter auf der R\u00fcckseite bietet Atmungsaktivit\u00e4t f\u00fcr den K\u00f6rper, w\u00e4hrend die \u00fcberkreuzten, verstellbaren Tr\u00e4ger die Sch\u00fcrze stabil, leicht und entspannt w\u00e4hrend der gesamten Schicht halten.<\/p>\n<p data-start=\"2302\" data-end=\"2361\">Ideal f\u00fcr: Mixologen, Stra\u00dfencaf\u00e9s, alternative L\u00e4den.<\/p>\n","protected":false},"featured_media":14013,"comment_status":"closed","ping_status":"closed","template":"","meta":[],"product_cat":[57,8,11,12,42,73,23,7,15,13,21,14,24],"product_tag":[],"class_list":{"0":"post-13954","1":"product","2":"type-product","3":"status-publish","4":"has-post-thumbnail","6":"product_cat-2024-2025","7":"product_cat-artists","8":"product_cat-barista","9":"product_cat-bartender","10":"product_cat-coffee-lovers","11":"product_cat-stock-aprons-one-of-a-kind","12":"product_cat-in-stock","13":"product_cat-hospitality","14":"product_cat-barber-hairdresser","15":"product_cat-service","16":"product_cat-chef","17":"product_cat-somelie","18":"product_cat-aprons","20":"first","21":"instock","22":"taxable","23":"shipping-taxable","24":"purchasable","25":"product-type-simple"},"_links":{"self":[{"href":"https:\/\/www.2ha.gr\/de\/wp-json\/wp\/v2\/product\/13954","targetHints":{"allow":["GET"]}}],"collection":[{"href":"https:\/\/www.2ha.gr\/de\/wp-json\/wp\/v2\/product"}],"about":[{"href":"https:\/\/www.2ha.gr\/de\/wp-json\/wp\/v2\/types\/product"}],"replies":[{"embeddable":true,"href":"https:\/\/www.2ha.gr\/de\/wp-json\/wp\/v2\/comments?post=13954"}],"wp:featuredmedia":[{"embeddable":true,"href":"https:\/\/www.2ha.gr\/de\/wp-json\/wp\/v2\/media\/14013"}],"wp:attachment":[{"href":"https:\/\/www.2ha.gr\/de\/wp-json\/wp\/v2\/media?parent=13954"}],"wp:term":[{"taxonomy":"product_cat","embeddable":true,"href":"https:\/\/www.2ha.gr\/de\/wp-json\/wp\/v2\/product_cat?post=13954"},{"taxonomy":"product_tag","embeddable":true,"href":"https:\/\/www.2ha.gr\/de\/wp-json\/wp\/v2\/product_tag?post=13954"}],"curies":[{"name":"wp","href":"https:\/\/api.w.org\/{rel}","templated":true}]}}