{"id":13957,"date":"2025-07-07T14:48:56","date_gmt":"2025-07-07T11:48:56","guid":{"rendered":"https:\/\/www.2ha.gr\/?post_type=product&#038;p=13957"},"modified":"2025-07-07T14:48:59","modified_gmt":"2025-07-07T11:48:59","slug":"urban-splash-shirt","status":"publish","type":"product","link":"https:\/\/www.2ha.gr\/de\/product\/urban-splash-shirt\/","title":{"rendered":"Urban Splash shirt"},"content":{"rendered":"<p><\/p>\n<p data-start=\"3399\" data-end=\"3733\">&#8222;Urban Splash&#8220; ist ein professionelles Hemd mit einer k\u00fcnstlerischen Stimmung. Es ist aus einem hochfesten Stoff in einem dunklen anthrazitfarbenen Farbton gefertigt, mit einem abstrakten Druck auf der Vorderseite, der mit Pr\u00e4zision und kreativem Flair gen\u00e4ht wurde. Die elegant abgeschr\u00e4gte Knopfleiste wird mit R\u00fcschen geschlossen und verleiht Charakter und Stil, ohne die Bewegungsfreiheit einzuschr\u00e4nken.<\/p>\n<p data-start=\"3735\" data-end=\"3789\">Perfekt f\u00fcr: Chefk\u00f6che, Chef-Baristas, trendige Restaurants.<\/p>\n<p><\/p>","protected":false},"excerpt":{"rendered":"<p data-start=\"3399\" data-end=\"3733\">&#8222;Urban Splash&#8220; ist ein professionelles Hemd mit einer k\u00fcnstlerischen Stimmung. Es ist aus einem hochfesten Stoff in einem dunklen anthrazitfarbenen Farbton gefertigt, mit einem abstrakten Druck auf der Vorderseite, der mit Pr\u00e4zision und kreativem Flair gen\u00e4ht wurde. Die elegant abgeschr\u00e4gte Knopfleiste wird mit R\u00fcschen geschlossen und verleiht Charakter und Stil, ohne die Bewegungsfreiheit einzuschr\u00e4nken.<\/p>\n<p data-start=\"3735\" data-end=\"3789\">Perfekt f\u00fcr: Chefk\u00f6che, Chefbaristas, trendige Restaurants.<\/p>\n","protected":false},"featured_media":13959,"comment_status":"closed","ping_status":"closed","template":"","meta":[],"product_cat":[57,11,12,42,25,23,15,17,21,14],"product_tag":[],"class_list":{"0":"post-13957","1":"product","2":"type-product","3":"status-publish","4":"has-post-thumbnail","6":"product_cat-2024-2025","7":"product_cat-barista","8":"product_cat-bartender","9":"product_cat-coffee-lovers","10":"product_cat-little-2ha","11":"product_cat-in-stock","12":"product_cat-barber-hairdresser","13":"product_cat-nail-artist","14":"product_cat-chef","15":"product_cat-somelie","17":"first","18":"instock","19":"taxable","20":"shipping-taxable","21":"purchasable","22":"product-type-variable"},"_links":{"self":[{"href":"https:\/\/www.2ha.gr\/de\/wp-json\/wp\/v2\/product\/13957","targetHints":{"allow":["GET"]}}],"collection":[{"href":"https:\/\/www.2ha.gr\/de\/wp-json\/wp\/v2\/product"}],"about":[{"href":"https:\/\/www.2ha.gr\/de\/wp-json\/wp\/v2\/types\/product"}],"replies":[{"embeddable":true,"href":"https:\/\/www.2ha.gr\/de\/wp-json\/wp\/v2\/comments?post=13957"}],"wp:featuredmedia":[{"embeddable":true,"href":"https:\/\/www.2ha.gr\/de\/wp-json\/wp\/v2\/media\/13959"}],"wp:attachment":[{"href":"https:\/\/www.2ha.gr\/de\/wp-json\/wp\/v2\/media?parent=13957"}],"wp:term":[{"taxonomy":"product_cat","embeddable":true,"href":"https:\/\/www.2ha.gr\/de\/wp-json\/wp\/v2\/product_cat?post=13957"},{"taxonomy":"product_tag","embeddable":true,"href":"https:\/\/www.2ha.gr\/de\/wp-json\/wp\/v2\/product_tag?post=13957"}],"curies":[{"name":"wp","href":"https:\/\/api.w.org\/{rel}","templated":true}]}}