{"id":14066,"date":"2025-07-17T18:21:19","date_gmt":"2025-07-17T15:21:19","guid":{"rendered":"https:\/\/www.2ha.gr\/?post_type=product&#038;p=14066"},"modified":"2025-07-17T18:21:25","modified_gmt":"2025-07-17T15:21:25","slug":"wild-bloom","status":"publish","type":"product","link":"https:\/\/www.2ha.gr\/de\/product\/wild-bloom\/","title":{"rendered":"Wild Bloom"},"content":{"rendered":"<p><\/p>\n<p data-start=\"394\" data-end=\"542\">&#8220; <strong data-start=\"396\" data-end=\"412\">Wild Bloom&#8220;<\/strong> ist eine Statement-Sch\u00fcrze, eine Kombination aus <strong data-start=\"451\" data-end=\"494\">handgefertigtem Stoff mit Blumenmuster<\/strong> und <strong data-start=\"499\" data-end=\"519\">Naturleder<\/strong> in einem satten Braunton.<\/p>\n<p data-start=\"544\" data-end=\"779\">Die Brust und die gro\u00dfen Taschen sind mit <strong data-start=\"596\" data-end=\"634\">100% hochwertigem Naturleder<\/strong> gef\u00fcttert, w\u00e4hrend der Rest der Sch\u00fcrze aus <strong data-start=\"688\" data-end=\"737\">strapazierf\u00e4higem Baumwoll-Canvas mit einem floralen Druck<\/strong> in Blau- und Terrakotta-T\u00f6nen besteht.<\/p>\n<p data-start=\"781\" data-end=\"917\">Die <strong data-start=\"784\" data-end=\"827\">verstellbaren Tr\u00e4ger mit Kreuzspanngurten<\/strong> und Metallbeschl\u00e4gen sorgen f\u00fcr einen bequemen, entspannten und perfekten Sitz an jedem K\u00f6rper.<\/p>\n<hr data-start=\"919\" data-end=\"922\" \/>\n<h3 data-start=\"924\" data-end=\"955\">\u2705 Produktmerkmale:<\/h3>\n<ul data-start=\"957\" data-end=\"1299\">\n<li data-start=\"957\" data-end=\"1024\">\n<p data-start=\"959\" data-end=\"1024\">Handgefertigte Sch\u00fcrze mit einer Kombination aus <strong data-start=\"990\" data-end=\"1022\">Naturleder und Stoff<\/strong><\/p>\n<\/li>\n<li data-start=\"1025\" data-end=\"1065\">\n<p data-start=\"1027\" data-end=\"1065\">Doppelte<strong data-start=\"1037\" data-end=\"1063\"> Ledertasche<\/strong> auf der Vorderseite<strong data-start=\"1037\" data-end=\"1063\">, hergestellt aus echtem Leder mit<\/strong> echtem Leder und nat\u00fcrlichem<strong data-start=\"1037\" data-end=\"1063\"> Stoff.<\/strong><\/p>\n<\/li>\n<li data-start=\"1066\" data-end=\"1124\">\n<p data-start=\"1068\" data-end=\"1124\">\u03a7\u03b9\u03b1\u03c3\u03c4\u03af \u03c4\u03b9\u03c1\u03ac\u03bd\u03c4\u03b5\u03c2 \u03bc\u03b5 \u03b1\u03c5\u03be\u03bf\u03bc\u03b5\u03af\u03c9\u03c3\u03b7 <strong data-start=\"1087\" data-end=\"1122\">&amp; \u03bc\u03b5\u03c4\u03b1\u03bb\u03bb\u03b9\u03ba\u03ac \u03c3\u03c4\u03bf\u03b9\u03c7\u03b5\u03af\u03b1<\/strong><\/p>\n<\/li>\n<li data-start=\"1125\" data-end=\"1182\">\n<p data-start=\"1127\" data-end=\"1182\"><strong data-start=\"1127\" data-end=\"1146\">Baumwollfutter<\/strong> auf dem R\u00fccken f\u00fcr Komfort und K\u00fchle<\/p>\n<\/li>\n<li data-start=\"1183\" data-end=\"1241\">\n<p data-start=\"1185\" data-end=\"1241\">Einheitsgr\u00f6\u00dfe mit hervorragender Passform f\u00fcr alle K\u00f6rpertypen<\/p>\n<\/li>\n<li data-start=\"1242\" data-end=\"1299\">\n<p data-start=\"1244\" data-end=\"1299\">Ideal f\u00fcr den t\u00e4glichen Gebrauch in anspruchsvollen Umgebungen<\/p>\n<\/li>\n<\/ul>\n<hr data-start=\"1301\" data-end=\"1304\" \/>\n<h3 data-start=\"1306\" data-end=\"1324\">\u2705 Ideal f\u00fcr:<\/h3>\n<ul data-start=\"1326\" data-end=\"1532\">\n<li data-start=\"1326\" data-end=\"1371\">\n<p data-start=\"1328\" data-end=\"1371\">Barista in Spezialit\u00e4tencaf\u00e9s oder Caf\u00e9s im Vintage-Stil<\/p>\n<\/li>\n<li data-start=\"1372\" data-end=\"1396\">\n<p data-start=\"1374\" data-end=\"1396\">Cocktail- oder Weinbars<\/p>\n<\/li>\n<li data-start=\"1397\" data-end=\"1443\">\n<p data-start=\"1399\" data-end=\"1443\">\u00c4sthetische R\u00e4ume oder kreative Werkst\u00e4tten<\/p>\n<\/li>\n<li data-start=\"1444\" data-end=\"1475\">\n<p data-start=\"1446\" data-end=\"1475\">Konzeptl\u00e4den und Floristen<\/p>\n<\/li>\n<li data-start=\"1476\" data-end=\"1532\">\n<p data-start=\"1478\" data-end=\"1532\">Gewerbetreibende, die mit Stil und Textur auffallen wollen<\/p>\n<\/li>\n<\/ul>\n<hr data-start=\"1534\" data-end=\"1537\" \/>\n<h3 data-start=\"1539\" data-end=\"1563\">\u2705 Pflegehinweise:<\/h3>\n<ul data-start=\"1565\" data-end=\"1754\">\n<li data-start=\"1565\" data-end=\"1612\">\n<p data-start=\"1567\" data-end=\"1612\">Reinigung mit einem feuchten Tuch auf dem Lederteil<\/p>\n<\/li>\n<li data-start=\"1613\" data-end=\"1642\">\n<p data-start=\"1615\" data-end=\"1642\">Keine Maschinenw\u00e4sche<\/p>\n<\/li>\n<li data-start=\"1643\" data-end=\"1699\">\n<p data-start=\"1645\" data-end=\"1699\">Reinigung mit einer speziellen Lederseife wird empfohlen<\/p>\n<\/li>\n<li data-start=\"1700\" data-end=\"1754\">\n<p data-start=\"1702\" data-end=\"1754\">Lagerung an einem trockenen Ort, fern von Sonne\/Hitze<\/p>\n<\/li>\n<\/ul>\n<p><\/p>","protected":false},"excerpt":{"rendered":"<p data-start=\"394\" data-end=\"542\">&#8220; <strong data-start=\"396\" data-end=\"412\">Wild Bloom&#8220;<\/strong> ist eine Statement-Sch\u00fcrze, eine Kombination aus <strong data-start=\"451\" data-end=\"494\">handgefertigtem Stoff mit Blumenmuster<\/strong> und <strong data-start=\"499\" data-end=\"519\">Naturleder<\/strong> in einem satten Braunton.<\/p>\n<p data-start=\"544\" data-end=\"779\">Die Brust und die gro\u00dfen Taschen sind mit <strong data-start=\"596\" data-end=\"634\">100% hochwertigem Naturleder<\/strong> gef\u00fcttert, w\u00e4hrend der Rest der Sch\u00fcrze aus <strong data-start=\"688\" data-end=\"737\">strapazierf\u00e4higem Baumwoll-Canvas mit einem floralen Druck<\/strong> in Blau- und Terrakotta-T\u00f6nen besteht.<\/p>\n<p data-start=\"781\" data-end=\"917\">Die <strong data-start=\"784\" data-end=\"827\">verstellbaren Tr\u00e4ger mit Kreuzspanngurten<\/strong> und Metallbeschl\u00e4gen sorgen f\u00fcr einen bequemen, entspannten und perfekten Sitz an jedem K\u00f6rper.<\/p>\n<hr data-start=\"919\" data-end=\"922\" \/>\n<h3 data-start=\"924\" data-end=\"955\">\u2705 Produktmerkmale:<\/h3>\n<ul data-start=\"957\" data-end=\"1299\">\n<li data-start=\"957\" data-end=\"1024\">\n<p data-start=\"959\" data-end=\"1024\">Handgefertigte Sch\u00fcrze mit einer Kombination aus <strong data-start=\"990\" data-end=\"1022\">Naturleder und Stoff<\/strong><\/p>\n<\/li>\n<li data-start=\"1025\" data-end=\"1065\">\n<p data-start=\"1027\" data-end=\"1065\">Vordere <strong data-start=\"1037\" data-end=\"1063\">Dreifach-Ledertasche aus echtem Leder und Kunstleder<\/strong> mit einer einzigartigen Kombination aus <strong data-start=\"1037\" data-end=\"1063\">echtem Leder und nat\u00fcrlichem<\/strong> Stoff <strong data-start=\"1037\" data-end=\"1063\">.<\/strong><\/p>\n<\/li>\n<li data-start=\"1066\" data-end=\"1124\">\n<p data-start=\"1068\" data-end=\"1124\">Gekreuzte Schulterriemen mit <strong data-start=\"1087\" data-end=\"1122\">Fluktuation &amp; metallischen Elementen<\/strong><\/p>\n<\/li>\n<li data-start=\"1125\" data-end=\"1182\">\n<p data-start=\"1127\" data-end=\"1182\"><strong data-start=\"1127\" data-end=\"1146\">Baumwollfutter<\/strong> auf der R\u00fcckseite f\u00fcr Komfort und K\u00fchle<\/p>\n<\/li>\n<li data-start=\"1183\" data-end=\"1241\">\n<p data-start=\"1185\" data-end=\"1241\">Einheitsgr\u00f6\u00dfe mit hervorragender Passform f\u00fcr alle K\u00f6rpertypen<\/p>\n<\/li>\n<li data-start=\"1242\" data-end=\"1299\">\n<p data-start=\"1244\" data-end=\"1299\">Ideal f\u00fcr den t\u00e4glichen Gebrauch in anspruchsvollen Umgebungen<\/p>\n<\/li>\n<\/ul>\n","protected":false},"featured_media":13991,"comment_status":"closed","ping_status":"closed","template":"","meta":[],"product_cat":[57,11,12,42,73,7,15,17,58,13,14],"product_tag":[],"class_list":{"0":"post-14066","1":"product","2":"type-product","3":"status-publish","4":"has-post-thumbnail","6":"product_cat-2024-2025","7":"product_cat-barista","8":"product_cat-bartender","9":"product_cat-coffee-lovers","10":"product_cat-stock-aprons-one-of-a-kind","11":"product_cat-hospitality","12":"product_cat-barber-hairdresser","13":"product_cat-nail-artist","14":"product_cat-58","15":"product_cat-service","16":"product_cat-somelie","18":"first","19":"instock","20":"sale","21":"taxable","22":"shipping-taxable","23":"purchasable","24":"product-type-simple"},"_links":{"self":[{"href":"https:\/\/www.2ha.gr\/de\/wp-json\/wp\/v2\/product\/14066","targetHints":{"allow":["GET"]}}],"collection":[{"href":"https:\/\/www.2ha.gr\/de\/wp-json\/wp\/v2\/product"}],"about":[{"href":"https:\/\/www.2ha.gr\/de\/wp-json\/wp\/v2\/types\/product"}],"replies":[{"embeddable":true,"href":"https:\/\/www.2ha.gr\/de\/wp-json\/wp\/v2\/comments?post=14066"}],"wp:featuredmedia":[{"embeddable":true,"href":"https:\/\/www.2ha.gr\/de\/wp-json\/wp\/v2\/media\/13991"}],"wp:attachment":[{"href":"https:\/\/www.2ha.gr\/de\/wp-json\/wp\/v2\/media?parent=14066"}],"wp:term":[{"taxonomy":"product_cat","embeddable":true,"href":"https:\/\/www.2ha.gr\/de\/wp-json\/wp\/v2\/product_cat?post=14066"},{"taxonomy":"product_tag","embeddable":true,"href":"https:\/\/www.2ha.gr\/de\/wp-json\/wp\/v2\/product_tag?post=14066"}],"curies":[{"name":"wp","href":"https:\/\/api.w.org\/{rel}","templated":true}]}}