{"id":14069,"date":"2025-07-17T19:15:02","date_gmt":"2025-07-17T16:15:02","guid":{"rendered":"https:\/\/www.2ha.gr\/?post_type=product&#038;p=14069"},"modified":"2025-07-17T19:15:06","modified_gmt":"2025-07-17T16:15:06","slug":"ziggy-noir","status":"publish","type":"product","link":"https:\/\/www.2ha.gr\/de\/product\/ziggy-noir\/","title":{"rendered":"Ziggy Noir"},"content":{"rendered":"<p><\/p>\n<p data-start=\"341\" data-end=\"673\"><strong data-start=\"343\" data-end=\"357\">Ziggy Noir<\/strong> ist die ideale Wahl f\u00fcr alle, die <strong data-start=\"402\" data-end=\"448\">mit einem diskreten, aber mutigen Stil auffallen<\/strong> wollen <strong data-start=\"402\" data-end=\"448\">.<\/strong> Der K\u00f6rper der Sch\u00fcrze ist aus <strong data-start=\"487\" data-end=\"517\">strapazierf\u00e4higem schwarzem Segeltuch<\/strong> gen\u00e4ht, w\u00e4hrend die auff\u00e4lligen <strong data-start=\"555\" data-end=\"583\">Zickzack-Stoffdetails<\/strong> auf der Oberseite und die gro\u00dfe Fronttasche f\u00fcr Charakter und einen nostalgischen Touch sorgen.<\/p>\n<p data-start=\"675\" data-end=\"866\"> Die <strong data-start=\"792\" data-end=\"826\">Tr\u00e4ger <\/strong> sind so konzipiert, dass sie sich jedem K\u00f6rpertyp bequem anpassen, und sorgen f\u00fcr Ergonomie und Robustheit.<\/p>\n<hr data-start=\"868\" data-end=\"871\" \/>\n<h3 data-start=\"873\" data-end=\"891\">\u2705 Ideal f\u00fcr:<\/h3>\n<ul data-start=\"893\" data-end=\"1072\">\n<li data-start=\"893\" data-end=\"935\">\n<p data-start=\"895\" data-end=\"935\">Barista und Barkeeper mit urbaner \u00c4sthetik<\/p>\n<\/li>\n<li data-start=\"936\" data-end=\"984\">\n<p data-start=\"938\" data-end=\"984\">Konzeptl\u00e4den mit retro-industriellem Stil<\/p>\n<\/li>\n<li data-start=\"985\" data-end=\"1033\">\n<p data-start=\"987\" data-end=\"1033\">Konditoreien, vegane Bars oder Cocktail-Lounges<\/p>\n<\/li>\n<li data-start=\"1034\" data-end=\"1072\">\n<p data-start=\"1036\" data-end=\"1072\">Tattoo-Studios oder kreative Arbeitsbereiche<\/p>\n<\/li>\n<\/ul>\n<hr data-start=\"1074\" data-end=\"1077\" \/>\n<h3 data-start=\"1079\" data-end=\"1110\">\u2705 Produktmerkmale:<\/h3>\n<ul data-start=\"1112\" data-end=\"1320\">\n<li data-start=\"1112\" data-end=\"1151\">\n<p data-start=\"1114\" data-end=\"1151\">Stoff: Canvas + bedruckte Baumwolle<\/p>\n<\/li>\n<li data-start=\"1152\" data-end=\"1182\">\n<p data-start=\"1154\" data-end=\"1182\">Kreuzgurte mit Verstellung<\/p>\n<\/li>\n<li data-start=\"1183\" data-end=\"1221\">\n<p data-start=\"1185\" data-end=\"1221\">Gro\u00dfe Fronttasche mit Polsterung<\/p>\n<\/li>\n<li data-start=\"1222\" data-end=\"1260\">\n<p data-start=\"1224\" data-end=\"1260\">Hochwertige N\u00e4hte und metallische Details<\/p>\n<\/li>\n<li data-start=\"1261\" data-end=\"1282\">\n<p data-start=\"1263\" data-end=\"1282\">Unisex \/ Einheitsgr\u00f6\u00dfe<\/p>\n<\/li>\n<li data-start=\"1283\" data-end=\"1320\">\n<p data-start=\"1285\" data-end=\"1320\">Entworfen und gen\u00e4ht in Griechenland<\/p>\n<\/li>\n<\/ul>\n<hr data-start=\"1322\" data-end=\"1325\" \/>\n<h3 data-start=\"1327\" data-end=\"1351\">\u2705 Pflegehinweise:<\/h3>\n<ul data-start=\"1353\" data-end=\"1422\">\n<li data-start=\"1353\" data-end=\"1375\">\n<p data-start=\"1355\" data-end=\"1375\">Waschen bei 30\u00b0C<\/p>\n<\/li>\n<li data-start=\"1376\" data-end=\"1404\">\n<p data-start=\"1378\" data-end=\"1404\">30\u00b0C &#8211; Waschen bei 30\u00b0 Kryogenische Reinigung bei 30\u00b0C<\/p>\n<\/li>\n<li data-start=\"1405\" data-end=\"1422\">\n<p data-start=\"1407\" data-end=\"1422\">Kein W\u00e4schetrockner<\/p>\n<\/li>\n<\/ul>\n<p><\/p>","protected":false},"excerpt":{"rendered":"<p data-start=\"341\" data-end=\"673\"><strong data-start=\"343\" data-end=\"357\">Ziggy Noir<\/strong> ist die ideale Wahl f\u00fcr alle, die <strong data-start=\"402\" data-end=\"448\">mit einem diskreten, aber mutigen Stil auffallen<\/strong> wollen <strong data-start=\"402\" data-end=\"448\">.<\/strong> Der K\u00f6rper der Sch\u00fcrze ist aus <strong data-start=\"487\" data-end=\"517\">strapazierf\u00e4higem schwarzem Segeltuch<\/strong> gen\u00e4ht, w\u00e4hrend die auff\u00e4lligen <strong data-start=\"555\" data-end=\"583\">Vintage-Zickzack-Stoffdetails<\/strong> auf der Oberseite und die gro\u00dfe Fronttasche Charakter und nostalgisches Flair verleihen.<\/p>\n<p data-start=\"675\" data-end=\"866\"> Die <strong data-start=\"792\" data-end=\"826\">Tr\u00e4ger <\/strong> sind so konzipiert, dass sie sich jedem K\u00f6rpertyp bequem anpassen, und sorgen f\u00fcr Ergonomie und Robustheit.<\/p>\n<hr data-start=\"868\" data-end=\"871\" \/>\n<h3 data-start=\"873\" data-end=\"891\">\u2705 Ideal f\u00fcr:<\/h3>\n<ul data-start=\"893\" data-end=\"1072\">\n<li data-start=\"893\" data-end=\"935\">\n<p data-start=\"895\" data-end=\"935\">Barista und Barkeeper mit urbaner \u00c4sthetik<\/p>\n<\/li>\n<li data-start=\"936\" data-end=\"984\">\n<p data-start=\"938\" data-end=\"984\">Konzeptl\u00e4den mit retro-industriellem Stil<\/p>\n<\/li>\n<li data-start=\"985\" data-end=\"1033\">\n<p data-start=\"987\" data-end=\"1033\">Konditoreien, vegane Bars oder Cocktaillounges<\/p>\n<\/li>\n<li data-start=\"1034\" data-end=\"1072\">\n<p data-start=\"1036\" data-end=\"1072\">Tattoo-Studios oder kreative Arbeitsbereiche<\/p>\n<\/li>\n<\/ul>\n<hr data-start=\"1074\" data-end=\"1077\" \/>\n<h3 data-start=\"1079\" data-end=\"1110\">\u2705 Produktmerkmale:<\/h3>\n<ul data-start=\"1112\" data-end=\"1320\">\n<li data-start=\"1112\" data-end=\"1151\">\n<p data-start=\"1114\" data-end=\"1151\">Stoff: Canvas + bedruckte Baumwolle<\/p>\n<\/li>\n<li data-start=\"1152\" data-end=\"1182\">\n<p data-start=\"1154\" data-end=\"1182\">Kreuzgurte mit Verstellung<\/p>\n<\/li>\n<li data-start=\"1183\" data-end=\"1221\">\n<p data-start=\"1185\" data-end=\"1221\">Gro\u00dfe Fronttasche mit Polsterung<\/p>\n<\/li>\n<li data-start=\"1222\" data-end=\"1260\">\n<p data-start=\"1224\" data-end=\"1260\">Hochwertige N\u00e4hte und metallische Details<\/p>\n<\/li>\n<li data-start=\"1261\" data-end=\"1282\">\n<p data-start=\"1263\" data-end=\"1282\">Unisex \/ Einheitsgr\u00f6\u00dfe<\/p>\n<\/li>\n<li data-start=\"1283\" data-end=\"1320\">\n<p data-start=\"1285\" data-end=\"1320\">Entworfen und gen\u00e4ht in Griechenland<\/p>\n<\/li>\n<\/ul>\n<hr data-start=\"1322\" data-end=\"1325\" \/>\n<h3 data-start=\"1327\" data-end=\"1351\">\u2705 Pflegehinweise:<\/h3>\n<ul data-start=\"1353\" data-end=\"1422\">\n<li data-start=\"1353\" data-end=\"1375\">\n<p data-start=\"1355\" data-end=\"1375\">Waschen bei 30\u00b0C<\/p>\n<\/li>\n<li data-start=\"1376\" data-end=\"1404\">\n<p data-start=\"1378\" data-end=\"1404\">30\u00b0C &#8211; Waschen bei 30\u00b0 Kryogenische Reinigung bei 30\u00b0C<\/p>\n<\/li>\n<li data-start=\"1405\" data-end=\"1422\">\n<p data-start=\"1407\" data-end=\"1422\">Kein W\u00e4schetrockner<\/p>\n<\/li>\n<\/ul>\n","protected":false},"featured_media":14022,"comment_status":"closed","ping_status":"closed","template":"","meta":[],"product_cat":[57,8,11,12,42,73,40,7,15,17,13,21,24],"product_tag":[],"class_list":{"0":"post-14069","1":"product","2":"type-product","3":"status-publish","4":"has-post-thumbnail","6":"product_cat-2024-2025","7":"product_cat-artists","8":"product_cat-barista","9":"product_cat-bartender","10":"product_cat-coffee-lovers","11":"product_cat-stock-aprons-one-of-a-kind","12":"product_cat-40","13":"product_cat-hospitality","14":"product_cat-barber-hairdresser","15":"product_cat-nail-artist","16":"product_cat-service","17":"product_cat-chef","18":"product_cat-aprons","20":"first","21":"instock","22":"sale","23":"taxable","24":"shipping-taxable","25":"purchasable","26":"product-type-simple"},"_links":{"self":[{"href":"https:\/\/www.2ha.gr\/de\/wp-json\/wp\/v2\/product\/14069","targetHints":{"allow":["GET"]}}],"collection":[{"href":"https:\/\/www.2ha.gr\/de\/wp-json\/wp\/v2\/product"}],"about":[{"href":"https:\/\/www.2ha.gr\/de\/wp-json\/wp\/v2\/types\/product"}],"replies":[{"embeddable":true,"href":"https:\/\/www.2ha.gr\/de\/wp-json\/wp\/v2\/comments?post=14069"}],"wp:featuredmedia":[{"embeddable":true,"href":"https:\/\/www.2ha.gr\/de\/wp-json\/wp\/v2\/media\/14022"}],"wp:attachment":[{"href":"https:\/\/www.2ha.gr\/de\/wp-json\/wp\/v2\/media?parent=14069"}],"wp:term":[{"taxonomy":"product_cat","embeddable":true,"href":"https:\/\/www.2ha.gr\/de\/wp-json\/wp\/v2\/product_cat?post=14069"},{"taxonomy":"product_tag","embeddable":true,"href":"https:\/\/www.2ha.gr\/de\/wp-json\/wp\/v2\/product_tag?post=14069"}],"curies":[{"name":"wp","href":"https:\/\/api.w.org\/{rel}","templated":true}]}}