{"id":14141,"date":"2025-08-22T18:30:39","date_gmt":"2025-08-22T15:30:39","guid":{"rendered":"https:\/\/www.2ha.gr\/?post_type=product&#038;p=14141"},"modified":"2025-09-01T23:48:28","modified_gmt":"2025-09-01T20:48:28","slug":"sugar-skulls","status":"publish","type":"product","link":"https:\/\/www.2ha.gr\/de\/product\/sugar-skulls\/","title":{"rendered":"Sugar Skulls"},"content":{"rendered":"<p><\/p>\n<p data-start=\"210\" data-end=\"572\">Der <strong data-start=\"212\" data-end=\"244\">Jumpsuit &#8222;Sugar Skulls&#8220;<\/strong> bringt Farbe und Charakter an Ihren Arbeitsplatz. Mit seinem schwarzen Grundton und den Taschen mit auff\u00e4lligem Zuckersch\u00e4del-Muster kombiniert er Haltbarkeit und unverwechselbaren Stil; die Tasche bietet Platz f\u00fcr alle wichtigen Utensilien eines Barista oder Kellners, w\u00e4hrend das handgefertigte Design Komfort und Haltbarkeit garantiert.<\/p>\n<p data-start=\"574\" data-end=\"863\">\u2714\ufe0f <strong data-start=\"577\" data-end=\"602\">Handgefertigte Konstruktion<\/strong> mit hochwertigen Materialien<br data-start=\"674\" data-end=\"677\" \/>\u2714\ufe0f <strong data-start=\"680\" data-end=\"705\">Verstellbare Riemen<\/strong> f\u00fcr eine perfekte Passform<br data-start=\"725\" data-end=\"728\" \/>\u2714\ufe0f Ideal f\u00fcr <strong data-start=\"743\" data-end=\"800\">Caf\u00e9s, Bars, Restaurants, Hotels und Cocktailbars<\/strong><br data-start=\"800\" data-end=\"803\" \/>\u2714\ufe0f <strong data-start=\"806\" data-end=\"823\" data-is-only-node=\"\">Unisex-Design<\/strong> f\u00fcr m\u00e4nnliche und weibliche Fachkr\u00e4fte<\/p>\n<p data-start=\"865\" data-end=\"1012\">Die <strong data-start=\"877\" data-end=\"898\">2 Handmade Aprons<\/strong> Sch\u00fcrze ist die perfekte Wahl f\u00fcr alle, die ihr berufliches Image eindrucksvoll und unverwechselbar gestalten wollen.<\/p>\n<p><\/p>","protected":false},"excerpt":{"rendered":"<p data-start=\"210\" data-end=\"572\">Der <strong data-start=\"212\" data-end=\"244\">Jumpsuit &#8222;Sugar Skulls&#8220;<\/strong> bringt Farbe und Charakter an Ihren Arbeitsplatz. Mit seinem schwarzen Grundton und den Taschen mit auff\u00e4lligem Zuckersch\u00e4del-Muster kombiniert er Haltbarkeit und unverwechselbaren Stil; die Tasche bietet Platz f\u00fcr alle wichtigen Utensilien eines Barista oder Kellners, w\u00e4hrend das handgefertigte Design Komfort und Haltbarkeit garantiert.<\/p>\n<p data-start=\"574\" data-end=\"863\">\u2714\ufe0f <strong data-start=\"577\" data-end=\"602\">Handgefertigte Konstruktion<\/strong> mit hochwertigen Materialien<br data-start=\"674\" data-end=\"677\" \/>\u2714\ufe0f <strong data-start=\"680\" data-end=\"705\">Verstellbare Riemen<\/strong> f\u00fcr eine perfekte Passform<br data-start=\"725\" data-end=\"728\" \/>\u2714\ufe0f Ideal f\u00fcr <strong data-start=\"743\" data-end=\"800\">Caf\u00e9s, Bars, Restaurants, Hotels und Cocktailbars<\/strong><br data-start=\"800\" data-end=\"803\" \/>\u2714\ufe0f <strong data-start=\"806\" data-end=\"823\" data-is-only-node=\"\">Unisex-Design<\/strong> f\u00fcr m\u00e4nnliche und weibliche Fachkr\u00e4fte<\/p>\n<p data-start=\"865\" data-end=\"1012\">Die <strong data-start=\"877\" data-end=\"898\">2 Handmade Aprons<\/strong> Sch\u00fcrze ist die perfekte Wahl f\u00fcr alle, die ihr berufliches Image eindrucksvoll und unverwechselbar gestalten wollen.<\/p>\n","protected":false},"featured_media":14248,"comment_status":"closed","ping_status":"closed","template":"","meta":[],"product_cat":[57,8,11,12,42,73,7,13],"product_tag":[],"class_list":{"0":"post-14141","1":"product","2":"type-product","3":"status-publish","4":"has-post-thumbnail","6":"product_cat-2024-2025","7":"product_cat-artists","8":"product_cat-barista","9":"product_cat-bartender","10":"product_cat-coffee-lovers","11":"product_cat-stock-aprons-one-of-a-kind","12":"product_cat-hospitality","13":"product_cat-service","15":"first","16":"instock","17":"sale","18":"taxable","19":"shipping-taxable","20":"purchasable","21":"product-type-simple"},"_links":{"self":[{"href":"https:\/\/www.2ha.gr\/de\/wp-json\/wp\/v2\/product\/14141","targetHints":{"allow":["GET"]}}],"collection":[{"href":"https:\/\/www.2ha.gr\/de\/wp-json\/wp\/v2\/product"}],"about":[{"href":"https:\/\/www.2ha.gr\/de\/wp-json\/wp\/v2\/types\/product"}],"replies":[{"embeddable":true,"href":"https:\/\/www.2ha.gr\/de\/wp-json\/wp\/v2\/comments?post=14141"}],"wp:featuredmedia":[{"embeddable":true,"href":"https:\/\/www.2ha.gr\/de\/wp-json\/wp\/v2\/media\/14248"}],"wp:attachment":[{"href":"https:\/\/www.2ha.gr\/de\/wp-json\/wp\/v2\/media?parent=14141"}],"wp:term":[{"taxonomy":"product_cat","embeddable":true,"href":"https:\/\/www.2ha.gr\/de\/wp-json\/wp\/v2\/product_cat?post=14141"},{"taxonomy":"product_tag","embeddable":true,"href":"https:\/\/www.2ha.gr\/de\/wp-json\/wp\/v2\/product_tag?post=14141"}],"curies":[{"name":"wp","href":"https:\/\/api.w.org\/{rel}","templated":true}]}}