{"id":14142,"date":"2025-08-22T18:40:00","date_gmt":"2025-08-22T15:40:00","guid":{"rendered":"https:\/\/www.2ha.gr\/?post_type=product&#038;p=14142"},"modified":"2025-09-01T23:46:51","modified_gmt":"2025-09-01T20:46:51","slug":"%cf%80%ce%bf%ce%b4%ce%b9%ce%ac-%ce%bc%ce%ad%cf%83%ce%b7%cf%82-sugar-skulls","status":"publish","type":"product","link":"https:\/\/www.2ha.gr\/de\/product\/%cf%80%ce%bf%ce%b4%ce%b9%ce%ac-%ce%bc%ce%ad%cf%83%ce%b7%cf%82-sugar-skulls\/","title":{"rendered":"\u03a0\u03bf\u03b4\u03b9\u03ac \u039c\u03ad\u03c3\u03b7\u03c2 Sugar Skulls"},"content":{"rendered":"<p><\/p>\n<p data-start=\"200\" data-end=\"618\">Die <strong data-start=\"202\" data-end=\"237\">Halbsch\u00fcrze &#8222;Sugar Skulls&#8220;<\/strong> ist die ideale Wahl f\u00fcr alle, die eine professionelle Sch\u00fcrze mit dynamischem Charakter und einzigartigem Design suchen. Mit ihrem schwarzen Grundton und den auff\u00e4lligen Details in Form von Zuckersch\u00e4deln verleiht sie dem Look des Personals einen verspielten und zugleich professionellen Touch. Sie verf\u00fcgt \u00fcber zwei ger\u00e4umige Taschen, ideal f\u00fcr PDAs, Notebooks oder Barista-Tools, die Komfort und Funktionalit\u00e4t gew\u00e4hrleisten.<\/p>\n<p data-start=\"620\" data-end=\"888\">\u2714\ufe0f <strong data-start=\"623\" data-end=\"638\">Handgefertigt<\/strong> aus langlebigen Materialien<br data-start=\"657\" data-end=\"660\" \/>\u2714\ufe0f <strong data-start=\"663\" data-end=\"685\">Zwei gro\u00dfe Taschen<\/strong> f\u00fcr die Arbeitsorganisation<br data-start=\"711\" data-end=\"714\" \/>\u2714\ufe0f <strong data-start=\"717\" data-end=\"736\">Modernes Design<\/strong> mit Aufdruck von Zuckersch\u00e4deln<br data-start=\"758\" data-end=\"761\" \/>\u2714\ufe0f Ideal f\u00fcr <strong data-start=\"776\" data-end=\"823\">Caf\u00e9s, Bars, Cocktailbars und Restaurants<\/strong><br data-start=\"823\" data-end=\"826\" \/>\u2714\ufe0f <strong data-start=\"829\" data-end=\"845\" data-is-only-node=\"\">Unisex-Sch\u00fcrze<\/strong>, die in jeden professionellen Bereich passt<\/p>\n<p data-start=\"890\" data-end=\"1030\">Die <strong data-start=\"908\" data-end=\"929\">2 Handmade Aprons<\/strong> Taillensch\u00fcrze verleiht Stil und Professionalit\u00e4t und macht die t\u00e4gliche Arbeit einfacher und eindrucksvoller.<\/p>\n<p><\/p>","protected":false},"excerpt":{"rendered":"<p data-start=\"200\" data-end=\"618\">Die <strong data-start=\"202\" data-end=\"237\">Halbsch\u00fcrze &#8222;Sugar Skulls&#8220;<\/strong> ist die ideale Wahl f\u00fcr alle, die eine professionelle Sch\u00fcrze mit dynamischem Charakter und einzigartigem Design suchen. Mit ihrem schwarzen Grundton und den auff\u00e4lligen Details in Form von Zuckersch\u00e4deln verleiht sie dem Look des Personals einen verspielten und zugleich professionellen Touch. Sie verf\u00fcgt \u00fcber zwei ger\u00e4umige Taschen, ideal f\u00fcr PDAs, Notebooks oder Barista-Tools, die Komfort und Funktionalit\u00e4t gew\u00e4hrleisten.<\/p>\n<p data-start=\"620\" data-end=\"888\">\u2714\ufe0f <strong data-start=\"623\" data-end=\"638\">Handgefertigt<\/strong> aus langlebigen Materialien<br data-start=\"657\" data-end=\"660\" \/>\u2714\ufe0f <strong data-start=\"663\" data-end=\"685\">Zwei gro\u00dfe Taschen<\/strong> f\u00fcr die Arbeitsorganisation<br data-start=\"711\" data-end=\"714\" \/>\u2714\ufe0f <strong data-start=\"717\" data-end=\"736\">Modernes Design<\/strong> mit Aufdruck von Zuckersch\u00e4deln<br data-start=\"758\" data-end=\"761\" \/>\u2714\ufe0f Ideal f\u00fcr <strong data-start=\"776\" data-end=\"823\">Caf\u00e9s, Bars, Cocktailbars und Restaurants<\/strong><br data-start=\"823\" data-end=\"826\" \/>\u2714\ufe0f <strong data-start=\"829\" data-end=\"845\" data-is-only-node=\"\">Unisex-Sch\u00fcrze<\/strong>, die in jeden professionellen Bereich passt<\/p>\n<p data-start=\"890\" data-end=\"1030\">Die <strong data-start=\"908\" data-end=\"929\">2 Handmade Aprons<\/strong> Taillensch\u00fcrze verleiht Stil und Professionalit\u00e4t und macht die t\u00e4gliche Arbeit einfacher und eindrucksvoller.<\/p>\n","protected":false},"featured_media":14256,"comment_status":"closed","ping_status":"closed","template":"","meta":[],"product_cat":[57,73,39,7,13],"product_tag":[],"class_list":{"0":"post-14142","1":"product","2":"type-product","3":"status-publish","4":"has-post-thumbnail","6":"product_cat-2024-2025","7":"product_cat-stock-aprons-one-of-a-kind","8":"product_cat-trick-or-treat","9":"product_cat-hospitality","10":"product_cat-service","12":"first","13":"instock","14":"sale","15":"taxable","16":"shipping-taxable","17":"purchasable","18":"product-type-simple"},"_links":{"self":[{"href":"https:\/\/www.2ha.gr\/de\/wp-json\/wp\/v2\/product\/14142","targetHints":{"allow":["GET"]}}],"collection":[{"href":"https:\/\/www.2ha.gr\/de\/wp-json\/wp\/v2\/product"}],"about":[{"href":"https:\/\/www.2ha.gr\/de\/wp-json\/wp\/v2\/types\/product"}],"replies":[{"embeddable":true,"href":"https:\/\/www.2ha.gr\/de\/wp-json\/wp\/v2\/comments?post=14142"}],"wp:featuredmedia":[{"embeddable":true,"href":"https:\/\/www.2ha.gr\/de\/wp-json\/wp\/v2\/media\/14256"}],"wp:attachment":[{"href":"https:\/\/www.2ha.gr\/de\/wp-json\/wp\/v2\/media?parent=14142"}],"wp:term":[{"taxonomy":"product_cat","embeddable":true,"href":"https:\/\/www.2ha.gr\/de\/wp-json\/wp\/v2\/product_cat?post=14142"},{"taxonomy":"product_tag","embeddable":true,"href":"https:\/\/www.2ha.gr\/de\/wp-json\/wp\/v2\/product_tag?post=14142"}],"curies":[{"name":"wp","href":"https:\/\/api.w.org\/{rel}","templated":true}]}}