{"id":14157,"date":"2025-08-22T19:25:05","date_gmt":"2025-08-22T16:25:05","guid":{"rendered":"https:\/\/www.2ha.gr\/?post_type=product&#038;p=14157"},"modified":"2025-09-01T23:43:35","modified_gmt":"2025-09-01T20:43:35","slug":"earth-geometry","status":"publish","type":"product","link":"https:\/\/www.2ha.gr\/de\/product\/earth-geometry\/","title":{"rendered":"Earth Geometry"},"content":{"rendered":"<p><\/p>\n<p data-start=\"81\" data-end=\"164\">Einteilige Sch\u00fcrze &#8222;Earth Geometry&#8220; mit Khaki-Tasche &#8211; Handgefertigte Profi-Sch\u00fcrze<\/p>\n<p data-start=\"201\" data-end=\"546\">Die <strong data-start=\"203\" data-end=\"237\">einteilige Sch\u00fcrze &#8222;Earth Geometry&#8220;<\/strong> kombiniert Erdt\u00f6ne mit einem modernen geometrischen Design und schafft so einen professionellen Look, der in jeden Essbereich passt. Die gro\u00dfe khakifarbene Tasche in der Mitte bietet Platz f\u00fcr alle wichtigen Utensilien, w\u00e4hrend die verstellbaren Tr\u00e4ger f\u00fcr Komfort und Passform f\u00fcr jeden K\u00f6rpertyp sorgen.<\/p>\n<p data-start=\"548\" data-end=\"826\">\u2714\ufe0f <strong data-start=\"551\" data-end=\"566\">Handgefertigt<\/strong> aus hochwertigen Materialien<br data-start=\"583\" data-end=\"586\" \/>\u2714\ufe0f <strong data-start=\"589\" data-end=\"614\">Gro\u00dfes zentrales Fach<\/strong> f\u00fcr die praktische Nutzung<br data-start=\"630\" data-end=\"633\" \/>\u2714\ufe0f <strong data-start=\"636\" data-end=\"670\">Minimales geometrisches Design<\/strong> mit erdigen Farben<br data-start=\"687\" data-end=\"690\" \/>\u2714\ufe0f Ideal f\u00fcr <strong data-start=\"705\" data-end=\"765\">Barista, Kellner, Barkeeper, Restaurants und Hotels<\/strong><br data-start=\"765\" data-end=\"768\" \/>\u2714\ufe0f <strong data-start=\"771\" data-end=\"787\" data-is-only-node=\"\">Unisex-Sch\u00fcrze<\/strong> mit robusten N\u00e4hten und stilvollem Look<\/p>\n<p data-start=\"828\" data-end=\"983\">Die <strong data-start=\"840\" data-end=\"861\">2 Handmade Aprons<\/strong> Sch\u00fcrze ist die perfekte Balance zwischen Funktionalit\u00e4t und Stil und wertet jeden professionellen Bereich auf.<\/p>\n<p><\/p>","protected":false},"excerpt":{"rendered":"<p data-start=\"201\" data-end=\"546\">Der <strong data-start=\"203\" data-end=\"237\">Overall &#8222;Earth Geometry&#8220;<\/strong> kombiniert erdige T\u00f6ne mit einem modernen geometrischen Design und schafft so einen professionellen Look, der in jeden Essbereich passt. Die gro\u00dfe, khakifarbene Tasche in der Mitte bietet Platz f\u00fcr alle wichtigen Utensilien, w\u00e4hrend die verstellbaren Tr\u00e4ger f\u00fcr Komfort und Passform f\u00fcr jeden K\u00f6rpertyp sorgen.<\/p>\n<p data-start=\"548\" data-end=\"826\">\n<p data-start=\"828\" data-end=\"983\">Die Sch\u00fcrze <strong data-start=\"840\" data-end=\"861\">2 Handmade Aprons<\/strong> ist die perfekte Balance zwischen Funktionalit\u00e4t und Stil und wertet jeden professionellen Raum auf.<\/p>\n","protected":false},"featured_media":14258,"comment_status":"closed","ping_status":"closed","template":"","meta":[],"product_cat":[57,11,12,42,73,7,13,24],"product_tag":[],"class_list":{"0":"post-14157","1":"product","2":"type-product","3":"status-publish","4":"has-post-thumbnail","6":"product_cat-2024-2025","7":"product_cat-barista","8":"product_cat-bartender","9":"product_cat-coffee-lovers","10":"product_cat-stock-aprons-one-of-a-kind","11":"product_cat-hospitality","12":"product_cat-service","13":"product_cat-aprons","15":"first","16":"instock","17":"sale","18":"taxable","19":"shipping-taxable","20":"purchasable","21":"product-type-simple"},"_links":{"self":[{"href":"https:\/\/www.2ha.gr\/de\/wp-json\/wp\/v2\/product\/14157","targetHints":{"allow":["GET"]}}],"collection":[{"href":"https:\/\/www.2ha.gr\/de\/wp-json\/wp\/v2\/product"}],"about":[{"href":"https:\/\/www.2ha.gr\/de\/wp-json\/wp\/v2\/types\/product"}],"replies":[{"embeddable":true,"href":"https:\/\/www.2ha.gr\/de\/wp-json\/wp\/v2\/comments?post=14157"}],"wp:featuredmedia":[{"embeddable":true,"href":"https:\/\/www.2ha.gr\/de\/wp-json\/wp\/v2\/media\/14258"}],"wp:attachment":[{"href":"https:\/\/www.2ha.gr\/de\/wp-json\/wp\/v2\/media?parent=14157"}],"wp:term":[{"taxonomy":"product_cat","embeddable":true,"href":"https:\/\/www.2ha.gr\/de\/wp-json\/wp\/v2\/product_cat?post=14157"},{"taxonomy":"product_tag","embeddable":true,"href":"https:\/\/www.2ha.gr\/de\/wp-json\/wp\/v2\/product_tag?post=14157"}],"curies":[{"name":"wp","href":"https:\/\/api.w.org\/{rel}","templated":true}]}}